{"id":1057,"date":"2016-07-16T03:26:23","date_gmt":"2016-07-16T03:26:23","guid":{"rendered":"http:\/\/sunblue.pt\/home\/?page_id=1057"},"modified":"2022-11-15T18:51:32","modified_gmt":"2022-11-15T18:51:32","slug":"o-que-e-o-sunblue","status":"publish","type":"page","link":"https:\/\/www.sunblue.pt\/home\/o-que-e-o-sunblue\/","title":{"rendered":"O que \u00e9 o Sunblue?"},"content":{"rendered":"<div class=\"wpb-content-wrapper\"><p>[vc_row el_class=&#8221;mg-top-100 sm-mg-top-80 mg-bottom-90 sm-mg-bottom-80&#8243;][vc_column width=&#8221;1\/3&#8243; el_class=&#8221;xs-mg-bottom-60&#8243;][g5plus_feature_box image=&#8221;690&#8243; title=&#8221;SUNBLUE em Ambientes Comerciais&#8221; description=&#8221;Produto que se destaca por estabelecer um ambiente comercial mais din\u00e1mico e produtivo, fica com mais tempo para o teu neg\u00f3cio ou empresa&#8221; link=&#8221;url:%23|||&#8221;][vc_empty_space][g5plus_button title=&#8221;Saber mais \u00bb&#8221; color=&#8221;dark&#8221; align=&#8221;center&#8221; button_block=&#8221;true&#8221; el_class=&#8221;download-botao&#8221; link=&#8221;url:http%3A%2F%2Fwww.sunblue.pt%2Fhome%2Fambiente-comercial%2F|||&#8221;][\/vc_column][vc_column width=&#8221;1\/3&#8243; el_class=&#8221;xs-mg-bottom-60&#8243;][g5plus_feature_box image=&#8221;691&#8243; title=&#8221;SUNBLUE em Ambientes Dom\u00e9sticos&#8221; description=&#8221;No nosso dia a dia, por vezes encontramos certas dificuldades, nas nossas casas, e andamos a procura de um produto para cada situa\u00e7\u00e3o. Esque\u00e7a isso\u2026.&#8221; link=&#8221;url:%23|||&#8221;][vc_empty_space][g5plus_button title=&#8221;Saber mais \u00bb&#8221; color=&#8221;dark&#8221; align=&#8221;center&#8221; button_block=&#8221;true&#8221; el_class=&#8221;download-botao&#8221; link=&#8221;url:http%3A%2F%2Fwww.sunblue.pt%2Fhome%2Fambiente-domestico%2F|||&#8221;][\/vc_column][vc_column width=&#8221;1\/3&#8243;][g5plus_feature_box image=&#8221;692&#8243; title=&#8221;SUNBLUE em Ambientes Industriais&#8221; description=&#8221;Produto de excelente qualidade custo beneficio para a Industria&#8230;.&#8221;][vc_empty_space][g5plus_button title=&#8221;Saber mais \u00bb&#8221; color=&#8221;dark&#8221; align=&#8221;center&#8221; button_block=&#8221;true&#8221; el_class=&#8221;download-botao&#8221; link=&#8221;url:http%3A%2F%2Fwww.sunblue.pt%2Fhome%2Fambientes-industriais%2F|||&#8221;][\/vc_column][\/vc_row][vc_row full_width=&#8221;stretch_row&#8221; equal_height=&#8221;yes&#8221; css=&#8221;.vc_custom_1468631223810{background-image: url(https:\/\/sunblue.pt\/home\/wp-content\/uploads\/2016\/07\/background-09.jpg?id=686) !important;background-position: 0 0 !important;background-repeat: repeat !important;}&#8221; el_class=&#8221;mg-bottom-100 sm-mg-bottom-80&#8243;][vc_column width=&#8221;1\/2&#8243; css=&#8221;.vc_custom_1468566477835{background-image: url(https:\/\/sunblue.pt\/home\/wp-content\/uploads\/2016\/07\/single-image-15.jpg?id=687) !important;background-position: center !important;background-repeat: no-repeat !important;background-size: cover !important;}&#8221; el_class=&#8221;img-left width-44&#8243;][vc_empty_space height=&#8221;200px&#8221; el_class=&#8221;mg-top-100 mg-bottom-100&#8243;][\/vc_column][vc_column width=&#8221;1\/2&#8243; el_class=&#8221;pd-top-100 sm-pd-top-80 pd-bottom-100 sm-pd-bottom-80&#8243; offset=&#8221;vc_col-sm-offset-6&#8243;][g5plus_heading title=&#8221;O SUNBLUE fica pronto para dar uma exelente limpeza&#8221; sub_title=&#8221;e manter os nossos equipamentos em exlentes condi\u00e7\u00f5es de utiliza\u00e7\u00e3o&#8221;][vc_column_text el_class=&#8221;mg-bottom-30&#8243;]<strong>SUNBLUE<\/strong>\u00a0\u00e9 um produto que n\u00e3o sendo t\u00f3xico nem com cheiros agressivos, vem substituir alguns produtos do mercado, dando a facilidade do usu\u00e1rio o empregar na maior parte das superf\u00edcies previamente testadas, sem danificar as mesmas.<br \/>\nBiodegrad\u00e1vel e ecologicamente inofensivo, aconselh\u00e1vel para pessoas com problemas de irritabilidade da pele, nas dosagens recomendadas de uso, n\u00e3o causando efeitos secund\u00e1rios, ate o podemos nomear como um dos melhores \u201c<strong><em>all clean<\/em><\/strong>\u201d do mercado.[\/vc_column_text][vc_column_text el_class=&#8221;mg-bottom-30&#8243;]Apresenta-se em embalagens pl\u00e1sticas de\u00a0<strong>1 litro concentrado<\/strong>\u00a0=\u00a0<strong>a 20 litros dilu\u00eddos em \u00e1gua<\/strong>, sendo assim pr\u00e1tico para o manuseamento, transporte, armazenamento,\u00a0<strong>evitando desperd\u00edcio de material<\/strong>, visto que a maioria dos produtos v\u00eam em embalagens de maior quantidade.<br \/>\nUma das caracter\u00edsticas adicionais do\u00a0<strong>SUNBLUE<\/strong>, s\u00e3o as propriedades de remo\u00e7\u00e3o de \u00f3leos, gorduras e v\u00e1rios tipos de sujidades, ao mesmo tempo desinfectando as superf\u00edcies em que o produto \u00e9 aplicado, podendo ser usado na \u00e1rea alimentar, como um produto\u00a0<strong>tudo em 1<\/strong>\u00a0para uma maior efic\u00e1cia , e alem do mais poupa tempo para a sua empresa.[\/vc_column_text][\/vc_column][\/vc_row][vc_row full_width=&#8221;stretch_row&#8221; css=&#8221;.vc_custom_1563921762685{margin-top: -60px !important;background-color: #0000f9 !important;}&#8221;][vc_column css=&#8221;.vc_custom_1563920690682{padding-top: 40px !important;padding-bottom: 40px !important;}&#8221;][vc_column_text]<\/p>\n<h2 style=\"text-align: center; color: #fff;\">Como utilizar o SUNBLUE?<\/h2>\n<p>[\/vc_column_text][vc_empty_space][g5plus_button title=&#8221;Download do Manual de Utilizador&#8221; color=&#8221;dark&#8221; align=&#8221;center&#8221; icon_font=&#8221;fa fa-file-pdf-o&#8221; add_icon=&#8221;true&#8221; el_class=&#8221;download-botao&#8221; link=&#8221;url:http%3A%2F%2Fwww.sunblue.pt%2Fhome%2Fwp-content%2Fuploads%2F2019%2F11%2Fmanual-de-utilizador-sunblue.pdf||target:%20_blank|&#8221;][\/vc_column][\/vc_row]<\/p>\n<\/div>","protected":false},"excerpt":{"rendered":"<p>[vc_row el_class=&#8221;mg-top-100 sm-mg-top-80 mg-bottom-90 sm-mg-bottom-80&#8243;][vc_column width=&#8221;1\/3&#8243; el_class=&#8221;xs-mg-bottom-60&#8243;][g5plus_feature_box image=&#8221;690&#8243; title=&#8221;SUNBLUE em Ambientes Comerciais&#8221; description=&#8221;Produto que se destaca por estabelecer um ambiente comercial mais din\u00e1mico e produtivo, fica com mais tempo para o teu neg\u00f3cio ou empresa&#8221; link=&#8221;url:%23|||&#8221;][vc_empty_space][g5plus_button title=&#8221;Saber mais \u00bb&#8221; color=&#8221;dark&#8221; align=&#8221;center&#8221; button_block=&#8221;true&#8221; el_class=&#8221;download-botao&#8221; link=&#8221;url:http%3A%2F%2Fwww.sunblue.pt%2Fhome%2Fambiente-comercial%2F|||&#8221;][\/vc_column][vc_column width=&#8221;1\/3&#8243; el_class=&#8221;xs-mg-bottom-60&#8243;][g5plus_feature_box image=&#8221;691&#8243; title=&#8221;SUNBLUE em Ambientes Dom\u00e9sticos&#8221; description=&#8221;No nosso dia a [&hellip;]<\/p>\n","protected":false},"author":1,"featured_media":0,"parent":0,"menu_order":0,"comment_status":"closed","ping_status":"closed","template":"","meta":{"footnotes":""},"class_list":["post-1057","page","type-page","status-publish","hentry"],"yoast_head":"<!-- This site is optimized with the Yoast SEO plugin v23.1 - https:\/\/yoast.com\/wordpress\/plugins\/seo\/ -->\n<title>O que \u00e9 o Sunblue? - Sunblue | Solvente Restaurador Multi-superf\u00edcies<\/title>\n<meta name=\"description\" content=\"SUNBLUE \u00ae \u00e9 um produto n\u00e3o sendo t\u00f3xico e sem cheiros agressivos que chegou para inovar os o conceito de limpeza, dando a facilidade do usu\u00e1rio o empregar na maior parte das superf\u00edcies previamente testadas, sem danificar as mesmas.\" \/>\n<meta name=\"robots\" content=\"index, follow, max-snippet:-1, max-image-preview:large, max-video-preview:-1\" \/>\n<link rel=\"canonical\" href=\"https:\/\/www.sunblue.pt\/home\/o-que-e-o-sunblue\/\" \/>\n<meta property=\"og:locale\" content=\"pt_PT\" \/>\n<meta property=\"og:type\" content=\"article\" \/>\n<meta property=\"og:title\" content=\"O que \u00e9 o Sunblue? - Sunblue | Solvente Restaurador Multi-superf\u00edcies\" \/>\n<meta property=\"og:description\" content=\"SUNBLUE \u00ae \u00e9 um produto n\u00e3o sendo t\u00f3xico e sem cheiros agressivos que chegou para inovar os o conceito de limpeza, dando a facilidade do usu\u00e1rio o empregar na maior parte das superf\u00edcies previamente testadas, sem danificar as mesmas.\" \/>\n<meta property=\"og:url\" content=\"https:\/\/www.sunblue.pt\/home\/o-que-e-o-sunblue\/\" \/>\n<meta property=\"og:site_name\" content=\"Sunblue | Solvente Restaurador Multi-superf\u00edcies\" \/>\n<meta property=\"article:modified_time\" content=\"2022-11-15T18:51:32+00:00\" \/>\n<meta name=\"twitter:card\" content=\"summary_large_image\" \/>\n<meta name=\"twitter:label1\" content=\"Tempo estimado de leitura\" \/>\n\t<meta name=\"twitter:data1\" content=\"3 minutos\" \/>\n<script type=\"application\/ld+json\" class=\"yoast-schema-graph\">{\"@context\":\"https:\/\/schema.org\",\"@graph\":[{\"@type\":\"WebPage\",\"@id\":\"https:\/\/www.sunblue.pt\/home\/o-que-e-o-sunblue\/\",\"url\":\"https:\/\/www.sunblue.pt\/home\/o-que-e-o-sunblue\/\",\"name\":\"O que \u00e9 o Sunblue? - Sunblue | Solvente Restaurador Multi-superf\u00edcies\",\"isPartOf\":{\"@id\":\"https:\/\/www.sunblue.pt\/home\/#website\"},\"datePublished\":\"2016-07-16T03:26:23+00:00\",\"dateModified\":\"2022-11-15T18:51:32+00:00\",\"description\":\"SUNBLUE \u00ae \u00e9 um produto n\u00e3o sendo t\u00f3xico e sem cheiros agressivos que chegou para inovar os o conceito de limpeza, dando a facilidade do usu\u00e1rio o empregar na maior parte das superf\u00edcies previamente testadas, sem danificar as mesmas.\",\"breadcrumb\":{\"@id\":\"https:\/\/www.sunblue.pt\/home\/o-que-e-o-sunblue\/#breadcrumb\"},\"inLanguage\":\"pt-PT\",\"potentialAction\":[{\"@type\":\"ReadAction\",\"target\":[\"https:\/\/www.sunblue.pt\/home\/o-que-e-o-sunblue\/\"]}]},{\"@type\":\"BreadcrumbList\",\"@id\":\"https:\/\/www.sunblue.pt\/home\/o-que-e-o-sunblue\/#breadcrumb\",\"itemListElement\":[{\"@type\":\"ListItem\",\"position\":1,\"name\":\"In\u00edcio\",\"item\":\"https:\/\/www.sunblue.pt\/home\/\"},{\"@type\":\"ListItem\",\"position\":2,\"name\":\"O que \u00e9 o Sunblue?\"}]},{\"@type\":\"WebSite\",\"@id\":\"https:\/\/www.sunblue.pt\/home\/#website\",\"url\":\"https:\/\/www.sunblue.pt\/home\/\",\"name\":\"Sunblue | Solvente Restaurador Multi-superf\u00edcies\",\"description\":\"SUNBLUE, produto de manuten\u00e7\u00e3o e limpeza multi superf\u00edcie para ambientes industriais, comerciais e dom\u00e9sticos. Produto solvente, n\u00e3o corrosivo, n\u00e3o t\u00f3xico, biodegrad\u00e1vel e ecologicamente inofensivo.\",\"potentialAction\":[{\"@type\":\"SearchAction\",\"target\":{\"@type\":\"EntryPoint\",\"urlTemplate\":\"https:\/\/www.sunblue.pt\/home\/?s={search_term_string}\"},\"query-input\":\"required name=search_term_string\"}],\"inLanguage\":\"pt-PT\"}]}<\/script>\n<!-- \/ Yoast SEO plugin. -->","yoast_head_json":{"title":"O que \u00e9 o Sunblue? - Sunblue | Solvente Restaurador Multi-superf\u00edcies","description":"SUNBLUE \u00ae \u00e9 um produto n\u00e3o sendo t\u00f3xico e sem cheiros agressivos que chegou para inovar os o conceito de limpeza, dando a facilidade do usu\u00e1rio o empregar na maior parte das superf\u00edcies previamente testadas, sem danificar as mesmas.","robots":{"index":"index","follow":"follow","max-snippet":"max-snippet:-1","max-image-preview":"max-image-preview:large","max-video-preview":"max-video-preview:-1"},"canonical":"https:\/\/www.sunblue.pt\/home\/o-que-e-o-sunblue\/","og_locale":"pt_PT","og_type":"article","og_title":"O que \u00e9 o Sunblue? - Sunblue | Solvente Restaurador Multi-superf\u00edcies","og_description":"SUNBLUE \u00ae \u00e9 um produto n\u00e3o sendo t\u00f3xico e sem cheiros agressivos que chegou para inovar os o conceito de limpeza, dando a facilidade do usu\u00e1rio o empregar na maior parte das superf\u00edcies previamente testadas, sem danificar as mesmas.","og_url":"https:\/\/www.sunblue.pt\/home\/o-que-e-o-sunblue\/","og_site_name":"Sunblue | Solvente Restaurador Multi-superf\u00edcies","article_modified_time":"2022-11-15T18:51:32+00:00","twitter_card":"summary_large_image","twitter_misc":{"Tempo estimado de leitura":"3 minutos"},"schema":{"@context":"https:\/\/schema.org","@graph":[{"@type":"WebPage","@id":"https:\/\/www.sunblue.pt\/home\/o-que-e-o-sunblue\/","url":"https:\/\/www.sunblue.pt\/home\/o-que-e-o-sunblue\/","name":"O que \u00e9 o Sunblue? - Sunblue | Solvente Restaurador Multi-superf\u00edcies","isPartOf":{"@id":"https:\/\/www.sunblue.pt\/home\/#website"},"datePublished":"2016-07-16T03:26:23+00:00","dateModified":"2022-11-15T18:51:32+00:00","description":"SUNBLUE \u00ae \u00e9 um produto n\u00e3o sendo t\u00f3xico e sem cheiros agressivos que chegou para inovar os o conceito de limpeza, dando a facilidade do usu\u00e1rio o empregar na maior parte das superf\u00edcies previamente testadas, sem danificar as mesmas.","breadcrumb":{"@id":"https:\/\/www.sunblue.pt\/home\/o-que-e-o-sunblue\/#breadcrumb"},"inLanguage":"pt-PT","potentialAction":[{"@type":"ReadAction","target":["https:\/\/www.sunblue.pt\/home\/o-que-e-o-sunblue\/"]}]},{"@type":"BreadcrumbList","@id":"https:\/\/www.sunblue.pt\/home\/o-que-e-o-sunblue\/#breadcrumb","itemListElement":[{"@type":"ListItem","position":1,"name":"In\u00edcio","item":"https:\/\/www.sunblue.pt\/home\/"},{"@type":"ListItem","position":2,"name":"O que \u00e9 o Sunblue?"}]},{"@type":"WebSite","@id":"https:\/\/www.sunblue.pt\/home\/#website","url":"https:\/\/www.sunblue.pt\/home\/","name":"Sunblue | Solvente Restaurador Multi-superf\u00edcies","description":"SUNBLUE, produto de manuten\u00e7\u00e3o e limpeza multi superf\u00edcie para ambientes industriais, comerciais e dom\u00e9sticos. Produto solvente, n\u00e3o corrosivo, n\u00e3o t\u00f3xico, biodegrad\u00e1vel e ecologicamente inofensivo.","potentialAction":[{"@type":"SearchAction","target":{"@type":"EntryPoint","urlTemplate":"https:\/\/www.sunblue.pt\/home\/?s={search_term_string}"},"query-input":"required name=search_term_string"}],"inLanguage":"pt-PT"}]}},"_links":{"self":[{"href":"https:\/\/www.sunblue.pt\/home\/wp-json\/wp\/v2\/pages\/1057"}],"collection":[{"href":"https:\/\/www.sunblue.pt\/home\/wp-json\/wp\/v2\/pages"}],"about":[{"href":"https:\/\/www.sunblue.pt\/home\/wp-json\/wp\/v2\/types\/page"}],"author":[{"embeddable":true,"href":"https:\/\/www.sunblue.pt\/home\/wp-json\/wp\/v2\/users\/1"}],"replies":[{"embeddable":true,"href":"https:\/\/www.sunblue.pt\/home\/wp-json\/wp\/v2\/comments?post=1057"}],"version-history":[{"count":32,"href":"https:\/\/www.sunblue.pt\/home\/wp-json\/wp\/v2\/pages\/1057\/revisions"}],"predecessor-version":[{"id":2707,"href":"https:\/\/www.sunblue.pt\/home\/wp-json\/wp\/v2\/pages\/1057\/revisions\/2707"}],"wp:attachment":[{"href":"https:\/\/www.sunblue.pt\/home\/wp-json\/wp\/v2\/media?parent=1057"}],"curies":[{"name":"wp","href":"https:\/\/api.w.org\/{rel}","templated":true}]}}