{"id":2100,"date":"2019-08-12T12:47:49","date_gmt":"2019-08-12T12:47:49","guid":{"rendered":"https:\/\/www.sunblue.pt\/home\/?page_id=2100"},"modified":"2023-08-05T16:26:55","modified_gmt":"2023-08-05T16:26:55","slug":"ambiente-domestico","status":"publish","type":"page","link":"https:\/\/www.sunblue.pt\/home\/ambiente-domestico\/","title":{"rendered":"Ambiente Dom\u00e9stico"},"content":{"rendered":"<div class=\"wpb-content-wrapper\"><p>[vc_row css=&#8221;.vc_custom_1468576813213{margin-top: 100px !important;}&#8221; el_class=&#8221;mg-bottom-100 sm-mg-bottom-80&#8243;][vc_column el_class=&#8221;sm-mg-bottom-30&#8243; offset=&#8221;vc_col-md-6&#8243;][g5plus_heading title=&#8221;SUNBLUE NOS AMBIENTES DOM\u00c9STICOS&#8221; sub_title=&#8221;A aplica\u00e7\u00e3o pr\u00e1tica nos diversos ambientes dom\u00e9stios&#8221;][vc_column_text css=&#8221;.vc_custom_1565614158225{margin-bottom: 35px !important;}&#8221;]<span class=\"fs-13\" style=\"color: #727272;\">No nosso dia a dia, por vezes encontramos certas dificuldades, nas nossas casas, e andamos a procura de um produto para cada situa\u00e7\u00e3o. Esque\u00e7a isso&#8230;.<br \/>\nCom SUNBLUE, as donas de casa s\u00f3 precisar\u00e3o de ter na m\u00e3o um vaporizador pronto a usar e um pano turco em m\u00e3os , para assim simplificarem o trabalho do dia a dia. Podendo ser usado em casas de banho, nas cozinhas, nos moveis lacados ou n\u00e3o, nas tape\u00e7arias, carpetes, etc.<br \/>\n<\/span>[\/vc_column_text][g5plus_slider_container nav=&#8221;&#8221; dots=&#8221;true&#8221; items_lg=&#8221;2&#8243; items_md=&#8221;2&#8243; items_sm=&#8221;2&#8243;][g5plus_icon_box layout_style=&#8221;text-left&#8221; icon_bg_shape=&#8221;icon-bg-circle&#8221; icon_scheme_color=&#8221;icon-scheme-gray&#8221; title=&#8221;Remove as mais diversas n\u00f3doas&#8221; description=&#8221;O SUNBLUE cont\u00eam uma formula que a vai ajudar a tirar as mais diversas n\u00f3doas como: ovo, chocolate, \u00f3leos, gorduras, baton, etc&#8221; icon_font=&#8221;fa fa-envira&#8221;][g5plus_icon_box layout_style=&#8221;text-left&#8221; icon_bg_shape=&#8221;icon-bg-circle&#8221; icon_scheme_color=&#8221;icon-scheme-gray&#8221; title=&#8221;Diversos tipo de lavagem&#8221; description=&#8221;Tamb\u00e9m usado na lavagem dos passeios, com musgo, evitando o aparecimento do mesmo durante mais tempo. &#8221; icon_font=&#8221;fa fa-tint&#8221;][\/g5plus_slider_container][vc_empty_space height=&#8221;42px&#8221;][g5plus_slider_container nav=&#8221;&#8221; dots=&#8221;true&#8221; items_lg=&#8221;2&#8243; items_md=&#8221;2&#8243; items_sm=&#8221;2&#8243;][g5plus_icon_box layout_style=&#8221;text-left&#8221; icon_bg_shape=&#8221;icon-bg-circle&#8221; icon_scheme_color=&#8221;icon-scheme-gray&#8221; title=&#8221;Deixa um brilho natural, limpo e higienizado.&#8221; description=&#8221;Lavagem dos nossos ve\u00edculos, tanto exterior como interior, salpicadeiros, jantes, tape\u00e7arias, pain\u00e9is e tudo o que possa levar \u00e1gua. &#8221; icon_font=&#8221;fa fa-star&#8221; link=&#8221;|||&#8221;][g5plus_icon_box layout_style=&#8221;text-left&#8221; icon_bg_shape=&#8221;icon-bg-circle&#8221; icon_scheme_color=&#8221;icon-scheme-gray&#8221; title=&#8221;Garantia de satisfa\u00e7\u00e3o&#8221; description=&#8221;A magia existe no seu utilizador o empregar de uma forma sensata e e satisfa\u00e7\u00e3o.&#8221; icon_font=&#8221;flaticon-technology&#8221;][\/g5plus_slider_container][\/vc_column][vc_column offset=&#8221;vc_col-md-6&#8243;][vc_row_inner][vc_column_inner width=&#8221;1\/2&#8243; offset=&#8221;vc_col-xs-6&#8243;][vc_single_image image=&#8221;2227&#8243; img_size=&#8221;full&#8221; alignment=&#8221;center&#8221; css=&#8221;.vc_custom_1565614988418{margin-bottom: 30px !important;}&#8221; el_class=&#8221;all-width-100&#8243;][vc_single_image image=&#8221;2228&#8243; img_size=&#8221;full&#8221; el_class=&#8221;all-width-100&#8243;][\/vc_column_inner][vc_column_inner width=&#8221;1\/2&#8243; offset=&#8221;vc_col-xs-6&#8243;][vc_single_image image=&#8221;2229&#8243; img_size=&#8221;full&#8221; el_class=&#8221;mg-top-75 all-width-100&#8243;][\/vc_column_inner][\/vc_row_inner][\/vc_column][\/vc_row]<\/p>\n<\/div>","protected":false},"excerpt":{"rendered":"<p>[vc_row css=&#8221;.vc_custom_1468576813213{margin-top: 100px !important;}&#8221; el_class=&#8221;mg-bottom-100 sm-mg-bottom-80&#8243;][vc_column el_class=&#8221;sm-mg-bottom-30&#8243; offset=&#8221;vc_col-md-6&#8243;][g5plus_heading title=&#8221;SUNBLUE NOS AMBIENTES DOM\u00c9STICOS&#8221; sub_title=&#8221;A aplica\u00e7\u00e3o pr\u00e1tica nos diversos ambientes dom\u00e9stios&#8221;][vc_column_text css=&#8221;.vc_custom_1565614158225{margin-bottom: 35px !important;}&#8221;]No nosso dia a dia, por vezes encontramos certas dificuldades, nas nossas casas, e andamos a procura de um produto para cada situa\u00e7\u00e3o. Esque\u00e7a isso&#8230;. Com SUNBLUE, as donas de casa s\u00f3 precisar\u00e3o de [&hellip;]<\/p>\n","protected":false},"author":1,"featured_media":0,"parent":0,"menu_order":0,"comment_status":"closed","ping_status":"closed","template":"","meta":{"footnotes":""},"class_list":["post-2100","page","type-page","status-publish","hentry"],"yoast_head":"<!-- This site is optimized with the Yoast SEO plugin v23.1 - https:\/\/yoast.com\/wordpress\/plugins\/seo\/ -->\n<title>Ambiente Dom\u00e9stico - Sunblue | Solvente Restaurador Multi-superf\u00edcies<\/title>\n<meta name=\"robots\" content=\"index, follow, max-snippet:-1, max-image-preview:large, max-video-preview:-1\" \/>\n<link rel=\"canonical\" href=\"https:\/\/www.sunblue.pt\/home\/ambiente-domestico\/\" \/>\n<meta property=\"og:locale\" content=\"pt_PT\" \/>\n<meta property=\"og:type\" content=\"article\" \/>\n<meta property=\"og:title\" content=\"Ambiente Dom\u00e9stico - Sunblue | Solvente Restaurador Multi-superf\u00edcies\" \/>\n<meta property=\"og:description\" content=\"[vc_row css=&#8221;.vc_custom_1468576813213{margin-top: 100px !important;}&#8221; el_class=&#8221;mg-bottom-100 sm-mg-bottom-80&#8243;][vc_column el_class=&#8221;sm-mg-bottom-30&#8243; offset=&#8221;vc_col-md-6&#8243;][g5plus_heading title=&#8221;SUNBLUE NOS AMBIENTES DOM\u00c9STICOS&#8221; sub_title=&#8221;A aplica\u00e7\u00e3o pr\u00e1tica nos diversos ambientes dom\u00e9stios&#8221;][vc_column_text css=&#8221;.vc_custom_1565614158225{margin-bottom: 35px !important;}&#8221;]No nosso dia a dia, por vezes encontramos certas dificuldades, nas nossas casas, e andamos a procura de um produto para cada situa\u00e7\u00e3o. Esque\u00e7a isso&#8230;. Com SUNBLUE, as donas de casa s\u00f3 precisar\u00e3o de [&hellip;]\" \/>\n<meta property=\"og:url\" content=\"https:\/\/www.sunblue.pt\/home\/ambiente-domestico\/\" \/>\n<meta property=\"og:site_name\" content=\"Sunblue | Solvente Restaurador Multi-superf\u00edcies\" \/>\n<meta property=\"article:modified_time\" content=\"2023-08-05T16:26:55+00:00\" \/>\n<meta name=\"twitter:card\" content=\"summary_large_image\" \/>\n<meta name=\"twitter:label1\" content=\"Tempo estimado de leitura\" \/>\n\t<meta name=\"twitter:data1\" content=\"2 minutos\" \/>\n<script type=\"application\/ld+json\" class=\"yoast-schema-graph\">{\"@context\":\"https:\/\/schema.org\",\"@graph\":[{\"@type\":\"WebPage\",\"@id\":\"https:\/\/www.sunblue.pt\/home\/ambiente-domestico\/\",\"url\":\"https:\/\/www.sunblue.pt\/home\/ambiente-domestico\/\",\"name\":\"Ambiente Dom\u00e9stico - Sunblue | Solvente Restaurador Multi-superf\u00edcies\",\"isPartOf\":{\"@id\":\"https:\/\/www.sunblue.pt\/home\/#website\"},\"datePublished\":\"2019-08-12T12:47:49+00:00\",\"dateModified\":\"2023-08-05T16:26:55+00:00\",\"breadcrumb\":{\"@id\":\"https:\/\/www.sunblue.pt\/home\/ambiente-domestico\/#breadcrumb\"},\"inLanguage\":\"pt-PT\",\"potentialAction\":[{\"@type\":\"ReadAction\",\"target\":[\"https:\/\/www.sunblue.pt\/home\/ambiente-domestico\/\"]}]},{\"@type\":\"BreadcrumbList\",\"@id\":\"https:\/\/www.sunblue.pt\/home\/ambiente-domestico\/#breadcrumb\",\"itemListElement\":[{\"@type\":\"ListItem\",\"position\":1,\"name\":\"In\u00edcio\",\"item\":\"https:\/\/www.sunblue.pt\/home\/\"},{\"@type\":\"ListItem\",\"position\":2,\"name\":\"Ambiente Dom\u00e9stico\"}]},{\"@type\":\"WebSite\",\"@id\":\"https:\/\/www.sunblue.pt\/home\/#website\",\"url\":\"https:\/\/www.sunblue.pt\/home\/\",\"name\":\"Sunblue | Solvente Restaurador Multi-superf\u00edcies\",\"description\":\"SUNBLUE, produto de manuten\u00e7\u00e3o e limpeza multi superf\u00edcie para ambientes industriais, comerciais e dom\u00e9sticos. Produto solvente, n\u00e3o corrosivo, n\u00e3o t\u00f3xico, biodegrad\u00e1vel e ecologicamente inofensivo.\",\"potentialAction\":[{\"@type\":\"SearchAction\",\"target\":{\"@type\":\"EntryPoint\",\"urlTemplate\":\"https:\/\/www.sunblue.pt\/home\/?s={search_term_string}\"},\"query-input\":\"required name=search_term_string\"}],\"inLanguage\":\"pt-PT\"}]}<\/script>\n<!-- \/ Yoast SEO plugin. -->","yoast_head_json":{"title":"Ambiente Dom\u00e9stico - Sunblue | Solvente Restaurador Multi-superf\u00edcies","robots":{"index":"index","follow":"follow","max-snippet":"max-snippet:-1","max-image-preview":"max-image-preview:large","max-video-preview":"max-video-preview:-1"},"canonical":"https:\/\/www.sunblue.pt\/home\/ambiente-domestico\/","og_locale":"pt_PT","og_type":"article","og_title":"Ambiente Dom\u00e9stico - Sunblue | Solvente Restaurador Multi-superf\u00edcies","og_description":"[vc_row css=&#8221;.vc_custom_1468576813213{margin-top: 100px !important;}&#8221; el_class=&#8221;mg-bottom-100 sm-mg-bottom-80&#8243;][vc_column el_class=&#8221;sm-mg-bottom-30&#8243; offset=&#8221;vc_col-md-6&#8243;][g5plus_heading title=&#8221;SUNBLUE NOS AMBIENTES DOM\u00c9STICOS&#8221; sub_title=&#8221;A aplica\u00e7\u00e3o pr\u00e1tica nos diversos ambientes dom\u00e9stios&#8221;][vc_column_text css=&#8221;.vc_custom_1565614158225{margin-bottom: 35px !important;}&#8221;]No nosso dia a dia, por vezes encontramos certas dificuldades, nas nossas casas, e andamos a procura de um produto para cada situa\u00e7\u00e3o. Esque\u00e7a isso&#8230;. Com SUNBLUE, as donas de casa s\u00f3 precisar\u00e3o de [&hellip;]","og_url":"https:\/\/www.sunblue.pt\/home\/ambiente-domestico\/","og_site_name":"Sunblue | Solvente Restaurador Multi-superf\u00edcies","article_modified_time":"2023-08-05T16:26:55+00:00","twitter_card":"summary_large_image","twitter_misc":{"Tempo estimado de leitura":"2 minutos"},"schema":{"@context":"https:\/\/schema.org","@graph":[{"@type":"WebPage","@id":"https:\/\/www.sunblue.pt\/home\/ambiente-domestico\/","url":"https:\/\/www.sunblue.pt\/home\/ambiente-domestico\/","name":"Ambiente Dom\u00e9stico - Sunblue | Solvente Restaurador Multi-superf\u00edcies","isPartOf":{"@id":"https:\/\/www.sunblue.pt\/home\/#website"},"datePublished":"2019-08-12T12:47:49+00:00","dateModified":"2023-08-05T16:26:55+00:00","breadcrumb":{"@id":"https:\/\/www.sunblue.pt\/home\/ambiente-domestico\/#breadcrumb"},"inLanguage":"pt-PT","potentialAction":[{"@type":"ReadAction","target":["https:\/\/www.sunblue.pt\/home\/ambiente-domestico\/"]}]},{"@type":"BreadcrumbList","@id":"https:\/\/www.sunblue.pt\/home\/ambiente-domestico\/#breadcrumb","itemListElement":[{"@type":"ListItem","position":1,"name":"In\u00edcio","item":"https:\/\/www.sunblue.pt\/home\/"},{"@type":"ListItem","position":2,"name":"Ambiente Dom\u00e9stico"}]},{"@type":"WebSite","@id":"https:\/\/www.sunblue.pt\/home\/#website","url":"https:\/\/www.sunblue.pt\/home\/","name":"Sunblue | Solvente Restaurador Multi-superf\u00edcies","description":"SUNBLUE, produto de manuten\u00e7\u00e3o e limpeza multi superf\u00edcie para ambientes industriais, comerciais e dom\u00e9sticos. Produto solvente, n\u00e3o corrosivo, n\u00e3o t\u00f3xico, biodegrad\u00e1vel e ecologicamente inofensivo.","potentialAction":[{"@type":"SearchAction","target":{"@type":"EntryPoint","urlTemplate":"https:\/\/www.sunblue.pt\/home\/?s={search_term_string}"},"query-input":"required name=search_term_string"}],"inLanguage":"pt-PT"}]}},"_links":{"self":[{"href":"https:\/\/www.sunblue.pt\/home\/wp-json\/wp\/v2\/pages\/2100"}],"collection":[{"href":"https:\/\/www.sunblue.pt\/home\/wp-json\/wp\/v2\/pages"}],"about":[{"href":"https:\/\/www.sunblue.pt\/home\/wp-json\/wp\/v2\/types\/page"}],"author":[{"embeddable":true,"href":"https:\/\/www.sunblue.pt\/home\/wp-json\/wp\/v2\/users\/1"}],"replies":[{"embeddable":true,"href":"https:\/\/www.sunblue.pt\/home\/wp-json\/wp\/v2\/comments?post=2100"}],"version-history":[{"count":9,"href":"https:\/\/www.sunblue.pt\/home\/wp-json\/wp\/v2\/pages\/2100\/revisions"}],"predecessor-version":[{"id":2643,"href":"https:\/\/www.sunblue.pt\/home\/wp-json\/wp\/v2\/pages\/2100\/revisions\/2643"}],"wp:attachment":[{"href":"https:\/\/www.sunblue.pt\/home\/wp-json\/wp\/v2\/media?parent=2100"}],"curies":[{"name":"wp","href":"https:\/\/api.w.org\/{rel}","templated":true}]}}