{"id":2155,"date":"2019-08-12T12:28:28","date_gmt":"2019-08-12T12:28:28","guid":{"rendered":"https:\/\/www.sunblue.pt\/home\/?page_id=2155"},"modified":"2020-05-03T12:22:36","modified_gmt":"2020-05-03T12:22:36","slug":"ambientes-industriais","status":"publish","type":"page","link":"https:\/\/www.sunblue.pt\/home\/ambientes-industriais\/","title":{"rendered":"Ambientes Industriais"},"content":{"rendered":"<div class=\"wpb-content-wrapper\"><p>[vc_row el_class=&#8221;mg-top-100 mg-bottom-55 sm-mg-top-80 sm-mg-bottom-40&#8243;][vc_column 0=&#8221;&#8221;][g5plus_heading align=&#8221;center&#8221; title=&#8221;SUNBLUE NOS AMBIENTES INDUSTRIAIS&#8221; sub_title=&#8221;A aplica\u00e7\u00e3o do SUNBLUE em casos reais na ind\u00fastria&#8221;][\/vc_column][vc_column offset=&#8221;vc_col-md-6&#8243;][vc_single_image image=&#8221;2043&#8243; img_size=&#8221;557\u00d7521&#8243; alignment=&#8221;center&#8221;][\/vc_column][vc_column offset=&#8221;vc_col-md-6&#8243;][vc_column_text el_class=&#8221;mg-bottom-40&#8243;]<\/p>\n<p class=\"fs-14 line-24\">Al\u00e9m da qualidade que vincamos e referenciamos, do nosso produto, tambem preocupados pela seguran\u00e7a a nivel industrial, o SUNBLUE, respeita as diferentes normas para poder ser usado como manuten\u00e7\u00e3o de equipamentos mec\u00e1nicos como um exelente desengordurante, exemplo limpar pe\u00e7as met\u00e1licas pue precisarem depois serem pintadas.<\/p>\n<p>[\/vc_column_text][vc_row_inner equal_height=&#8221;yes&#8221;][vc_column_inner el_class=&#8221;mg-bottom-35 col-mb-12&#8243; width=&#8221;1\/2&#8243; offset=&#8221;vc_col-xs-6&#8243;][g5plus_icon_box layout_style=&#8221;text-left&#8221; icon_bg_shape=&#8221;icon-bg-circle&#8221; icon_scheme_color=&#8221;icon-scheme-gray&#8221; title=&#8221;Excelente desengordurante&#8221; description=&#8221;Poder ser usado como manuten\u00e7\u00e3o de equipamentos mec\u00e2nicos como um excelente desengordurante, exemplo limpar pe\u00e7as met\u00e1licas que precisarem depois serem pintadas.&#8221; icon_font=&#8221;fa fa-check&#8221;][\/vc_column_inner][vc_column_inner el_class=&#8221;mg-bottom-35 col-mb-12&#8243; width=&#8221;1\/2&#8243; offset=&#8221;vc_col-xs-6&#8243;][g5plus_icon_box layout_style=&#8221;text-left&#8221; icon_bg_shape=&#8221;icon-bg-circle&#8221; icon_scheme_color=&#8221;icon-scheme-gray&#8221; title=&#8221;Remover sujidades com efic\u00e1cia&#8221; description=&#8221;Na manuten\u00e7\u00e3o de m\u00e1quinas industriais, assim como paredes, ch\u00e3o e superf\u00edcies de armazenamento em geral, consegue remover as mais variadas sujidades com efic\u00e1cia e sem esfor\u00e7o.&#8221; icon_font=&#8221;fa fa-check&#8221;][\/vc_column_inner][vc_column_inner el_class=&#8221;mg-bottom-35 col-mb-12&#8243; width=&#8221;1\/2&#8243; offset=&#8221;vc_col-xs-6&#8243;][g5plus_icon_box layout_style=&#8221;text-left&#8221; icon_bg_shape=&#8221;icon-bg-circle&#8221; icon_scheme_color=&#8221;icon-scheme-gray&#8221; title=&#8221;Evita o aparecimentos de fungos&#8221; description=&#8221;Evita o aparecimentos de fungos, se feita uma manuten\u00e7\u00e3o peri\u00f3dica, n\u00e3o danificando os equipamentos ou materiais.<br \/>\n&#8221; icon_font=&#8221;fa fa-check&#8221;][\/vc_column_inner][vc_column_inner el_class=&#8221;col-mb-12&#8243; width=&#8221;1\/2&#8243; offset=&#8221;vc_col-xs-6&#8243;][g5plus_icon_box layout_style=&#8221;text-left&#8221; icon_bg_shape=&#8221;icon-bg-circle&#8221; icon_scheme_color=&#8221;icon-scheme-gray&#8221; title=&#8221;Removedor de ceras&#8221; description=&#8221;Usado tamb\u00e9m para remover ceras em algumas madeiras de tipo Franc\u00eas, dependendo das necessidades de cada industrial.&#8221; icon_font=&#8221;fa fa-check&#8221;][\/vc_column_inner][\/vc_row_inner][\/vc_column][\/vc_row][vc_row full_width=&#8221;stretch_row&#8221; equal_height=&#8221;yes&#8221; content_placement=&#8221;middle&#8221; css=&#8221;.vc_custom_1468638786075{background-image: url(https:\/\/sunblue.pt\/home\/wp-content\/uploads\/2016\/07\/background-10.jpg?id=769) !important;background-position: center !important;background-repeat: no-repeat !important;background-size: cover !important;}&#8221;][vc_column width=&#8221;7\/12&#8243; el_class=&#8221;pd-top-100 pd-bottom-100 sm-pd-top-80 sm-pd-bottom-80&#8243;][g5plus_heading color_scheme=&#8221;dark&#8221; title=&#8221;Exemplos de aplica\u00e7\u00e3o &#8221; sub_title=&#8221;Em v\u00e1rias atividades industriais&#8221;][vc_column_text el_class=&#8221;mg-bottom-60&#8243;]<span style=\"font-weight: 400;\">Tambem na manuten\u00e7\u00e3o de m\u00e1quinas industriais, assim como paredes, ch\u00e3os e superficies de armazenamento em geral, consegue remover as mais variadas sujidades com eficacia e sem esfor\u00e7o.<\/span><\/p>\n<p>&nbsp;<\/p>\n<p><span style=\"font-weight: 400;\">Na Restaura\u00e7\u00e3o, usado nas cozinhas,(<\/span><i><span style=\"font-weight: 400;\">a\u00e7\u00e3o desengordurante<\/span><\/i><span style=\"font-weight: 400;\">), nos inox, nos frigorificos, evitando o aparecimentos de fungos nas borrachas, se feita uma manuten\u00e7\u00e3o peri\u00f3dica, n\u00e3o danificando nem resequindo as mesmas.<\/span>[\/vc_column_text][\/vc_column][vc_column width=&#8221;5\/12&#8243; css=&#8221;.vc_custom_1565613376516{background-image: url(https:\/\/www.sunblue.pt\/home\/wp-content\/uploads\/2018\/03\/slider3-sunblue-produto-de-limpeza-manutencao-comercial-industrial-domestico.jpg?id=2087) !important;background-position: center !important;background-repeat: no-repeat !important;background-size: cover !important;}&#8221; el_class=&#8221;img-right width-43&#8243;][g5plus_video link=&#8221;https:\/\/www.youtube.com\/watch?v=wLxvwsbcwd4&#8243; el_class=&#8221;xs-mg-top-100 xs-mg-bottom-100 xs-pd-top-50 xs-pd-bottom-50&#8243;][\/vc_column][\/vc_row][vc_row full_width=&#8221;stretch_row&#8221; css=&#8221;.vc_custom_1574440493417{margin-top: 30px !important;margin-bottom: 60px !important;}&#8221;][vc_column width=&#8221;1\/2&#8243;][vc_empty_space height=&#8221;90px&#8221;][vc_single_image image=&#8221;2016&#8243; img_size=&#8221;full&#8221; alignment=&#8221;center&#8221;][\/vc_column][vc_column width=&#8221;1\/2&#8243; el_class=&#8221;mg-top-100 sm-mg-top-50 sm-mg-bottom-80&#8243;][g5plus_heading title=&#8221;Poder SUNBLUE na ind\u00fastria&#8221;][vc_column_text css=&#8221;.vc_custom_1588508551532{margin-bottom: 25px !important;}&#8221;]<span style=\"color: #727272;\">Nos Hot\u00e9is, para as casas de banho, mobili\u00e1rio em geral e equipamentos v\u00e1rios.<\/span><\/p>\n<p><span style=\"color: #727272;\">Na industria do Mobili\u00e1rio, temos a mais vasta experi\u00eancia, tanto na aplica\u00e7\u00e3o durante o fabrico, assim como a utiliza\u00e7\u00e3o nos acabamentos para embalagem e entrega dos mesmos ao retalhista ou revendedor final.<br \/>\nUsado tamb\u00e9m para remover ceras em algumas madeiras de tipo Frances, dependendo das necessidades de cada industrial.<\/span>[\/vc_column_text][\/vc_column][\/vc_row]<\/p>\n<\/div>","protected":false},"excerpt":{"rendered":"<p>[vc_row el_class=&#8221;mg-top-100 mg-bottom-55 sm-mg-top-80 sm-mg-bottom-40&#8243;][vc_column 0=&#8221;&#8221;][g5plus_heading align=&#8221;center&#8221; title=&#8221;SUNBLUE NOS AMBIENTES INDUSTRIAIS&#8221; sub_title=&#8221;A aplica\u00e7\u00e3o do SUNBLUE em casos reais na ind\u00fastria&#8221;][\/vc_column][vc_column offset=&#8221;vc_col-md-6&#8243;][vc_single_image image=&#8221;2043&#8243; img_size=&#8221;557\u00d7521&#8243; alignment=&#8221;center&#8221;][\/vc_column][vc_column offset=&#8221;vc_col-md-6&#8243;][vc_column_text el_class=&#8221;mg-bottom-40&#8243;] Al\u00e9m da qualidade que vincamos e referenciamos, do nosso produto, tambem preocupados pela seguran\u00e7a a nivel industrial, o SUNBLUE, respeita as diferentes normas para poder ser usado como manuten\u00e7\u00e3o [&hellip;]<\/p>\n","protected":false},"author":1,"featured_media":0,"parent":0,"menu_order":0,"comment_status":"closed","ping_status":"closed","template":"","meta":{"footnotes":""},"class_list":["post-2155","page","type-page","status-publish","hentry"],"yoast_head":"<!-- This site is optimized with the Yoast SEO plugin v23.1 - https:\/\/yoast.com\/wordpress\/plugins\/seo\/ -->\n<title>Ambientes Industriais - Sunblue | Solvente Restaurador Multi-superf\u00edcies<\/title>\n<meta name=\"robots\" content=\"index, follow, max-snippet:-1, max-image-preview:large, max-video-preview:-1\" \/>\n<link rel=\"canonical\" href=\"https:\/\/www.sunblue.pt\/home\/ambientes-industriais\/\" \/>\n<meta property=\"og:locale\" content=\"pt_PT\" \/>\n<meta property=\"og:type\" content=\"article\" \/>\n<meta property=\"og:title\" content=\"Ambientes Industriais - Sunblue | Solvente Restaurador Multi-superf\u00edcies\" \/>\n<meta property=\"og:description\" content=\"[vc_row el_class=&#8221;mg-top-100 mg-bottom-55 sm-mg-top-80 sm-mg-bottom-40&#8243;][vc_column 0=&#8221;&#8221;][g5plus_heading align=&#8221;center&#8221; title=&#8221;SUNBLUE NOS AMBIENTES INDUSTRIAIS&#8221; sub_title=&#8221;A aplica\u00e7\u00e3o do SUNBLUE em casos reais na ind\u00fastria&#8221;][\/vc_column][vc_column offset=&#8221;vc_col-md-6&#8243;][vc_single_image image=&#8221;2043&#8243; img_size=&#8221;557\u00d7521&#8243; alignment=&#8221;center&#8221;][\/vc_column][vc_column offset=&#8221;vc_col-md-6&#8243;][vc_column_text el_class=&#8221;mg-bottom-40&#8243;] Al\u00e9m da qualidade que vincamos e referenciamos, do nosso produto, tambem preocupados pela seguran\u00e7a a nivel industrial, o SUNBLUE, respeita as diferentes normas para poder ser usado como manuten\u00e7\u00e3o [&hellip;]\" \/>\n<meta property=\"og:url\" content=\"https:\/\/www.sunblue.pt\/home\/ambientes-industriais\/\" \/>\n<meta property=\"og:site_name\" content=\"Sunblue | Solvente Restaurador Multi-superf\u00edcies\" \/>\n<meta property=\"article:modified_time\" content=\"2020-05-03T12:22:36+00:00\" \/>\n<meta name=\"twitter:card\" content=\"summary_large_image\" \/>\n<meta name=\"twitter:label1\" content=\"Tempo estimado de leitura\" \/>\n\t<meta name=\"twitter:data1\" content=\"4 minutos\" \/>\n<script type=\"application\/ld+json\" class=\"yoast-schema-graph\">{\"@context\":\"https:\/\/schema.org\",\"@graph\":[{\"@type\":\"WebPage\",\"@id\":\"https:\/\/www.sunblue.pt\/home\/ambientes-industriais\/\",\"url\":\"https:\/\/www.sunblue.pt\/home\/ambientes-industriais\/\",\"name\":\"Ambientes Industriais - Sunblue | Solvente Restaurador Multi-superf\u00edcies\",\"isPartOf\":{\"@id\":\"https:\/\/www.sunblue.pt\/home\/#website\"},\"datePublished\":\"2019-08-12T12:28:28+00:00\",\"dateModified\":\"2020-05-03T12:22:36+00:00\",\"breadcrumb\":{\"@id\":\"https:\/\/www.sunblue.pt\/home\/ambientes-industriais\/#breadcrumb\"},\"inLanguage\":\"pt-PT\",\"potentialAction\":[{\"@type\":\"ReadAction\",\"target\":[\"https:\/\/www.sunblue.pt\/home\/ambientes-industriais\/\"]}]},{\"@type\":\"BreadcrumbList\",\"@id\":\"https:\/\/www.sunblue.pt\/home\/ambientes-industriais\/#breadcrumb\",\"itemListElement\":[{\"@type\":\"ListItem\",\"position\":1,\"name\":\"In\u00edcio\",\"item\":\"https:\/\/www.sunblue.pt\/home\/\"},{\"@type\":\"ListItem\",\"position\":2,\"name\":\"Ambientes Industriais\"}]},{\"@type\":\"WebSite\",\"@id\":\"https:\/\/www.sunblue.pt\/home\/#website\",\"url\":\"https:\/\/www.sunblue.pt\/home\/\",\"name\":\"Sunblue | Solvente Restaurador Multi-superf\u00edcies\",\"description\":\"SUNBLUE, produto de manuten\u00e7\u00e3o e limpeza multi superf\u00edcie para ambientes industriais, comerciais e dom\u00e9sticos. Produto solvente, n\u00e3o corrosivo, n\u00e3o t\u00f3xico, biodegrad\u00e1vel e ecologicamente inofensivo.\",\"potentialAction\":[{\"@type\":\"SearchAction\",\"target\":{\"@type\":\"EntryPoint\",\"urlTemplate\":\"https:\/\/www.sunblue.pt\/home\/?s={search_term_string}\"},\"query-input\":\"required name=search_term_string\"}],\"inLanguage\":\"pt-PT\"}]}<\/script>\n<!-- \/ Yoast SEO plugin. -->","yoast_head_json":{"title":"Ambientes Industriais - Sunblue | Solvente Restaurador Multi-superf\u00edcies","robots":{"index":"index","follow":"follow","max-snippet":"max-snippet:-1","max-image-preview":"max-image-preview:large","max-video-preview":"max-video-preview:-1"},"canonical":"https:\/\/www.sunblue.pt\/home\/ambientes-industriais\/","og_locale":"pt_PT","og_type":"article","og_title":"Ambientes Industriais - Sunblue | Solvente Restaurador Multi-superf\u00edcies","og_description":"[vc_row el_class=&#8221;mg-top-100 mg-bottom-55 sm-mg-top-80 sm-mg-bottom-40&#8243;][vc_column 0=&#8221;&#8221;][g5plus_heading align=&#8221;center&#8221; title=&#8221;SUNBLUE NOS AMBIENTES INDUSTRIAIS&#8221; sub_title=&#8221;A aplica\u00e7\u00e3o do SUNBLUE em casos reais na ind\u00fastria&#8221;][\/vc_column][vc_column offset=&#8221;vc_col-md-6&#8243;][vc_single_image image=&#8221;2043&#8243; img_size=&#8221;557\u00d7521&#8243; alignment=&#8221;center&#8221;][\/vc_column][vc_column offset=&#8221;vc_col-md-6&#8243;][vc_column_text el_class=&#8221;mg-bottom-40&#8243;] Al\u00e9m da qualidade que vincamos e referenciamos, do nosso produto, tambem preocupados pela seguran\u00e7a a nivel industrial, o SUNBLUE, respeita as diferentes normas para poder ser usado como manuten\u00e7\u00e3o [&hellip;]","og_url":"https:\/\/www.sunblue.pt\/home\/ambientes-industriais\/","og_site_name":"Sunblue | Solvente Restaurador Multi-superf\u00edcies","article_modified_time":"2020-05-03T12:22:36+00:00","twitter_card":"summary_large_image","twitter_misc":{"Tempo estimado de leitura":"4 minutos"},"schema":{"@context":"https:\/\/schema.org","@graph":[{"@type":"WebPage","@id":"https:\/\/www.sunblue.pt\/home\/ambientes-industriais\/","url":"https:\/\/www.sunblue.pt\/home\/ambientes-industriais\/","name":"Ambientes Industriais - Sunblue | Solvente Restaurador Multi-superf\u00edcies","isPartOf":{"@id":"https:\/\/www.sunblue.pt\/home\/#website"},"datePublished":"2019-08-12T12:28:28+00:00","dateModified":"2020-05-03T12:22:36+00:00","breadcrumb":{"@id":"https:\/\/www.sunblue.pt\/home\/ambientes-industriais\/#breadcrumb"},"inLanguage":"pt-PT","potentialAction":[{"@type":"ReadAction","target":["https:\/\/www.sunblue.pt\/home\/ambientes-industriais\/"]}]},{"@type":"BreadcrumbList","@id":"https:\/\/www.sunblue.pt\/home\/ambientes-industriais\/#breadcrumb","itemListElement":[{"@type":"ListItem","position":1,"name":"In\u00edcio","item":"https:\/\/www.sunblue.pt\/home\/"},{"@type":"ListItem","position":2,"name":"Ambientes Industriais"}]},{"@type":"WebSite","@id":"https:\/\/www.sunblue.pt\/home\/#website","url":"https:\/\/www.sunblue.pt\/home\/","name":"Sunblue | Solvente Restaurador Multi-superf\u00edcies","description":"SUNBLUE, produto de manuten\u00e7\u00e3o e limpeza multi superf\u00edcie para ambientes industriais, comerciais e dom\u00e9sticos. Produto solvente, n\u00e3o corrosivo, n\u00e3o t\u00f3xico, biodegrad\u00e1vel e ecologicamente inofensivo.","potentialAction":[{"@type":"SearchAction","target":{"@type":"EntryPoint","urlTemplate":"https:\/\/www.sunblue.pt\/home\/?s={search_term_string}"},"query-input":"required name=search_term_string"}],"inLanguage":"pt-PT"}]}},"_links":{"self":[{"href":"https:\/\/www.sunblue.pt\/home\/wp-json\/wp\/v2\/pages\/2155"}],"collection":[{"href":"https:\/\/www.sunblue.pt\/home\/wp-json\/wp\/v2\/pages"}],"about":[{"href":"https:\/\/www.sunblue.pt\/home\/wp-json\/wp\/v2\/types\/page"}],"author":[{"embeddable":true,"href":"https:\/\/www.sunblue.pt\/home\/wp-json\/wp\/v2\/users\/1"}],"replies":[{"embeddable":true,"href":"https:\/\/www.sunblue.pt\/home\/wp-json\/wp\/v2\/comments?post=2155"}],"version-history":[{"count":18,"href":"https:\/\/www.sunblue.pt\/home\/wp-json\/wp\/v2\/pages\/2155\/revisions"}],"predecessor-version":[{"id":2652,"href":"https:\/\/www.sunblue.pt\/home\/wp-json\/wp\/v2\/pages\/2155\/revisions\/2652"}],"wp:attachment":[{"href":"https:\/\/www.sunblue.pt\/home\/wp-json\/wp\/v2\/media?parent=2155"}],"curies":[{"name":"wp","href":"https:\/\/api.w.org\/{rel}","templated":true}]}}