{"id":2171,"date":"2019-08-12T10:27:24","date_gmt":"2019-08-12T10:27:24","guid":{"rendered":"https:\/\/www.sunblue.pt\/home\/?page_id=2171"},"modified":"2020-01-21T22:13:56","modified_gmt":"2020-01-21T22:13:56","slug":"importancia-ambiental","status":"publish","type":"page","link":"https:\/\/www.sunblue.pt\/home\/importancia-ambiental\/","title":{"rendered":"Import\u00e2ncia Ambiental"},"content":{"rendered":"<div class=\"wpb-content-wrapper\"><p>[vc_row el_class=&#8221;mg-top-100 mg-bottom-70 sm-mg-top-90 sm-mg-bottom-60&#8243;][vc_column width=&#8221;1\/4&#8243;][vc_single_image image=&#8221;2175&#8243; img_size=&#8221;full&#8221;][\/vc_column][vc_column width=&#8221;1\/4&#8243;][vc_single_image image=&#8221;2176&#8243; img_size=&#8221;full&#8221;][\/vc_column][vc_column width=&#8221;1\/4&#8243;][vc_single_image image=&#8221;2178&#8243; img_size=&#8221;full&#8221;][\/vc_column][vc_column width=&#8221;1\/4&#8243;][vc_single_image image=&#8221;2177&#8243; img_size=&#8221;full&#8221;][\/vc_column][\/vc_row][vc_row full_width=&#8221;stretch_row&#8221; equal_height=&#8221;yes&#8221; css=&#8221;.vc_custom_1468640860869{background-image: url(https:\/\/sunblue.pt\/home\/wp-content\/uploads\/2016\/07\/background-09.jpg?id=686) !important;background-position: 0 0 !important;background-repeat: repeat !important;}&#8221;][vc_column width=&#8221;1\/2&#8243; css=&#8221;.vc_custom_1565607701642{background-image: url(https:\/\/www.sunblue.pt\/home\/wp-content\/uploads\/2019\/08\/importancia-ambiental-sunblue-1.jpg?id=2181) !important;background-position: center !important;background-repeat: no-repeat !important;background-size: cover !important;}&#8221; el_class=&#8221;img-left width-44&#8243;][vc_empty_space height=&#8221;200px&#8221; el_class=&#8221;mg-top-100 mg-bottom-100&#8243;][\/vc_column][vc_column width=&#8221;1\/2&#8243; el_class=&#8221;pd-top-100 sm-pd-top-80 pd-bottom-100 sm-pd-bottom-80&#8243; offset=&#8221;vc_col-sm-offset-6&#8243;][g5plus_heading title=&#8221;IMPORT\u00c2NCIA AMBIENTAL&#8221; sub_title=&#8221;Sempre a pensar no futuro do nosso planeta e na seguran\u00e7a das pessoas que utilizam o nosso produto&#8221;][vc_column_text el_class=&#8221;mg-bottom-30&#8243;]Porque a nossa preocupa\u00e7\u00e3o tamb\u00e9m passa pelo ambiente, mantemos um controlo de qualidade, recomendamos na sua utiliza\u00e7\u00e3o as melhores formas de o aplicar, sem que prejudique o mesmo.<br \/>\nProduto n\u00e3o t\u00f3xico e Biodegrad\u00e1vel, respeitando as principais normas ambientais exigidas hoje em dia.[\/vc_column_text][vc_row_inner][vc_column_inner el_class=&#8221;col-mb-12&#8243; width=&#8221;1\/2&#8243; offset=&#8221;vc_col-xs-6&#8243;][g5plus_lists bullet=&#8221;icon&#8221; color=&#8221;blue&#8221; values=&#8221;%5B%7B%22icon_font%22%3A%22fa%20fa-check%22%2C%22label%22%3A%22Preocupa%C3%A7%C3%A3o%20ambiental%22%7D%2C%7B%22icon_font%22%3A%22fa%20fa-check%22%2C%22label%22%3A%22Rigoroso%20controlo%20de%20qualidade%22%7D%2C%7B%22icon_font%22%3A%22fa%20fa-check%22%2C%22label%22%3A%22Produto%20n%C3%A3o%20t%C3%B3xico%22%7D%5D&#8221;][\/vc_column_inner][vc_column_inner width=&#8221;1\/2&#8243;][g5plus_lists bullet=&#8221;icon&#8221; color=&#8221;blue&#8221; values=&#8221;%5B%7B%22icon_font%22%3A%22fa%20fa-check%22%2C%22label%22%3A%22Produto%20biodegrad%C3%A1vel%22%7D%2C%7B%22icon_font%22%3A%22fa%20fa-check%22%2C%22label%22%3A%22Respeita%20todas%20as%20normas%20de%20seguran%C3%A7a%22%7D%5D&#8221;][\/vc_column_inner][\/vc_row_inner][\/vc_column][\/vc_row]<\/p>\n<\/div>","protected":false},"excerpt":{"rendered":"<p>[vc_row el_class=&#8221;mg-top-100 mg-bottom-70 sm-mg-top-90 sm-mg-bottom-60&#8243;][vc_column width=&#8221;1\/4&#8243;][vc_single_image image=&#8221;2175&#8243; img_size=&#8221;full&#8221;][\/vc_column][vc_column width=&#8221;1\/4&#8243;][vc_single_image image=&#8221;2176&#8243; img_size=&#8221;full&#8221;][\/vc_column][vc_column width=&#8221;1\/4&#8243;][vc_single_image image=&#8221;2178&#8243; img_size=&#8221;full&#8221;][\/vc_column][vc_column width=&#8221;1\/4&#8243;][vc_single_image image=&#8221;2177&#8243; img_size=&#8221;full&#8221;][\/vc_column][\/vc_row][vc_row full_width=&#8221;stretch_row&#8221; equal_height=&#8221;yes&#8221; css=&#8221;.vc_custom_1468640860869{background-image: url(https:\/\/sunblue.pt\/home\/wp-content\/uploads\/2016\/07\/background-09.jpg?id=686) !important;background-position: 0 0 !important;background-repeat: repeat !important;}&#8221;][vc_column width=&#8221;1\/2&#8243; css=&#8221;.vc_custom_1565607701642{background-image: url(https:\/\/www.sunblue.pt\/home\/wp-content\/uploads\/2019\/08\/importancia-ambiental-sunblue-1.jpg?id=2181) !important;background-position: center !important;background-repeat: no-repeat !important;background-size: cover !important;}&#8221; el_class=&#8221;img-left width-44&#8243;][vc_empty_space height=&#8221;200px&#8221; el_class=&#8221;mg-top-100 mg-bottom-100&#8243;][\/vc_column][vc_column width=&#8221;1\/2&#8243; el_class=&#8221;pd-top-100 sm-pd-top-80 pd-bottom-100 sm-pd-bottom-80&#8243; offset=&#8221;vc_col-sm-offset-6&#8243;][g5plus_heading title=&#8221;IMPORT\u00c2NCIA AMBIENTAL&#8221; sub_title=&#8221;Sempre a pensar no futuro [&hellip;]<\/p>\n","protected":false},"author":1,"featured_media":0,"parent":0,"menu_order":0,"comment_status":"closed","ping_status":"closed","template":"","meta":{"footnotes":""},"class_list":["post-2171","page","type-page","status-publish","hentry"],"yoast_head":"<!-- This site is optimized with the Yoast SEO plugin v23.1 - https:\/\/yoast.com\/wordpress\/plugins\/seo\/ -->\n<title>Import\u00e2ncia Ambiental - Sunblue | Solvente Restaurador Multi-superf\u00edcies<\/title>\n<meta name=\"robots\" content=\"index, follow, max-snippet:-1, max-image-preview:large, max-video-preview:-1\" \/>\n<link rel=\"canonical\" href=\"https:\/\/www.sunblue.pt\/home\/importancia-ambiental\/\" \/>\n<meta property=\"og:locale\" content=\"pt_PT\" \/>\n<meta property=\"og:type\" content=\"article\" \/>\n<meta property=\"og:title\" content=\"Import\u00e2ncia Ambiental - Sunblue | Solvente Restaurador Multi-superf\u00edcies\" \/>\n<meta property=\"og:description\" content=\"[vc_row el_class=&#8221;mg-top-100 mg-bottom-70 sm-mg-top-90 sm-mg-bottom-60&#8243;][vc_column width=&#8221;1\/4&#8243;][vc_single_image image=&#8221;2175&#8243; img_size=&#8221;full&#8221;][\/vc_column][vc_column width=&#8221;1\/4&#8243;][vc_single_image image=&#8221;2176&#8243; img_size=&#8221;full&#8221;][\/vc_column][vc_column width=&#8221;1\/4&#8243;][vc_single_image image=&#8221;2178&#8243; img_size=&#8221;full&#8221;][\/vc_column][vc_column width=&#8221;1\/4&#8243;][vc_single_image image=&#8221;2177&#8243; img_size=&#8221;full&#8221;][\/vc_column][\/vc_row][vc_row full_width=&#8221;stretch_row&#8221; equal_height=&#8221;yes&#8221; css=&#8221;.vc_custom_1468640860869{background-image: url(https:\/\/sunblue.pt\/home\/wp-content\/uploads\/2016\/07\/background-09.jpg?id=686) !important;background-position: 0 0 !important;background-repeat: repeat !important;}&#8221;][vc_column width=&#8221;1\/2&#8243; css=&#8221;.vc_custom_1565607701642{background-image: url(https:\/\/www.sunblue.pt\/home\/wp-content\/uploads\/2019\/08\/importancia-ambiental-sunblue-1.jpg?id=2181) !important;background-position: center !important;background-repeat: no-repeat !important;background-size: cover !important;}&#8221; el_class=&#8221;img-left width-44&#8243;][vc_empty_space height=&#8221;200px&#8221; el_class=&#8221;mg-top-100 mg-bottom-100&#8243;][\/vc_column][vc_column width=&#8221;1\/2&#8243; el_class=&#8221;pd-top-100 sm-pd-top-80 pd-bottom-100 sm-pd-bottom-80&#8243; offset=&#8221;vc_col-sm-offset-6&#8243;][g5plus_heading title=&#8221;IMPORT\u00c2NCIA AMBIENTAL&#8221; sub_title=&#8221;Sempre a pensar no futuro [&hellip;]\" \/>\n<meta property=\"og:url\" content=\"https:\/\/www.sunblue.pt\/home\/importancia-ambiental\/\" \/>\n<meta property=\"og:site_name\" content=\"Sunblue | Solvente Restaurador Multi-superf\u00edcies\" \/>\n<meta property=\"article:modified_time\" content=\"2020-01-21T22:13:56+00:00\" \/>\n<meta name=\"twitter:card\" content=\"summary_large_image\" \/>\n<meta name=\"twitter:label1\" content=\"Tempo estimado de leitura\" \/>\n\t<meta name=\"twitter:data1\" content=\"2 minutos\" \/>\n<script type=\"application\/ld+json\" class=\"yoast-schema-graph\">{\"@context\":\"https:\/\/schema.org\",\"@graph\":[{\"@type\":\"WebPage\",\"@id\":\"https:\/\/www.sunblue.pt\/home\/importancia-ambiental\/\",\"url\":\"https:\/\/www.sunblue.pt\/home\/importancia-ambiental\/\",\"name\":\"Import\u00e2ncia Ambiental - Sunblue | Solvente Restaurador Multi-superf\u00edcies\",\"isPartOf\":{\"@id\":\"https:\/\/www.sunblue.pt\/home\/#website\"},\"datePublished\":\"2019-08-12T10:27:24+00:00\",\"dateModified\":\"2020-01-21T22:13:56+00:00\",\"breadcrumb\":{\"@id\":\"https:\/\/www.sunblue.pt\/home\/importancia-ambiental\/#breadcrumb\"},\"inLanguage\":\"pt-PT\",\"potentialAction\":[{\"@type\":\"ReadAction\",\"target\":[\"https:\/\/www.sunblue.pt\/home\/importancia-ambiental\/\"]}]},{\"@type\":\"BreadcrumbList\",\"@id\":\"https:\/\/www.sunblue.pt\/home\/importancia-ambiental\/#breadcrumb\",\"itemListElement\":[{\"@type\":\"ListItem\",\"position\":1,\"name\":\"In\u00edcio\",\"item\":\"https:\/\/www.sunblue.pt\/home\/\"},{\"@type\":\"ListItem\",\"position\":2,\"name\":\"Import\u00e2ncia Ambiental\"}]},{\"@type\":\"WebSite\",\"@id\":\"https:\/\/www.sunblue.pt\/home\/#website\",\"url\":\"https:\/\/www.sunblue.pt\/home\/\",\"name\":\"Sunblue | Solvente Restaurador Multi-superf\u00edcies\",\"description\":\"SUNBLUE, produto de manuten\u00e7\u00e3o e limpeza multi superf\u00edcie para ambientes industriais, comerciais e dom\u00e9sticos. Produto solvente, n\u00e3o corrosivo, n\u00e3o t\u00f3xico, biodegrad\u00e1vel e ecologicamente inofensivo.\",\"potentialAction\":[{\"@type\":\"SearchAction\",\"target\":{\"@type\":\"EntryPoint\",\"urlTemplate\":\"https:\/\/www.sunblue.pt\/home\/?s={search_term_string}\"},\"query-input\":\"required name=search_term_string\"}],\"inLanguage\":\"pt-PT\"}]}<\/script>\n<!-- \/ Yoast SEO plugin. -->","yoast_head_json":{"title":"Import\u00e2ncia Ambiental - Sunblue | Solvente Restaurador Multi-superf\u00edcies","robots":{"index":"index","follow":"follow","max-snippet":"max-snippet:-1","max-image-preview":"max-image-preview:large","max-video-preview":"max-video-preview:-1"},"canonical":"https:\/\/www.sunblue.pt\/home\/importancia-ambiental\/","og_locale":"pt_PT","og_type":"article","og_title":"Import\u00e2ncia Ambiental - Sunblue | Solvente Restaurador Multi-superf\u00edcies","og_description":"[vc_row el_class=&#8221;mg-top-100 mg-bottom-70 sm-mg-top-90 sm-mg-bottom-60&#8243;][vc_column width=&#8221;1\/4&#8243;][vc_single_image image=&#8221;2175&#8243; img_size=&#8221;full&#8221;][\/vc_column][vc_column width=&#8221;1\/4&#8243;][vc_single_image image=&#8221;2176&#8243; img_size=&#8221;full&#8221;][\/vc_column][vc_column width=&#8221;1\/4&#8243;][vc_single_image image=&#8221;2178&#8243; img_size=&#8221;full&#8221;][\/vc_column][vc_column width=&#8221;1\/4&#8243;][vc_single_image image=&#8221;2177&#8243; img_size=&#8221;full&#8221;][\/vc_column][\/vc_row][vc_row full_width=&#8221;stretch_row&#8221; equal_height=&#8221;yes&#8221; css=&#8221;.vc_custom_1468640860869{background-image: url(https:\/\/sunblue.pt\/home\/wp-content\/uploads\/2016\/07\/background-09.jpg?id=686) !important;background-position: 0 0 !important;background-repeat: repeat !important;}&#8221;][vc_column width=&#8221;1\/2&#8243; css=&#8221;.vc_custom_1565607701642{background-image: url(https:\/\/www.sunblue.pt\/home\/wp-content\/uploads\/2019\/08\/importancia-ambiental-sunblue-1.jpg?id=2181) !important;background-position: center !important;background-repeat: no-repeat !important;background-size: cover !important;}&#8221; el_class=&#8221;img-left width-44&#8243;][vc_empty_space height=&#8221;200px&#8221; el_class=&#8221;mg-top-100 mg-bottom-100&#8243;][\/vc_column][vc_column width=&#8221;1\/2&#8243; el_class=&#8221;pd-top-100 sm-pd-top-80 pd-bottom-100 sm-pd-bottom-80&#8243; offset=&#8221;vc_col-sm-offset-6&#8243;][g5plus_heading title=&#8221;IMPORT\u00c2NCIA AMBIENTAL&#8221; sub_title=&#8221;Sempre a pensar no futuro [&hellip;]","og_url":"https:\/\/www.sunblue.pt\/home\/importancia-ambiental\/","og_site_name":"Sunblue | Solvente Restaurador Multi-superf\u00edcies","article_modified_time":"2020-01-21T22:13:56+00:00","twitter_card":"summary_large_image","twitter_misc":{"Tempo estimado de leitura":"2 minutos"},"schema":{"@context":"https:\/\/schema.org","@graph":[{"@type":"WebPage","@id":"https:\/\/www.sunblue.pt\/home\/importancia-ambiental\/","url":"https:\/\/www.sunblue.pt\/home\/importancia-ambiental\/","name":"Import\u00e2ncia Ambiental - Sunblue | Solvente Restaurador Multi-superf\u00edcies","isPartOf":{"@id":"https:\/\/www.sunblue.pt\/home\/#website"},"datePublished":"2019-08-12T10:27:24+00:00","dateModified":"2020-01-21T22:13:56+00:00","breadcrumb":{"@id":"https:\/\/www.sunblue.pt\/home\/importancia-ambiental\/#breadcrumb"},"inLanguage":"pt-PT","potentialAction":[{"@type":"ReadAction","target":["https:\/\/www.sunblue.pt\/home\/importancia-ambiental\/"]}]},{"@type":"BreadcrumbList","@id":"https:\/\/www.sunblue.pt\/home\/importancia-ambiental\/#breadcrumb","itemListElement":[{"@type":"ListItem","position":1,"name":"In\u00edcio","item":"https:\/\/www.sunblue.pt\/home\/"},{"@type":"ListItem","position":2,"name":"Import\u00e2ncia Ambiental"}]},{"@type":"WebSite","@id":"https:\/\/www.sunblue.pt\/home\/#website","url":"https:\/\/www.sunblue.pt\/home\/","name":"Sunblue | Solvente Restaurador Multi-superf\u00edcies","description":"SUNBLUE, produto de manuten\u00e7\u00e3o e limpeza multi superf\u00edcie para ambientes industriais, comerciais e dom\u00e9sticos. Produto solvente, n\u00e3o corrosivo, n\u00e3o t\u00f3xico, biodegrad\u00e1vel e ecologicamente inofensivo.","potentialAction":[{"@type":"SearchAction","target":{"@type":"EntryPoint","urlTemplate":"https:\/\/www.sunblue.pt\/home\/?s={search_term_string}"},"query-input":"required name=search_term_string"}],"inLanguage":"pt-PT"}]}},"_links":{"self":[{"href":"https:\/\/www.sunblue.pt\/home\/wp-json\/wp\/v2\/pages\/2171"}],"collection":[{"href":"https:\/\/www.sunblue.pt\/home\/wp-json\/wp\/v2\/pages"}],"about":[{"href":"https:\/\/www.sunblue.pt\/home\/wp-json\/wp\/v2\/types\/page"}],"author":[{"embeddable":true,"href":"https:\/\/www.sunblue.pt\/home\/wp-json\/wp\/v2\/users\/1"}],"replies":[{"embeddable":true,"href":"https:\/\/www.sunblue.pt\/home\/wp-json\/wp\/v2\/comments?post=2171"}],"version-history":[{"count":8,"href":"https:\/\/www.sunblue.pt\/home\/wp-json\/wp\/v2\/pages\/2171\/revisions"}],"predecessor-version":[{"id":2481,"href":"https:\/\/www.sunblue.pt\/home\/wp-json\/wp\/v2\/pages\/2171\/revisions\/2481"}],"wp:attachment":[{"href":"https:\/\/www.sunblue.pt\/home\/wp-json\/wp\/v2\/media?parent=2171"}],"curies":[{"name":"wp","href":"https:\/\/api.w.org\/{rel}","templated":true}]}}