{"id":2185,"date":"2019-08-12T11:25:54","date_gmt":"2019-08-12T11:25:54","guid":{"rendered":"https:\/\/www.sunblue.pt\/home\/?page_id=2185"},"modified":"2020-05-03T10:58:26","modified_gmt":"2020-05-03T10:58:26","slug":"ambiente-comercial","status":"publish","type":"page","link":"https:\/\/www.sunblue.pt\/home\/ambiente-comercial\/","title":{"rendered":"Ambiente Comercial"},"content":{"rendered":"<div class=\"wpb-content-wrapper\"><p>[vc_row full_width=&#8221;stretch_row&#8221; content_placement=&#8221;bottom&#8221; css=&#8221;.vc_custom_1468813280437{background-image: url(https:\/\/sunblue.pt\/home\/wp-content\/uploads\/2016\/07\/background-01.png?id=120) !important;background-position: center !important;background-repeat: no-repeat !important;background-size: contain !important;}&#8221; el_class=&#8221;pd-top-100 sm-pd-top-80&#8243;][vc_column offset=&#8221;vc_col-md-8 vc_col-xs-12&#8243; el_class=&#8221;mg-bottom-75 sm-mg-bottom-45 col-relative&#8221;][g5plus_heading title=&#8221;O SUNBLUE pode ser aplicado nas mais variadas situa\u00e7\u00f5es&#8221; sub_title=&#8221;Alguns exemplos de aplica\u00e7\u00e3o do SUNBLUE em casos reais:&#8221;][vc_row_inner equal_height=&#8221;yes&#8221;][vc_column_inner el_class=&#8221;mg-bottom-35 col-mb-12&#8243; width=&#8221;1\/2&#8243; offset=&#8221;vc_col-xs-6&#8243;][g5plus_icon_box layout_style=&#8221;text-left&#8221; icon_scheme_color=&#8221;icon-scheme-gray&#8221; title=&#8221;Peles&#8221; description=&#8221;Para uma limpeza exelente das suas peles como por exemplo: em sofas, cadeiras, assentos do seu ve\u00edculo etc. Com s\u00f3 vaporizar, passar uma escova macia esfregando levemente e passar um pano seco de seguida, &#8221; icon_type=&#8221;image&#8221; icon_image=&#8221;2195&#8243;][\/vc_column_inner][vc_column_inner el_class=&#8221;mg-bottom-35 col-mb-12&#8243; width=&#8221;1\/2&#8243; offset=&#8221;vc_col-xs-6&#8243;][g5plus_icon_box layout_style=&#8221;text-left&#8221; icon_scheme_color=&#8221;icon-scheme-gray&#8221; title=&#8221;Tape\u00e7aria&#8221; description=&#8221;Os seus tapetes, carpetes e demais artigos ficar\u00e3o como novos e mantendo ao mesmo tempo a originalidade dos mesmos.&#8221; icon_type=&#8221;image&#8221; icon_image=&#8221;2196&#8243;][\/vc_column_inner][vc_column_inner el_class=&#8221;mg-bottom-35 col-mb-12&#8243; width=&#8221;1\/2&#8243; offset=&#8221;vc_col-xs-6&#8243;][g5plus_icon_box layout_style=&#8221;text-left&#8221; icon_scheme_color=&#8221;icon-scheme-gray&#8221; title=&#8221;Vinil&#8221; description=&#8221;Nunca limpar o Vinil foi t\u00e3o f\u00e1cil e rent\u00e1vel com um produto que desengordura e limpa as superf\u00edcies, com uma simples passagem.&#8221; icon_type=&#8221;image&#8221; icon_image=&#8221;2197&#8243;][\/vc_column_inner][vc_column_inner el_class=&#8221;mg-bottom-35 col-mb-12&#8243; width=&#8221;1\/2&#8243; offset=&#8221;vc_col-xs-6&#8243;][g5plus_icon_box layout_style=&#8221;text-left&#8221; icon_scheme_color=&#8221;icon-scheme-gray&#8221; title=&#8221;Metais&#8221; description=&#8221;Para todo os tipos de metais, especialmente o Inox e o Alum\u00ednio, ficam com acabamento de brilho natural.&#8221; icon_type=&#8221;image&#8221; icon_image=&#8221;2203&#8243;][\/vc_column_inner][vc_column_inner el_class=&#8221;mg-bottom-35 col-mb-12&#8243; width=&#8221;1\/2&#8243; offset=&#8221;vc_col-xs-6&#8243;][g5plus_icon_box layout_style=&#8221;text-left&#8221; icon_scheme_color=&#8221;icon-scheme-gray&#8221; title=&#8221;Fibras de Vidro&#8221; description=&#8221;Fibras de vidro e materiais pl\u00e1sticos, s\u00e3o f\u00e1ceis e r\u00e1pidos de fazer uma limpeza e higieniza\u00e7\u00e3o profunda.&#8221; icon_type=&#8221;image&#8221; icon_image=&#8221;2198&#8243;][\/vc_column_inner][vc_column_inner el_class=&#8221;mg-bottom-35 col-mb-12&#8243; width=&#8221;1\/2&#8243; offset=&#8221;vc_col-xs-6&#8243;][g5plus_icon_box layout_style=&#8221;text-left&#8221; icon_scheme_color=&#8221;icon-scheme-gray&#8221; title=&#8221;Todos os tipos de ch\u00e3o&#8221; description=&#8221;Para os ch\u00e3o com uma limpeza di\u00e1ria manter\u00e1 o mesmo limpo, desengordurado e com acabamento natural.&#8221; icon_type=&#8221;image&#8221; icon_image=&#8221;2199&#8243;][\/vc_column_inner][\/vc_row_inner][\/vc_column][vc_column width=&#8221;1\/3&#8243; offset=&#8221;vc_col-md-4 vc_hidden-sm vc_hidden-xs&#8221; el_class=&#8221;img-right width-40&#8243; css=&#8221;.vc_custom_1468813589474{background-position: center !important;background-repeat: no-repeat !important;background-size: cover !important;}&#8221;][vc_single_image image=&#8221;2043&#8243; img_size=&#8221;full&#8221;][\/vc_column][\/vc_row][vc_row full_width=&#8221;stretch_row&#8221; content_placement=&#8221;bottom&#8221; css=&#8221;.vc_custom_1468811680046{background-color: #f6f6f6 !important;}&#8221;][vc_column width=&#8221;1\/2&#8243; css=&#8221;.vc_custom_1565610462640{background-image: url(https:\/\/www.sunblue.pt\/home\/wp-content\/uploads\/2019\/08\/ambiente-comercial-sunblue-2.jpg?id=2192) !important;background-position: center !important;background-repeat: no-repeat !important;background-size: cover !important;}&#8221; el_class=&#8221;img-left width-50&#8243; offset=&#8221;vc_col-xs-12&#8243;][vc_empty_space height=&#8221;687&#8243;][\/vc_column][vc_column width=&#8221;1\/2&#8243; el_class=&#8221;mg-top-100 sm-mg-top-80 mg-bottom-100 sm-mg-bottom-80&#8243; offset=&#8221;vc_col-sm-offset-6 vc_col-xs-12&#8243;][g5plus_heading title=&#8221;Porqu\u00ea o SUNBLUE?&#8221; css=&#8221;.vc_custom_1565609708477{margin-bottom: 34px !important;}&#8221;][vc_column_text css=&#8221;.vc_custom_1565609654942{margin-bottom: 54px !important;}&#8221;]<span class=\"fs-13\" style=\"color: #727272;\">Um produto; um objetivo, que aplicado nas mais variadas situa\u00e7\u00f5es no meio comercial, temos o exemplo da limpeza de vidros de grandes dimens\u00f5es com uma facilidade e com resultados exepcionais. Basta s\u00f3 uma rolha em litro de \u00e1gua e aplicar tanto vaporizado como num valde teremos um alto rendimento, tanto no consumo do produto como no tempo empregado no mesmo.<\/span>[\/vc_column_text][g5plus_heading title=&#8221;AMBIENTE COMERCIAL&#8221; css=&#8221;.vc_custom_1565609639374{margin-bottom: 34px !important;}&#8221; sub_title=&#8221;Comportamento do SUNBLUE em ambientes comerciais&#8221;][vc_column_text css=&#8221;.vc_custom_1588451705082{margin-bottom: 30px !important;}&#8221;]<span class=\"fs-13\" style=\"color: #727272;\">Temos os ch\u00e3os, dos mais variados tipos, usando os equipamentos tradicionais, tanto maquinas como mopas, respeitando as dossagens recomendads de uso, para ver mais uma vez a diferen\u00e7a entre o antes com outros produtos e o depois com SUNBLUE.<\/span><\/p>\n<p><span class=\"fs-13\" style=\"color: #727272;\">Temos os sof\u00e1s, que precisam de um tratamento profissional mais atempado, pois sabemos que milhares de pessoas passam e usam os mesmos mobiliarios. Alem da limpeza, ter\u00e1 a facilidade de remover algumas n\u00f3doas que estejam presentes, renovando e alongando o tempo de vida \u00fatil dos mesmos, sem esquecer que ao mesmo tempo ficar\u00e3o com uma higiene exepcional.<\/span><\/p>\n<p><span class=\"fs-13\" style=\"color: #727272;\">Tapetes, sanit\u00e1rios, elevadores e todo tipo de mobiliario em geral, poder\u00e1 ter a confian\u00e7a de ter um produto que n\u00e3o o deixar\u00e1 ficar mal nas v\u00e1rias situa\u00e7\u00f5es e necessidades.<\/span>[\/vc_column_text][\/vc_column][\/vc_row]<\/p>\n<\/div>","protected":false},"excerpt":{"rendered":"<p>[vc_row full_width=&#8221;stretch_row&#8221; content_placement=&#8221;bottom&#8221; css=&#8221;.vc_custom_1468813280437{background-image: url(https:\/\/sunblue.pt\/home\/wp-content\/uploads\/2016\/07\/background-01.png?id=120) !important;background-position: center !important;background-repeat: no-repeat !important;background-size: contain !important;}&#8221; el_class=&#8221;pd-top-100 sm-pd-top-80&#8243;][vc_column offset=&#8221;vc_col-md-8 vc_col-xs-12&#8243; el_class=&#8221;mg-bottom-75 sm-mg-bottom-45 col-relative&#8221;][g5plus_heading title=&#8221;O SUNBLUE pode ser aplicado nas mais variadas situa\u00e7\u00f5es&#8221; sub_title=&#8221;Alguns exemplos de aplica\u00e7\u00e3o do SUNBLUE em casos reais:&#8221;][vc_row_inner equal_height=&#8221;yes&#8221;][vc_column_inner el_class=&#8221;mg-bottom-35 col-mb-12&#8243; width=&#8221;1\/2&#8243; offset=&#8221;vc_col-xs-6&#8243;][g5plus_icon_box layout_style=&#8221;text-left&#8221; icon_scheme_color=&#8221;icon-scheme-gray&#8221; title=&#8221;Peles&#8221; description=&#8221;Para uma limpeza exelente das suas peles como por exemplo: [&hellip;]<\/p>\n","protected":false},"author":1,"featured_media":0,"parent":0,"menu_order":0,"comment_status":"closed","ping_status":"closed","template":"","meta":{"footnotes":""},"class_list":["post-2185","page","type-page","status-publish","hentry"],"yoast_head":"<!-- This site is optimized with the Yoast SEO plugin v23.1 - https:\/\/yoast.com\/wordpress\/plugins\/seo\/ -->\n<title>Ambiente Comercial - Sunblue | Solvente Restaurador Multi-superf\u00edcies<\/title>\n<meta name=\"robots\" content=\"index, follow, max-snippet:-1, max-image-preview:large, max-video-preview:-1\" \/>\n<link rel=\"canonical\" href=\"https:\/\/www.sunblue.pt\/home\/ambiente-comercial\/\" \/>\n<meta property=\"og:locale\" content=\"pt_PT\" \/>\n<meta property=\"og:type\" content=\"article\" \/>\n<meta property=\"og:title\" content=\"Ambiente Comercial - Sunblue | Solvente Restaurador Multi-superf\u00edcies\" \/>\n<meta property=\"og:description\" content=\"[vc_row full_width=&#8221;stretch_row&#8221; content_placement=&#8221;bottom&#8221; css=&#8221;.vc_custom_1468813280437{background-image: url(https:\/\/sunblue.pt\/home\/wp-content\/uploads\/2016\/07\/background-01.png?id=120) !important;background-position: center !important;background-repeat: no-repeat !important;background-size: contain !important;}&#8221; el_class=&#8221;pd-top-100 sm-pd-top-80&#8243;][vc_column offset=&#8221;vc_col-md-8 vc_col-xs-12&#8243; el_class=&#8221;mg-bottom-75 sm-mg-bottom-45 col-relative&#8221;][g5plus_heading title=&#8221;O SUNBLUE pode ser aplicado nas mais variadas situa\u00e7\u00f5es&#8221; sub_title=&#8221;Alguns exemplos de aplica\u00e7\u00e3o do SUNBLUE em casos reais:&#8221;][vc_row_inner equal_height=&#8221;yes&#8221;][vc_column_inner el_class=&#8221;mg-bottom-35 col-mb-12&#8243; width=&#8221;1\/2&#8243; offset=&#8221;vc_col-xs-6&#8243;][g5plus_icon_box layout_style=&#8221;text-left&#8221; icon_scheme_color=&#8221;icon-scheme-gray&#8221; title=&#8221;Peles&#8221; description=&#8221;Para uma limpeza exelente das suas peles como por exemplo: [&hellip;]\" \/>\n<meta property=\"og:url\" content=\"https:\/\/www.sunblue.pt\/home\/ambiente-comercial\/\" \/>\n<meta property=\"og:site_name\" content=\"Sunblue | Solvente Restaurador Multi-superf\u00edcies\" \/>\n<meta property=\"article:modified_time\" content=\"2020-05-03T10:58:26+00:00\" \/>\n<meta name=\"twitter:card\" content=\"summary_large_image\" \/>\n<meta name=\"twitter:label1\" content=\"Tempo estimado de leitura\" \/>\n\t<meta name=\"twitter:data1\" content=\"4 minutos\" \/>\n<script type=\"application\/ld+json\" class=\"yoast-schema-graph\">{\"@context\":\"https:\/\/schema.org\",\"@graph\":[{\"@type\":\"WebPage\",\"@id\":\"https:\/\/www.sunblue.pt\/home\/ambiente-comercial\/\",\"url\":\"https:\/\/www.sunblue.pt\/home\/ambiente-comercial\/\",\"name\":\"Ambiente Comercial - Sunblue | Solvente Restaurador Multi-superf\u00edcies\",\"isPartOf\":{\"@id\":\"https:\/\/www.sunblue.pt\/home\/#website\"},\"datePublished\":\"2019-08-12T11:25:54+00:00\",\"dateModified\":\"2020-05-03T10:58:26+00:00\",\"breadcrumb\":{\"@id\":\"https:\/\/www.sunblue.pt\/home\/ambiente-comercial\/#breadcrumb\"},\"inLanguage\":\"pt-PT\",\"potentialAction\":[{\"@type\":\"ReadAction\",\"target\":[\"https:\/\/www.sunblue.pt\/home\/ambiente-comercial\/\"]}]},{\"@type\":\"BreadcrumbList\",\"@id\":\"https:\/\/www.sunblue.pt\/home\/ambiente-comercial\/#breadcrumb\",\"itemListElement\":[{\"@type\":\"ListItem\",\"position\":1,\"name\":\"In\u00edcio\",\"item\":\"https:\/\/www.sunblue.pt\/home\/\"},{\"@type\":\"ListItem\",\"position\":2,\"name\":\"Ambiente Comercial\"}]},{\"@type\":\"WebSite\",\"@id\":\"https:\/\/www.sunblue.pt\/home\/#website\",\"url\":\"https:\/\/www.sunblue.pt\/home\/\",\"name\":\"Sunblue | Solvente Restaurador Multi-superf\u00edcies\",\"description\":\"SUNBLUE, produto de manuten\u00e7\u00e3o e limpeza multi superf\u00edcie para ambientes industriais, comerciais e dom\u00e9sticos. Produto solvente, n\u00e3o corrosivo, n\u00e3o t\u00f3xico, biodegrad\u00e1vel e ecologicamente inofensivo.\",\"potentialAction\":[{\"@type\":\"SearchAction\",\"target\":{\"@type\":\"EntryPoint\",\"urlTemplate\":\"https:\/\/www.sunblue.pt\/home\/?s={search_term_string}\"},\"query-input\":\"required name=search_term_string\"}],\"inLanguage\":\"pt-PT\"}]}<\/script>\n<!-- \/ Yoast SEO plugin. -->","yoast_head_json":{"title":"Ambiente Comercial - Sunblue | Solvente Restaurador Multi-superf\u00edcies","robots":{"index":"index","follow":"follow","max-snippet":"max-snippet:-1","max-image-preview":"max-image-preview:large","max-video-preview":"max-video-preview:-1"},"canonical":"https:\/\/www.sunblue.pt\/home\/ambiente-comercial\/","og_locale":"pt_PT","og_type":"article","og_title":"Ambiente Comercial - Sunblue | Solvente Restaurador Multi-superf\u00edcies","og_description":"[vc_row full_width=&#8221;stretch_row&#8221; content_placement=&#8221;bottom&#8221; css=&#8221;.vc_custom_1468813280437{background-image: url(https:\/\/sunblue.pt\/home\/wp-content\/uploads\/2016\/07\/background-01.png?id=120) !important;background-position: center !important;background-repeat: no-repeat !important;background-size: contain !important;}&#8221; el_class=&#8221;pd-top-100 sm-pd-top-80&#8243;][vc_column offset=&#8221;vc_col-md-8 vc_col-xs-12&#8243; el_class=&#8221;mg-bottom-75 sm-mg-bottom-45 col-relative&#8221;][g5plus_heading title=&#8221;O SUNBLUE pode ser aplicado nas mais variadas situa\u00e7\u00f5es&#8221; sub_title=&#8221;Alguns exemplos de aplica\u00e7\u00e3o do SUNBLUE em casos reais:&#8221;][vc_row_inner equal_height=&#8221;yes&#8221;][vc_column_inner el_class=&#8221;mg-bottom-35 col-mb-12&#8243; width=&#8221;1\/2&#8243; offset=&#8221;vc_col-xs-6&#8243;][g5plus_icon_box layout_style=&#8221;text-left&#8221; icon_scheme_color=&#8221;icon-scheme-gray&#8221; title=&#8221;Peles&#8221; description=&#8221;Para uma limpeza exelente das suas peles como por exemplo: [&hellip;]","og_url":"https:\/\/www.sunblue.pt\/home\/ambiente-comercial\/","og_site_name":"Sunblue | Solvente Restaurador Multi-superf\u00edcies","article_modified_time":"2020-05-03T10:58:26+00:00","twitter_card":"summary_large_image","twitter_misc":{"Tempo estimado de leitura":"4 minutos"},"schema":{"@context":"https:\/\/schema.org","@graph":[{"@type":"WebPage","@id":"https:\/\/www.sunblue.pt\/home\/ambiente-comercial\/","url":"https:\/\/www.sunblue.pt\/home\/ambiente-comercial\/","name":"Ambiente Comercial - Sunblue | Solvente Restaurador Multi-superf\u00edcies","isPartOf":{"@id":"https:\/\/www.sunblue.pt\/home\/#website"},"datePublished":"2019-08-12T11:25:54+00:00","dateModified":"2020-05-03T10:58:26+00:00","breadcrumb":{"@id":"https:\/\/www.sunblue.pt\/home\/ambiente-comercial\/#breadcrumb"},"inLanguage":"pt-PT","potentialAction":[{"@type":"ReadAction","target":["https:\/\/www.sunblue.pt\/home\/ambiente-comercial\/"]}]},{"@type":"BreadcrumbList","@id":"https:\/\/www.sunblue.pt\/home\/ambiente-comercial\/#breadcrumb","itemListElement":[{"@type":"ListItem","position":1,"name":"In\u00edcio","item":"https:\/\/www.sunblue.pt\/home\/"},{"@type":"ListItem","position":2,"name":"Ambiente Comercial"}]},{"@type":"WebSite","@id":"https:\/\/www.sunblue.pt\/home\/#website","url":"https:\/\/www.sunblue.pt\/home\/","name":"Sunblue | Solvente Restaurador Multi-superf\u00edcies","description":"SUNBLUE, produto de manuten\u00e7\u00e3o e limpeza multi superf\u00edcie para ambientes industriais, comerciais e dom\u00e9sticos. Produto solvente, n\u00e3o corrosivo, n\u00e3o t\u00f3xico, biodegrad\u00e1vel e ecologicamente inofensivo.","potentialAction":[{"@type":"SearchAction","target":{"@type":"EntryPoint","urlTemplate":"https:\/\/www.sunblue.pt\/home\/?s={search_term_string}"},"query-input":"required name=search_term_string"}],"inLanguage":"pt-PT"}]}},"_links":{"self":[{"href":"https:\/\/www.sunblue.pt\/home\/wp-json\/wp\/v2\/pages\/2185"}],"collection":[{"href":"https:\/\/www.sunblue.pt\/home\/wp-json\/wp\/v2\/pages"}],"about":[{"href":"https:\/\/www.sunblue.pt\/home\/wp-json\/wp\/v2\/types\/page"}],"author":[{"embeddable":true,"href":"https:\/\/www.sunblue.pt\/home\/wp-json\/wp\/v2\/users\/1"}],"replies":[{"embeddable":true,"href":"https:\/\/www.sunblue.pt\/home\/wp-json\/wp\/v2\/comments?post=2185"}],"version-history":[{"count":21,"href":"https:\/\/www.sunblue.pt\/home\/wp-json\/wp\/v2\/pages\/2185\/revisions"}],"predecessor-version":[{"id":2641,"href":"https:\/\/www.sunblue.pt\/home\/wp-json\/wp\/v2\/pages\/2185\/revisions\/2641"}],"wp:attachment":[{"href":"https:\/\/www.sunblue.pt\/home\/wp-json\/wp\/v2\/media?parent=2185"}],"curies":[{"name":"wp","href":"https:\/\/api.w.org\/{rel}","templated":true}]}}