{"id":2232,"date":"2019-08-12T13:15:46","date_gmt":"2019-08-12T13:15:46","guid":{"rendered":"https:\/\/www.sunblue.pt\/home\/?page_id=2232"},"modified":"2022-07-04T18:45:14","modified_gmt":"2022-07-04T18:45:14","slug":"fale-connosco","status":"publish","type":"page","link":"https:\/\/www.sunblue.pt\/home\/fale-connosco\/","title":{"rendered":"Contacte-nos"},"content":{"rendered":"<div class=\"wpb-content-wrapper\"><p>[vc_row el_class=&#8221;mg-bottom-100 sm-mg-bottom-60&#8243;][vc_column width=&#8221;1\/2&#8243; el_class=&#8221;xs-mg-bottom-30&#8243;][g5plus_heading size=&#8221;sm&#8221; title=&#8221;Entre em contacto&#8221;][vc_column_text el_class=&#8221;mg-bottom-45 sm-mg-bottom-25&#8243;]<\/p>\n<p class=\"fs-14 line-24\">Acreditamos que saber ouvir as necessidades e melhorar o poder de resposta \u00e9 a base do sucesso tanto par n\u00f3s, como para nossos parceiros e utilizadores.<\/p>\n<p>Para mais informa\u00e7\u00f5es contacte-nos atrav\u00e9s dos contactos abaixo indicados:<\/p>\n<p>[\/vc_column_text][g5plus_icon_box layout_style=&#8221;ib-left&#8221; icon_bg_shape=&#8221;icon-bg-circle&#8221; icon_scheme_color=&#8221;icon-scheme-gray&#8221; icon_size=&#8221;ib-medium&#8221; hover_style=&#8221;hover-creative&#8221; title=&#8221;Sede&#8221; description=&#8221;Estrada E.N. N\u00ba 1481<br \/>\n4520-709 SOUTO | Santa Maria da Feira&#8221; icon_font=&#8221;fa fa-map-marker&#8221; el_class=&#8221;mg-bottom-40 sm-mg-bottom-30&#8243;][g5plus_icon_box layout_style=&#8221;ib-left&#8221; icon_bg_shape=&#8221;icon-bg-circle&#8221; icon_scheme_color=&#8221;icon-scheme-gray&#8221; icon_size=&#8221;ib-medium&#8221; hover_style=&#8221;hover-creative&#8221; title=&#8221;Contacto telef\u00f3nico&#8221; description=&#8221;(+351) 912 615 462<br \/>\nChamada para rede m\u00f3vel nacional&#8221; icon_font=&#8221;fa fa-phone&#8221; el_class=&#8221;mg-bottom-40 sm-mg-bottom-30&#8243;][g5plus_icon_box layout_style=&#8221;ib-left&#8221; icon_bg_shape=&#8221;icon-bg-circle&#8221; icon_scheme_color=&#8221;icon-scheme-gray&#8221; icon_size=&#8221;ib-medium&#8221; hover_style=&#8221;hover-creative&#8221; title=&#8221;E-mail&#8221; description=&#8221;geral@sunblue.pt&#8221; icon_font=&#8221;fa fa-envelope-o&#8221;][\/vc_column][vc_column width=&#8221;1\/2&#8243; el_class=&#8221;pd-top-100 sm-pd-top-80 xs-pd-top-30&#8243; css=&#8221;.vc_custom_1468567198870{background-image: url(https:\/\/sunblue.pt\/home\/wp-content\/uploads\/2016\/07\/image-page-contact-us.jpg?id=817) !important;background-position: center !important;background-repeat: no-repeat !important;background-size: cover !important;}&#8221;][vc_empty_space height=&#8221;456&#8243;][\/vc_column][\/vc_row][vc_row full_width=&#8221;stretch_row&#8221; el_class=&#8221;mg-top-100 sm-mg-top-80 mg-bottom-100 sm-mg-bottom-80&#8243; css=&#8221;.vc_custom_1580161711467{margin-bottom: -50px !important;}&#8221;][vc_column][g5plus_heading size=&#8221;sm&#8221; title=&#8221;Envie-nos uma mensagem&#8221;]\n<div class=\"wpcf7 no-js\" id=\"wpcf7-f6-o1\" lang=\"en-US\" dir=\"ltr\">\n<div class=\"screen-reader-response\"><p role=\"status\" aria-live=\"polite\" aria-atomic=\"true\"><\/p> <ul><\/ul><\/div>\n<form action=\"\/home\/wp-json\/wp\/v2\/pages\/2232#wpcf7-f6-o1\" method=\"post\" class=\"wpcf7-form init\" aria-label=\"Contact form\" novalidate=\"novalidate\" data-status=\"init\">\n<div style=\"display: none;\">\n<input type=\"hidden\" name=\"_wpcf7\" value=\"6\" \/>\n<input type=\"hidden\" name=\"_wpcf7_version\" value=\"5.9.8\" \/>\n<input type=\"hidden\" name=\"_wpcf7_locale\" value=\"en_US\" \/>\n<input type=\"hidden\" name=\"_wpcf7_unit_tag\" value=\"wpcf7-f6-o1\" \/>\n<input type=\"hidden\" name=\"_wpcf7_container_post\" value=\"0\" \/>\n<input type=\"hidden\" name=\"_wpcf7_posted_data_hash\" value=\"\" \/>\n<input type=\"hidden\" name=\"_wpcf7_recaptcha_response\" value=\"\" \/>\n<\/div>\n<div class =\"g5plus-contact-form form-1\">\n\t<p><span class=\"wpcf7-form-control-wrap\" data-name=\"your-name\"><input size=\"40\" maxlength=\"400\" class=\"wpcf7-form-control wpcf7-text wpcf7-validates-as-required\" aria-required=\"true\" aria-invalid=\"false\" placeholder=\"Nome *\" value=\"\" type=\"text\" name=\"your-name\" \/><\/span><br \/>\n<span class=\"wpcf7-form-control-wrap\" data-name=\"your-subject\"><input size=\"40\" maxlength=\"400\" class=\"wpcf7-form-control wpcf7-text\" aria-invalid=\"false\" placeholder=\"Empresa\" value=\"\" type=\"text\" name=\"your-subject\" \/><\/span><br \/>\n<span class=\"wpcf7-form-control-wrap\" data-name=\"contact-number\"><input class=\"wpcf7-form-control wpcf7-number wpcf7-validates-as-required wpcf7-validates-as-number\" aria-required=\"true\" aria-invalid=\"false\" placeholder=\"Contacto telef\u00f3nico *\" value=\"\" type=\"number\" name=\"contact-number\" \/><\/span><br \/>\n<span class=\"wpcf7-form-control-wrap\" data-name=\"your-email\"><input size=\"40\" maxlength=\"400\" class=\"wpcf7-form-control wpcf7-email wpcf7-validates-as-required wpcf7-text wpcf7-validates-as-email\" aria-required=\"true\" aria-invalid=\"false\" placeholder=\"Endere\u00e7o de email *\" value=\"\" type=\"email\" name=\"your-email\" \/><\/span><br \/>\n<span class=\"wpcf7-form-control-wrap\" data-name=\"your-message\"><textarea cols=\"40\" rows=\"10\" maxlength=\"2000\" class=\"wpcf7-form-control wpcf7-textarea wpcf7-validates-as-required\" aria-required=\"true\" aria-invalid=\"false\" placeholder=\"Mensagem *\" name=\"your-message\"><\/textarea><\/span>\n\t<\/p>\n\t<p><span class=\"wpcf7-form-control-wrap\" data-name=\"acceptance-177\"><span class=\"wpcf7-form-control wpcf7-acceptance\"><span class=\"wpcf7-list-item\"><label><input type=\"checkbox\" name=\"acceptance-177\" value=\"1\" aria-invalid=\"false\" \/><span class=\"wpcf7-list-item-label\">Li e aceito a pol\u00edtica de privacidade e prote\u00e7\u00e3o de dados pessoais da Sunblue.<\/span><\/label><\/span><\/span><\/span> Consulte <a href=\"https:\/\/www.sunblue.pt\/home\/politica-de-privacidade\/\">aqui<\/a>. *<br \/>\n<span class=\"wpcf7-form-control-wrap\" data-name=\"acceptance-80\"><span class=\"wpcf7-form-control wpcf7-acceptance\"><span class=\"wpcf7-list-item\"><label><input type=\"checkbox\" name=\"acceptance-80\" value=\"1\" aria-invalid=\"false\" \/><span class=\"wpcf7-list-item-label\">Aceito a utiliza\u00e7\u00e3o dos dados indicados para ser contactado no \u00e2mbito do assunto indicado acima pelo utilizador.<\/span><\/label><\/span><\/span><\/span>\n\t<\/p>\n\t<p><button type=\"submit\" class=\"btn-icon\" ><i class=\"fa fa-paper-plane\"><\/i>Agendar Apresenta\u00e7\u00e3o<\/button>\n\t<\/p>\n\t<p>*Campos de preenchimento obrigat\u00f3rio.<br \/>\n<i class=\"fab fa-google\"><\/i> Este website \u00e9 protegido com o reCAPTCHA sendo que se aplicam a <a href=\"https:\/\/policies.google.com\/privacy\">Pol\u00edtica de Privacidade<\/a> e <a href=\"https:\/\/policies.google.com\/terms\">Termos de Servi\u00e7o<\/a> da Google.\n\t<\/p>\n<\/div><div class=\"wpcf7-response-output\" aria-hidden=\"true\"><\/div>\n<\/form>\n<\/div>\n[\/vc_column][\/vc_row]<\/p>\n<\/div>","protected":false},"excerpt":{"rendered":"<p>[vc_row el_class=&#8221;mg-bottom-100 sm-mg-bottom-60&#8243;][vc_column width=&#8221;1\/2&#8243; el_class=&#8221;xs-mg-bottom-30&#8243;][g5plus_heading size=&#8221;sm&#8221; title=&#8221;Entre em contacto&#8221;][vc_column_text el_class=&#8221;mg-bottom-45 sm-mg-bottom-25&#8243;] Acreditamos que saber ouvir as necessidades e melhorar o poder de resposta \u00e9 a base do sucesso tanto par n\u00f3s, como para nossos parceiros e utilizadores. Para mais informa\u00e7\u00f5es contacte-nos atrav\u00e9s dos contactos abaixo indicados: [\/vc_column_text][g5plus_icon_box layout_style=&#8221;ib-left&#8221; icon_bg_shape=&#8221;icon-bg-circle&#8221; icon_scheme_color=&#8221;icon-scheme-gray&#8221; icon_size=&#8221;ib-medium&#8221; hover_style=&#8221;hover-creative&#8221; title=&#8221;Sede&#8221; description=&#8221;Estrada E.N. [&hellip;]<\/p>\n","protected":false},"author":1,"featured_media":0,"parent":0,"menu_order":0,"comment_status":"closed","ping_status":"closed","template":"","meta":{"footnotes":""},"class_list":["post-2232","page","type-page","status-publish","hentry"],"yoast_head":"<!-- This site is optimized with the Yoast SEO plugin v23.1 - https:\/\/yoast.com\/wordpress\/plugins\/seo\/ -->\n<title>Contacte-nos - Sunblue | Solvente Restaurador Multi-superf\u00edcies<\/title>\n<meta name=\"robots\" content=\"index, follow, max-snippet:-1, max-image-preview:large, max-video-preview:-1\" \/>\n<link rel=\"canonical\" href=\"https:\/\/www.sunblue.pt\/home\/fale-connosco\/\" \/>\n<meta property=\"og:locale\" content=\"pt_PT\" \/>\n<meta property=\"og:type\" content=\"article\" \/>\n<meta property=\"og:title\" content=\"Contacte-nos - Sunblue | Solvente Restaurador Multi-superf\u00edcies\" \/>\n<meta property=\"og:description\" content=\"[vc_row el_class=&#8221;mg-bottom-100 sm-mg-bottom-60&#8243;][vc_column width=&#8221;1\/2&#8243; el_class=&#8221;xs-mg-bottom-30&#8243;][g5plus_heading size=&#8221;sm&#8221; title=&#8221;Entre em contacto&#8221;][vc_column_text el_class=&#8221;mg-bottom-45 sm-mg-bottom-25&#8243;] Acreditamos que saber ouvir as necessidades e melhorar o poder de resposta \u00e9 a base do sucesso tanto par n\u00f3s, como para nossos parceiros e utilizadores. Para mais informa\u00e7\u00f5es contacte-nos atrav\u00e9s dos contactos abaixo indicados: [\/vc_column_text][g5plus_icon_box layout_style=&#8221;ib-left&#8221; icon_bg_shape=&#8221;icon-bg-circle&#8221; icon_scheme_color=&#8221;icon-scheme-gray&#8221; icon_size=&#8221;ib-medium&#8221; hover_style=&#8221;hover-creative&#8221; title=&#8221;Sede&#8221; description=&#8221;Estrada E.N. [&hellip;]\" \/>\n<meta property=\"og:url\" content=\"https:\/\/www.sunblue.pt\/home\/fale-connosco\/\" \/>\n<meta property=\"og:site_name\" content=\"Sunblue | Solvente Restaurador Multi-superf\u00edcies\" \/>\n<meta property=\"article:modified_time\" content=\"2022-07-04T18:45:14+00:00\" \/>\n<meta name=\"twitter:card\" content=\"summary_large_image\" \/>\n<meta name=\"twitter:label1\" content=\"Tempo estimado de leitura\" \/>\n\t<meta name=\"twitter:data1\" content=\"1 minuto\" \/>\n<script type=\"application\/ld+json\" class=\"yoast-schema-graph\">{\"@context\":\"https:\/\/schema.org\",\"@graph\":[{\"@type\":\"WebPage\",\"@id\":\"https:\/\/www.sunblue.pt\/home\/fale-connosco\/\",\"url\":\"https:\/\/www.sunblue.pt\/home\/fale-connosco\/\",\"name\":\"Contacte-nos - Sunblue | Solvente Restaurador Multi-superf\u00edcies\",\"isPartOf\":{\"@id\":\"https:\/\/www.sunblue.pt\/home\/#website\"},\"datePublished\":\"2019-08-12T13:15:46+00:00\",\"dateModified\":\"2022-07-04T18:45:14+00:00\",\"breadcrumb\":{\"@id\":\"https:\/\/www.sunblue.pt\/home\/fale-connosco\/#breadcrumb\"},\"inLanguage\":\"pt-PT\",\"potentialAction\":[{\"@type\":\"ReadAction\",\"target\":[\"https:\/\/www.sunblue.pt\/home\/fale-connosco\/\"]}]},{\"@type\":\"BreadcrumbList\",\"@id\":\"https:\/\/www.sunblue.pt\/home\/fale-connosco\/#breadcrumb\",\"itemListElement\":[{\"@type\":\"ListItem\",\"position\":1,\"name\":\"In\u00edcio\",\"item\":\"https:\/\/www.sunblue.pt\/home\/\"},{\"@type\":\"ListItem\",\"position\":2,\"name\":\"Contacte-nos\"}]},{\"@type\":\"WebSite\",\"@id\":\"https:\/\/www.sunblue.pt\/home\/#website\",\"url\":\"https:\/\/www.sunblue.pt\/home\/\",\"name\":\"Sunblue | Solvente Restaurador Multi-superf\u00edcies\",\"description\":\"SUNBLUE, produto de manuten\u00e7\u00e3o e limpeza multi superf\u00edcie para ambientes industriais, comerciais e dom\u00e9sticos. Produto solvente, n\u00e3o corrosivo, n\u00e3o t\u00f3xico, biodegrad\u00e1vel e ecologicamente inofensivo.\",\"potentialAction\":[{\"@type\":\"SearchAction\",\"target\":{\"@type\":\"EntryPoint\",\"urlTemplate\":\"https:\/\/www.sunblue.pt\/home\/?s={search_term_string}\"},\"query-input\":\"required name=search_term_string\"}],\"inLanguage\":\"pt-PT\"}]}<\/script>\n<!-- \/ Yoast SEO plugin. -->","yoast_head_json":{"title":"Contacte-nos - Sunblue | Solvente Restaurador Multi-superf\u00edcies","robots":{"index":"index","follow":"follow","max-snippet":"max-snippet:-1","max-image-preview":"max-image-preview:large","max-video-preview":"max-video-preview:-1"},"canonical":"https:\/\/www.sunblue.pt\/home\/fale-connosco\/","og_locale":"pt_PT","og_type":"article","og_title":"Contacte-nos - Sunblue | Solvente Restaurador Multi-superf\u00edcies","og_description":"[vc_row el_class=&#8221;mg-bottom-100 sm-mg-bottom-60&#8243;][vc_column width=&#8221;1\/2&#8243; el_class=&#8221;xs-mg-bottom-30&#8243;][g5plus_heading size=&#8221;sm&#8221; title=&#8221;Entre em contacto&#8221;][vc_column_text el_class=&#8221;mg-bottom-45 sm-mg-bottom-25&#8243;] Acreditamos que saber ouvir as necessidades e melhorar o poder de resposta \u00e9 a base do sucesso tanto par n\u00f3s, como para nossos parceiros e utilizadores. Para mais informa\u00e7\u00f5es contacte-nos atrav\u00e9s dos contactos abaixo indicados: [\/vc_column_text][g5plus_icon_box layout_style=&#8221;ib-left&#8221; icon_bg_shape=&#8221;icon-bg-circle&#8221; icon_scheme_color=&#8221;icon-scheme-gray&#8221; icon_size=&#8221;ib-medium&#8221; hover_style=&#8221;hover-creative&#8221; title=&#8221;Sede&#8221; description=&#8221;Estrada E.N. [&hellip;]","og_url":"https:\/\/www.sunblue.pt\/home\/fale-connosco\/","og_site_name":"Sunblue | Solvente Restaurador Multi-superf\u00edcies","article_modified_time":"2022-07-04T18:45:14+00:00","twitter_card":"summary_large_image","twitter_misc":{"Tempo estimado de leitura":"1 minuto"},"schema":{"@context":"https:\/\/schema.org","@graph":[{"@type":"WebPage","@id":"https:\/\/www.sunblue.pt\/home\/fale-connosco\/","url":"https:\/\/www.sunblue.pt\/home\/fale-connosco\/","name":"Contacte-nos - Sunblue | Solvente Restaurador Multi-superf\u00edcies","isPartOf":{"@id":"https:\/\/www.sunblue.pt\/home\/#website"},"datePublished":"2019-08-12T13:15:46+00:00","dateModified":"2022-07-04T18:45:14+00:00","breadcrumb":{"@id":"https:\/\/www.sunblue.pt\/home\/fale-connosco\/#breadcrumb"},"inLanguage":"pt-PT","potentialAction":[{"@type":"ReadAction","target":["https:\/\/www.sunblue.pt\/home\/fale-connosco\/"]}]},{"@type":"BreadcrumbList","@id":"https:\/\/www.sunblue.pt\/home\/fale-connosco\/#breadcrumb","itemListElement":[{"@type":"ListItem","position":1,"name":"In\u00edcio","item":"https:\/\/www.sunblue.pt\/home\/"},{"@type":"ListItem","position":2,"name":"Contacte-nos"}]},{"@type":"WebSite","@id":"https:\/\/www.sunblue.pt\/home\/#website","url":"https:\/\/www.sunblue.pt\/home\/","name":"Sunblue | Solvente Restaurador Multi-superf\u00edcies","description":"SUNBLUE, produto de manuten\u00e7\u00e3o e limpeza multi superf\u00edcie para ambientes industriais, comerciais e dom\u00e9sticos. Produto solvente, n\u00e3o corrosivo, n\u00e3o t\u00f3xico, biodegrad\u00e1vel e ecologicamente inofensivo.","potentialAction":[{"@type":"SearchAction","target":{"@type":"EntryPoint","urlTemplate":"https:\/\/www.sunblue.pt\/home\/?s={search_term_string}"},"query-input":"required name=search_term_string"}],"inLanguage":"pt-PT"}]}},"_links":{"self":[{"href":"https:\/\/www.sunblue.pt\/home\/wp-json\/wp\/v2\/pages\/2232"}],"collection":[{"href":"https:\/\/www.sunblue.pt\/home\/wp-json\/wp\/v2\/pages"}],"about":[{"href":"https:\/\/www.sunblue.pt\/home\/wp-json\/wp\/v2\/types\/page"}],"author":[{"embeddable":true,"href":"https:\/\/www.sunblue.pt\/home\/wp-json\/wp\/v2\/users\/1"}],"replies":[{"embeddable":true,"href":"https:\/\/www.sunblue.pt\/home\/wp-json\/wp\/v2\/comments?post=2232"}],"version-history":[{"count":15,"href":"https:\/\/www.sunblue.pt\/home\/wp-json\/wp\/v2\/pages\/2232\/revisions"}],"predecessor-version":[{"id":2704,"href":"https:\/\/www.sunblue.pt\/home\/wp-json\/wp\/v2\/pages\/2232\/revisions\/2704"}],"wp:attachment":[{"href":"https:\/\/www.sunblue.pt\/home\/wp-json\/wp\/v2\/media?parent=2232"}],"curies":[{"name":"wp","href":"https:\/\/api.w.org\/{rel}","templated":true}]}}