{"id":2267,"date":"2019-11-22T14:58:22","date_gmt":"2019-11-22T14:58:22","guid":{"rendered":"https:\/\/www.sunblue.pt\/home\/?page_id=2267"},"modified":"2020-01-21T22:13:20","modified_gmt":"2020-01-21T22:13:20","slug":"dosagem-forte-sunblue-1l","status":"publish","type":"page","link":"https:\/\/www.sunblue.pt\/home\/dosagem-forte-sunblue-1l\/","title":{"rendered":"DOSAGEM FORTE | SUNBLUE 1L"},"content":{"rendered":"<div class=\"wpb-content-wrapper\"><p>[vc_row full_width=&#8221;stretch_row&#8221; content_placement=&#8221;bottom&#8221; css=&#8221;.vc_custom_1468813280437{background-image: url(https:\/\/sunblue.pt\/home\/wp-content\/uploads\/2016\/07\/background-01.png?id=120) !important;background-position: center !important;background-repeat: no-repeat !important;background-size: contain !important;}&#8221; el_class=&#8221;pd-top-100 sm-pd-top-80&#8243;][vc_column offset=&#8221;vc_col-md-8 vc_col-xs-12&#8243; el_class=&#8221;mg-bottom-75 sm-mg-bottom-45 col-relative&#8221;][g5plus_heading title=&#8221;DOSAGEM FORTE&#8221; sub_title=&#8221;SUNBLUE&#8221;][vc_row_inner equal_height=&#8221;yes&#8221;][vc_column_inner el_class=&#8221;mg-bottom-35 col-mb-12&#8243; width=&#8221;1\/2&#8243; offset=&#8221;vc_col-xs-6&#8243;][g5plus_icon_box layout_style=&#8221;text-left&#8221; icon_bg_shape=&#8221;icon-bg-circle&#8221; icon_scheme_color=&#8221;icon-scheme-gray&#8221; title=&#8221;Para 1 Lt. de \u00e1gua&#8221; description=&#8221;1. Encher de \u00e1gua<br \/>\n2. Uma por\u00e7\u00e3o de SUNBLUE<br \/>\n3. Misturar bem.&#8221; icon_font=&#8221;fa fa-tint&#8221;][\/vc_column_inner][vc_column_inner el_class=&#8221;mg-bottom-35 col-mb-12&#8243; width=&#8221;1\/2&#8243; offset=&#8221;vc_col-xs-6&#8243;][g5plus_icon_box layout_style=&#8221;text-left&#8221; icon_bg_shape=&#8221;icon-bg-circle&#8221; icon_scheme_color=&#8221;icon-scheme-gray&#8221; title=&#8221;Para uso em:&#8221; description=&#8221;-Aluminios<br \/>\n-Estofos(sofas,bancos de vehiculos,etc)<br \/>\n-Metais, Motores<br \/>\n-N\u00f3doas dificeis em tecidos;<br \/>\n-Pastilhas elasticas<br \/>\n-Tintas e outros.&#8221; icon_font=&#8221;fa fa-tint&#8221;][\/vc_column_inner][vc_column_inner el_class=&#8221;mg-bottom-35 col-mb-12&#8243; width=&#8221;1\/2&#8243; offset=&#8221;vc_col-xs-6&#8243;][g5plus_icon_box layout_style=&#8221;text-left&#8221; icon_bg_shape=&#8221;icon-bg-circle&#8221; icon_scheme_color=&#8221;icon-scheme-gray&#8221; title=&#8221;Para 10 lt. de \u00e1gua&#8221; description=&#8221;1. Misturar um litro de SUNBLUE \/<br \/>\n10 lts. de \u00e1gua.&#8221; icon_font=&#8221;fa fa-tint&#8221;][\/vc_column_inner][vc_column_inner el_class=&#8221;mg-bottom-35 col-mb-12&#8243; width=&#8221;1\/2&#8243; offset=&#8221;vc_col-xs-6&#8243;][\/vc_column_inner][\/vc_row_inner][\/vc_column][vc_column width=&#8221;1\/3&#8243; offset=&#8221;vc_col-md-4 vc_hidden-sm vc_hidden-xs&#8221; css=&#8221;.vc_custom_1574435639469{background-position: center !important;background-repeat: no-repeat !important;background-size: cover !important;}&#8221; el_class=&#8221;img-right width-40&#8243;][vc_single_image image=&#8221;2292&#8243; img_size=&#8221;full&#8221;][vc_empty_space height=&#8221;100px&#8221;][\/vc_column][\/vc_row][vc_row][vc_column][g5plus_heading title=&#8221;Como Utilizar&#8221; sub_title=&#8221;SUNBLUE&#8221;][vc_column_text]Nos materiais como o A\u00e7o, Alum\u00ednio, Cromo, Ferro e o Metal, recomenda-se a utiliza\u00e7\u00e3o de uma escova de p\u00ealo ou esfreg\u00e3o macio, uma vez que permite de uma forma mais simples descolorar os lat\u00f5es ou metais amarelados.<\/p>\n<p>Na lavagem de Motores dever\u00e1 pulverizar o produto sobre o motor em causa e deixar atuar durante sensivelmente 5 minutos. De seguida com uma mangueira de alta press\u00e3o e \u00e1gua quente enxague a superf\u00edcie do motor. ver\u00e1 que ficar\u00e1 impec\u00e1vel o resultado.<\/p>\n<p>Nos estofos e tapetes de transportes, dever\u00e1 ter a superf\u00edcie em causa limpa de poeiras ou p\u00f3. De seguida pulverize SUNBLUE sobre a \u00e1rea em quest\u00e3o, deixando atuar o mesmo durante 30 segundos. Agora est\u00e1 na altura de limpar a superf\u00edcie com um pano turco.<br \/>\nRepita o processo sempre que necess\u00e1rio.[\/vc_column_text][vc_empty_space height=&#8221;52px&#8221;][\/vc_column][\/vc_row][vc_row full_width=&#8221;stretch_row&#8221; css=&#8221;.vc_custom_1563921762685{margin-top: -60px !important;background-color: #0000f9 !important;}&#8221;][vc_column css=&#8221;.vc_custom_1563920690682{padding-top: 40px !important;padding-bottom: 40px !important;}&#8221;][vc_column_text]<\/p>\n<h2 style=\"text-align: center; color: #fff;\">Como utilizar o SUNBLUE?<\/h2>\n<p>[\/vc_column_text][vc_empty_space][g5plus_button title=&#8221;Download do Manual de Utilizador&#8221; color=&#8221;dark&#8221; align=&#8221;center&#8221; icon_font=&#8221;fa fa-file-pdf-o&#8221; add_icon=&#8221;true&#8221; el_class=&#8221;download-botao&#8221; link=&#8221;url:http%3A%2F%2Fwww.sunblue.pt%2Fhome%2Fwp-content%2Fuploads%2F2019%2F11%2Fmanual-de-utilizador-sunblue.pdf||target:%20_blank|&#8221;][\/vc_column][\/vc_row]<\/p>\n<\/div>","protected":false},"excerpt":{"rendered":"<p>[vc_row full_width=&#8221;stretch_row&#8221; content_placement=&#8221;bottom&#8221; css=&#8221;.vc_custom_1468813280437{background-image: url(https:\/\/sunblue.pt\/home\/wp-content\/uploads\/2016\/07\/background-01.png?id=120) !important;background-position: center !important;background-repeat: no-repeat !important;background-size: contain !important;}&#8221; el_class=&#8221;pd-top-100 sm-pd-top-80&#8243;][vc_column offset=&#8221;vc_col-md-8 vc_col-xs-12&#8243; el_class=&#8221;mg-bottom-75 sm-mg-bottom-45 col-relative&#8221;][g5plus_heading title=&#8221;DOSAGEM FORTE&#8221; sub_title=&#8221;SUNBLUE&#8221;][vc_row_inner equal_height=&#8221;yes&#8221;][vc_column_inner el_class=&#8221;mg-bottom-35 col-mb-12&#8243; width=&#8221;1\/2&#8243; offset=&#8221;vc_col-xs-6&#8243;][g5plus_icon_box layout_style=&#8221;text-left&#8221; icon_bg_shape=&#8221;icon-bg-circle&#8221; icon_scheme_color=&#8221;icon-scheme-gray&#8221; title=&#8221;Para 1 Lt. de \u00e1gua&#8221; description=&#8221;1. Encher de \u00e1gua 2. Uma por\u00e7\u00e3o de SUNBLUE 3. Misturar bem.&#8221; icon_font=&#8221;fa fa-tint&#8221;][\/vc_column_inner][vc_column_inner el_class=&#8221;mg-bottom-35 col-mb-12&#8243; width=&#8221;1\/2&#8243; offset=&#8221;vc_col-xs-6&#8243;][g5plus_icon_box layout_style=&#8221;text-left&#8221; icon_bg_shape=&#8221;icon-bg-circle&#8221; [&hellip;]<\/p>\n","protected":false},"author":1,"featured_media":0,"parent":0,"menu_order":0,"comment_status":"closed","ping_status":"closed","template":"","meta":{"footnotes":""},"class_list":["post-2267","page","type-page","status-publish","hentry"],"yoast_head":"<!-- This site is optimized with the Yoast SEO plugin v23.1 - https:\/\/yoast.com\/wordpress\/plugins\/seo\/ -->\n<title>DOSAGEM FORTE | SUNBLUE 1L - Sunblue | Solvente Restaurador Multi-superf\u00edcies<\/title>\n<meta name=\"robots\" content=\"index, follow, max-snippet:-1, max-image-preview:large, max-video-preview:-1\" \/>\n<link rel=\"canonical\" href=\"https:\/\/www.sunblue.pt\/home\/dosagem-forte-sunblue-1l\/\" \/>\n<meta property=\"og:locale\" content=\"pt_PT\" \/>\n<meta property=\"og:type\" content=\"article\" \/>\n<meta property=\"og:title\" content=\"DOSAGEM FORTE | SUNBLUE 1L - Sunblue | Solvente Restaurador Multi-superf\u00edcies\" \/>\n<meta property=\"og:description\" content=\"[vc_row full_width=&#8221;stretch_row&#8221; content_placement=&#8221;bottom&#8221; css=&#8221;.vc_custom_1468813280437{background-image: url(https:\/\/sunblue.pt\/home\/wp-content\/uploads\/2016\/07\/background-01.png?id=120) !important;background-position: center !important;background-repeat: no-repeat !important;background-size: contain !important;}&#8221; el_class=&#8221;pd-top-100 sm-pd-top-80&#8243;][vc_column offset=&#8221;vc_col-md-8 vc_col-xs-12&#8243; el_class=&#8221;mg-bottom-75 sm-mg-bottom-45 col-relative&#8221;][g5plus_heading title=&#8221;DOSAGEM FORTE&#8221; sub_title=&#8221;SUNBLUE&#8221;][vc_row_inner equal_height=&#8221;yes&#8221;][vc_column_inner el_class=&#8221;mg-bottom-35 col-mb-12&#8243; width=&#8221;1\/2&#8243; offset=&#8221;vc_col-xs-6&#8243;][g5plus_icon_box layout_style=&#8221;text-left&#8221; icon_bg_shape=&#8221;icon-bg-circle&#8221; icon_scheme_color=&#8221;icon-scheme-gray&#8221; title=&#8221;Para 1 Lt. de \u00e1gua&#8221; description=&#8221;1. Encher de \u00e1gua 2. Uma por\u00e7\u00e3o de SUNBLUE 3. Misturar bem.&#8221; icon_font=&#8221;fa fa-tint&#8221;][\/vc_column_inner][vc_column_inner el_class=&#8221;mg-bottom-35 col-mb-12&#8243; width=&#8221;1\/2&#8243; offset=&#8221;vc_col-xs-6&#8243;][g5plus_icon_box layout_style=&#8221;text-left&#8221; icon_bg_shape=&#8221;icon-bg-circle&#8221; [&hellip;]\" \/>\n<meta property=\"og:url\" content=\"https:\/\/www.sunblue.pt\/home\/dosagem-forte-sunblue-1l\/\" \/>\n<meta property=\"og:site_name\" content=\"Sunblue | Solvente Restaurador Multi-superf\u00edcies\" \/>\n<meta property=\"article:modified_time\" content=\"2020-01-21T22:13:20+00:00\" \/>\n<meta name=\"twitter:card\" content=\"summary_large_image\" \/>\n<meta name=\"twitter:label1\" content=\"Tempo estimado de leitura\" \/>\n\t<meta name=\"twitter:data1\" content=\"3 minutos\" \/>\n<script type=\"application\/ld+json\" class=\"yoast-schema-graph\">{\"@context\":\"https:\/\/schema.org\",\"@graph\":[{\"@type\":\"WebPage\",\"@id\":\"https:\/\/www.sunblue.pt\/home\/dosagem-forte-sunblue-1l\/\",\"url\":\"https:\/\/www.sunblue.pt\/home\/dosagem-forte-sunblue-1l\/\",\"name\":\"DOSAGEM FORTE | SUNBLUE 1L - Sunblue | Solvente Restaurador Multi-superf\u00edcies\",\"isPartOf\":{\"@id\":\"https:\/\/www.sunblue.pt\/home\/#website\"},\"datePublished\":\"2019-11-22T14:58:22+00:00\",\"dateModified\":\"2020-01-21T22:13:20+00:00\",\"breadcrumb\":{\"@id\":\"https:\/\/www.sunblue.pt\/home\/dosagem-forte-sunblue-1l\/#breadcrumb\"},\"inLanguage\":\"pt-PT\",\"potentialAction\":[{\"@type\":\"ReadAction\",\"target\":[\"https:\/\/www.sunblue.pt\/home\/dosagem-forte-sunblue-1l\/\"]}]},{\"@type\":\"BreadcrumbList\",\"@id\":\"https:\/\/www.sunblue.pt\/home\/dosagem-forte-sunblue-1l\/#breadcrumb\",\"itemListElement\":[{\"@type\":\"ListItem\",\"position\":1,\"name\":\"In\u00edcio\",\"item\":\"https:\/\/www.sunblue.pt\/home\/\"},{\"@type\":\"ListItem\",\"position\":2,\"name\":\"DOSAGEM FORTE | SUNBLUE 1L\"}]},{\"@type\":\"WebSite\",\"@id\":\"https:\/\/www.sunblue.pt\/home\/#website\",\"url\":\"https:\/\/www.sunblue.pt\/home\/\",\"name\":\"Sunblue | Solvente Restaurador Multi-superf\u00edcies\",\"description\":\"SUNBLUE, produto de manuten\u00e7\u00e3o e limpeza multi superf\u00edcie para ambientes industriais, comerciais e dom\u00e9sticos. Produto solvente, n\u00e3o corrosivo, n\u00e3o t\u00f3xico, biodegrad\u00e1vel e ecologicamente inofensivo.\",\"potentialAction\":[{\"@type\":\"SearchAction\",\"target\":{\"@type\":\"EntryPoint\",\"urlTemplate\":\"https:\/\/www.sunblue.pt\/home\/?s={search_term_string}\"},\"query-input\":\"required name=search_term_string\"}],\"inLanguage\":\"pt-PT\"}]}<\/script>\n<!-- \/ Yoast SEO plugin. -->","yoast_head_json":{"title":"DOSAGEM FORTE | SUNBLUE 1L - Sunblue | Solvente Restaurador Multi-superf\u00edcies","robots":{"index":"index","follow":"follow","max-snippet":"max-snippet:-1","max-image-preview":"max-image-preview:large","max-video-preview":"max-video-preview:-1"},"canonical":"https:\/\/www.sunblue.pt\/home\/dosagem-forte-sunblue-1l\/","og_locale":"pt_PT","og_type":"article","og_title":"DOSAGEM FORTE | SUNBLUE 1L - Sunblue | Solvente Restaurador Multi-superf\u00edcies","og_description":"[vc_row full_width=&#8221;stretch_row&#8221; content_placement=&#8221;bottom&#8221; css=&#8221;.vc_custom_1468813280437{background-image: url(https:\/\/sunblue.pt\/home\/wp-content\/uploads\/2016\/07\/background-01.png?id=120) !important;background-position: center !important;background-repeat: no-repeat !important;background-size: contain !important;}&#8221; el_class=&#8221;pd-top-100 sm-pd-top-80&#8243;][vc_column offset=&#8221;vc_col-md-8 vc_col-xs-12&#8243; el_class=&#8221;mg-bottom-75 sm-mg-bottom-45 col-relative&#8221;][g5plus_heading title=&#8221;DOSAGEM FORTE&#8221; sub_title=&#8221;SUNBLUE&#8221;][vc_row_inner equal_height=&#8221;yes&#8221;][vc_column_inner el_class=&#8221;mg-bottom-35 col-mb-12&#8243; width=&#8221;1\/2&#8243; offset=&#8221;vc_col-xs-6&#8243;][g5plus_icon_box layout_style=&#8221;text-left&#8221; icon_bg_shape=&#8221;icon-bg-circle&#8221; icon_scheme_color=&#8221;icon-scheme-gray&#8221; title=&#8221;Para 1 Lt. de \u00e1gua&#8221; description=&#8221;1. Encher de \u00e1gua 2. Uma por\u00e7\u00e3o de SUNBLUE 3. Misturar bem.&#8221; icon_font=&#8221;fa fa-tint&#8221;][\/vc_column_inner][vc_column_inner el_class=&#8221;mg-bottom-35 col-mb-12&#8243; width=&#8221;1\/2&#8243; offset=&#8221;vc_col-xs-6&#8243;][g5plus_icon_box layout_style=&#8221;text-left&#8221; icon_bg_shape=&#8221;icon-bg-circle&#8221; [&hellip;]","og_url":"https:\/\/www.sunblue.pt\/home\/dosagem-forte-sunblue-1l\/","og_site_name":"Sunblue | Solvente Restaurador Multi-superf\u00edcies","article_modified_time":"2020-01-21T22:13:20+00:00","twitter_card":"summary_large_image","twitter_misc":{"Tempo estimado de leitura":"3 minutos"},"schema":{"@context":"https:\/\/schema.org","@graph":[{"@type":"WebPage","@id":"https:\/\/www.sunblue.pt\/home\/dosagem-forte-sunblue-1l\/","url":"https:\/\/www.sunblue.pt\/home\/dosagem-forte-sunblue-1l\/","name":"DOSAGEM FORTE | SUNBLUE 1L - Sunblue | Solvente Restaurador Multi-superf\u00edcies","isPartOf":{"@id":"https:\/\/www.sunblue.pt\/home\/#website"},"datePublished":"2019-11-22T14:58:22+00:00","dateModified":"2020-01-21T22:13:20+00:00","breadcrumb":{"@id":"https:\/\/www.sunblue.pt\/home\/dosagem-forte-sunblue-1l\/#breadcrumb"},"inLanguage":"pt-PT","potentialAction":[{"@type":"ReadAction","target":["https:\/\/www.sunblue.pt\/home\/dosagem-forte-sunblue-1l\/"]}]},{"@type":"BreadcrumbList","@id":"https:\/\/www.sunblue.pt\/home\/dosagem-forte-sunblue-1l\/#breadcrumb","itemListElement":[{"@type":"ListItem","position":1,"name":"In\u00edcio","item":"https:\/\/www.sunblue.pt\/home\/"},{"@type":"ListItem","position":2,"name":"DOSAGEM FORTE | SUNBLUE 1L"}]},{"@type":"WebSite","@id":"https:\/\/www.sunblue.pt\/home\/#website","url":"https:\/\/www.sunblue.pt\/home\/","name":"Sunblue | Solvente Restaurador Multi-superf\u00edcies","description":"SUNBLUE, produto de manuten\u00e7\u00e3o e limpeza multi superf\u00edcie para ambientes industriais, comerciais e dom\u00e9sticos. Produto solvente, n\u00e3o corrosivo, n\u00e3o t\u00f3xico, biodegrad\u00e1vel e ecologicamente inofensivo.","potentialAction":[{"@type":"SearchAction","target":{"@type":"EntryPoint","urlTemplate":"https:\/\/www.sunblue.pt\/home\/?s={search_term_string}"},"query-input":"required name=search_term_string"}],"inLanguage":"pt-PT"}]}},"_links":{"self":[{"href":"https:\/\/www.sunblue.pt\/home\/wp-json\/wp\/v2\/pages\/2267"}],"collection":[{"href":"https:\/\/www.sunblue.pt\/home\/wp-json\/wp\/v2\/pages"}],"about":[{"href":"https:\/\/www.sunblue.pt\/home\/wp-json\/wp\/v2\/types\/page"}],"author":[{"embeddable":true,"href":"https:\/\/www.sunblue.pt\/home\/wp-json\/wp\/v2\/users\/1"}],"replies":[{"embeddable":true,"href":"https:\/\/www.sunblue.pt\/home\/wp-json\/wp\/v2\/comments?post=2267"}],"version-history":[{"count":7,"href":"https:\/\/www.sunblue.pt\/home\/wp-json\/wp\/v2\/pages\/2267\/revisions"}],"predecessor-version":[{"id":2475,"href":"https:\/\/www.sunblue.pt\/home\/wp-json\/wp\/v2\/pages\/2267\/revisions\/2475"}],"wp:attachment":[{"href":"https:\/\/www.sunblue.pt\/home\/wp-json\/wp\/v2\/media?parent=2267"}],"curies":[{"name":"wp","href":"https:\/\/api.w.org\/{rel}","templated":true}]}}