{"id":2312,"date":"2019-11-22T16:15:41","date_gmt":"2019-11-22T16:15:41","guid":{"rendered":"https:\/\/www.sunblue.pt\/home\/?page_id=2312"},"modified":"2020-01-27T22:55:08","modified_gmt":"2020-01-27T22:55:08","slug":"agendar-apresentacao","status":"publish","type":"page","link":"https:\/\/www.sunblue.pt\/home\/agendar-apresentacao\/","title":{"rendered":"Agendar Apresenta\u00e7\u00e3o"},"content":{"rendered":"<div class=\"wpb-content-wrapper\"><p>[vc_row full_width=&#8221;stretch_row&#8221; parallax=&#8221;content-moving&#8221; parallax_image=&#8221;2046&#8243; disable_element=&#8221;yes&#8221; css=&#8221;.vc_custom_1520943656309{background-position: center;background-repeat: no-repeat !important;background-size: cover !important;}&#8221; el_class=&#8221;bg-half-left-dark mg-bottom-100 sm-mg-bottom-80&#8243;][vc_column width=&#8221;1\/2&#8243; el_class=&#8221;pd-right-25 xs-pd-right-0 mg-top-100 mg-bottom-100 sm-mg-top-80 sm-mg-bottom-80&#8243; offset=&#8221;vc_col-xs-12&#8243;][g5plus_heading color_scheme=&#8221;dark&#8221; title=&#8221;Agende a sua apresenta\u00e7\u00e3o!&#8221; sub_title=&#8221;Caso pretenda saber mais sobre o SUNBLUE, por favor fa\u00e7a uma marca\u00e7\u00e3o e n\u00f3s o apresentaremos a si.&#8221; css=&#8221;.vc_custom_1580165706414{margin-bottom: 50px !important;}&#8221;][vc_column_text]\n<div class=\"wpcf7 no-js\" id=\"wpcf7-f17-o1\" lang=\"en-US\" dir=\"ltr\">\n<div class=\"screen-reader-response\"><p role=\"status\" aria-live=\"polite\" aria-atomic=\"true\"><\/p> <ul><\/ul><\/div>\n<form action=\"\/home\/wp-json\/wp\/v2\/pages\/2312#wpcf7-f17-o1\" method=\"post\" class=\"wpcf7-form init\" aria-label=\"Contact form\" novalidate=\"novalidate\" data-status=\"init\">\n<div style=\"display: none;\">\n<input type=\"hidden\" name=\"_wpcf7\" value=\"17\" \/>\n<input type=\"hidden\" name=\"_wpcf7_version\" value=\"5.9.8\" \/>\n<input type=\"hidden\" name=\"_wpcf7_locale\" value=\"en_US\" \/>\n<input type=\"hidden\" name=\"_wpcf7_unit_tag\" value=\"wpcf7-f17-o1\" \/>\n<input type=\"hidden\" name=\"_wpcf7_container_post\" value=\"0\" \/>\n<input type=\"hidden\" name=\"_wpcf7_posted_data_hash\" value=\"\" \/>\n<input type=\"hidden\" name=\"_wpcf7_recaptcha_response\" value=\"\" \/>\n<\/div>\n<div class =\"g5plus-contact-form form-1\">\n\t<p><span style=\"color:#FFF;\">Data pretendida:<\/span><span class=\"wpcf7-form-control-wrap\" data-name=\"date-388\"><input class=\"wpcf7-form-control wpcf7-date wpcf7-validates-as-required wpcf7-validates-as-date\" aria-required=\"true\" aria-invalid=\"false\" value=\"\" type=\"date\" name=\"date-388\" \/><\/span><br \/>\n<span class=\"wpcf7-form-control-wrap\" data-name=\"your-name\"><input size=\"40\" maxlength=\"400\" class=\"wpcf7-form-control wpcf7-text wpcf7-validates-as-required\" aria-required=\"true\" aria-invalid=\"false\" placeholder=\"Nome *\" value=\"\" type=\"text\" name=\"your-name\" \/><\/span><br \/>\n<span class=\"wpcf7-form-control-wrap\" data-name=\"your-subject\"><input size=\"40\" maxlength=\"400\" class=\"wpcf7-form-control wpcf7-text\" aria-invalid=\"false\" placeholder=\"Empresa\" value=\"\" type=\"text\" name=\"your-subject\" \/><\/span><br \/>\n<span class=\"wpcf7-form-control-wrap\" data-name=\"contact-number\"><input class=\"wpcf7-form-control wpcf7-number wpcf7-validates-as-required wpcf7-validates-as-number\" aria-required=\"true\" aria-invalid=\"false\" placeholder=\"Contacto telef\u00f3nico *\" value=\"\" type=\"number\" name=\"contact-number\" \/><\/span><br \/>\n<span class=\"wpcf7-form-control-wrap\" data-name=\"your-email\"><input size=\"40\" maxlength=\"400\" class=\"wpcf7-form-control wpcf7-email wpcf7-validates-as-required wpcf7-text wpcf7-validates-as-email\" aria-required=\"true\" aria-invalid=\"false\" placeholder=\"Endere\u00e7o de email *\" value=\"\" type=\"email\" name=\"your-email\" \/><\/span><br \/>\n<span class=\"wpcf7-form-control-wrap\" data-name=\"your-location\"><input size=\"40\" maxlength=\"400\" class=\"wpcf7-form-control wpcf7-text wpcf7-validates-as-required\" aria-required=\"true\" aria-invalid=\"false\" placeholder=\"A sua Localiza\u00e7\u00e3o *\" value=\"\" type=\"text\" name=\"your-location\" \/><\/span><br \/>\n<span class=\"wpcf7-form-control-wrap\" data-name=\"acceptance-177\"><span class=\"wpcf7-form-control wpcf7-acceptance\"><span class=\"wpcf7-list-item\"><label><input type=\"checkbox\" name=\"acceptance-177\" value=\"1\" aria-invalid=\"false\" \/><span class=\"wpcf7-list-item-label\">Li e aceito a pol\u00edtica de privacidade e prote\u00e7\u00e3o de dados pessoais da Sunblue.<\/span><\/label><\/span><\/span><\/span> Consulte <a href=\"https:\/\/www.sunblue.pt\/home\/politica-de-privacidade\/\">aqui<\/a>. *<br \/>\n<span class=\"wpcf7-form-control-wrap\" data-name=\"acceptance-80\"><span class=\"wpcf7-form-control wpcf7-acceptance\"><span class=\"wpcf7-list-item\"><label><input type=\"checkbox\" name=\"acceptance-80\" value=\"1\" aria-invalid=\"false\" \/><span class=\"wpcf7-list-item-label\">Aceito a utiliza\u00e7\u00e3o dos dados indicados para ser contactado a fim de agendar apresenta\u00e7\u00e3o do produto Sunblue.<\/span><\/label><\/span><\/span><\/span>\n\t<\/p>\n\t<p><button type=\"submit\" class=\"btn-icon\" ><i class=\"fa fa-paper-plane\"><\/i>Agendar Apresenta\u00e7\u00e3o<\/button>\n\t<\/p>\n<\/div><div class=\"wpcf7-response-output\" aria-hidden=\"true\"><\/div>\n<\/form>\n<\/div>\n[\/vc_column_text][vc_raw_html]JTJBQ2FtcG9zJTIwZGUlMjBwcmVlbmNoaW1lbnRvJTIwb2JyaWdhdCVDMyVCM3Jpby4lM0NiciUzRSUwQSUzQ2klMjBjbGFzcyUzRCUyMmZhYiUyMGZhLWdvb2dsZSUyMiUzRSUzQyUyRmklM0UlMjBFc3RlJTIwd2Vic2l0ZSUyMCVDMyVBOSUyMHByb3RlZ2lkbyUyMGNvbSUyMG8lMjByZUNBUFRDSEElMjBzZW5kbyUyMHF1ZSUyMHNlJTIwYXBsaWNhbSUyMGElMjAlM0NhJTIwaHJlZiUzRCUyMmh0dHBzJTNBJTJGJTJGcG9saWNpZXMuZ29vZ2xlLmNvbSUyRnByaXZhY3klMjIlM0VQb2wlQzMlQUR0aWNhJTIwZGUlMjBQcml2YWNpZGFkZSUzQyUyRmElM0UlMjBlJTIwJTNDYSUyMGhyZWYlM0QlMjJodHRwcyUzQSUyRiUyRnBvbGljaWVzLmdvb2dsZS5jb20lMkZ0ZXJtcyUyMiUzRVRlcm1vcyUyMGRlJTIwU2VydmklQzMlQTdvJTNDJTJGYSUzRSUyMGRhJTIwR29vZ2xlLiUwQSUzQyUyRmRpdiUzRQ==[\/vc_raw_html][\/vc_column][\/vc_row][vc_row full_width=&#8221;stretch_row&#8221; parallax=&#8221;content-moving&#8221; overlay_mode=&#8221;color&#8221; overlay_color=&#8221;rgba(0,0,0,0.9)&#8221; disable_element=&#8221;yes&#8221; css=&#8221;.vc_custom_1574439601755{margin-top: -100px !important;background-image: url(https:\/\/sunblue.pt\/home\/wp-content\/uploads\/2018\/03\/sunblue-solvente-restaurador-multisuperficies-limpeza-agendar-apresentacao.jpg?id=2046) !important;}&#8221; el_class=&#8221;pd-top-100 pd-bottom-100 sm-pd-top-80 sm-pd-bottom-80&#8243;][vc_column width=&#8221;5\/6&#8243; offset=&#8221;vc_col-sm-offset-1&#8243;][g5plus_heading align=&#8221;center&#8221; color_scheme=&#8221;dark&#8221; title=&#8221;O que dizem os nossos clientes?&#8221; sub_title=&#8221;Os testemunhos dos nossos clientes&#8221;][g5plus_testimonials values=&#8221;%5B%7B%22avatar%22%3A%222299%22%2C%22author%22%3A%22%C3%82NGELO%20SANTOS%22%2C%22author_info%22%3A%22Estofador%22%2C%22quote%22%3A%22%5C%22Na%20minha%20profiss%C3%A3o%20uso%20o%20SUNBLUE%2C%20para%20a%20remo%C3%A7%C3%A3o%20de%20colas%20dos%20tejadilhos%20de%20ve%C3%ADculos%20e%20para%20o%20acabamento%20final%20antes%20da%20entrega%20dos%20servi%C3%A7os%20feitos%20para%20meus%20clientes.%20Recomendo%20o%20uso%20para%20limpeza%20de%20tecidos%20e%20peles%20dos%20sofas.%5C%22%22%7D%2C%7B%22avatar%22%3A%222300%22%2C%22author%22%3A%22CARLOS%20L%C3%93PEZ%22%2C%22author_info%22%3A%22M%C3%A9dico%20Dentista%22%2C%22quote%22%3A%22%5C%22Uso%20o%20SUNBLUE%2C%20para%20a%20manuten%C3%A7%C3%A3o%20e%20limpeza%20dos%20meus%20equipamentos%2C%20assim%20como%20a%20cadeira%20dent%C3%A1ria%20e%20v%C3%A1rias%20superf%C3%ADcies%20que%20precisam%20de%20um%20acabamento%20exepcional.%20%5C%22%22%7D%2C%7B%22author%22%3A%22FRANCISCO%20FERNANDES%22%2C%22author_info%22%3A%22Empres%C3%A1rio%20na%20Industria%20de%20Panifica%C3%A7%C3%A3o%22%2C%22quote%22%3A%22%5C%22Eu%20confio%20em%20SUNBLUE%2C%20porque%20no%20meu%20dia%20a%20dia%20tenho%20um%20produto%20para%20uso%20geral%2C%20tanto%20%20para%20a%20limpeza%20das%20bancadas%20de%20Inox%2C%20tabuleiros%20e%20equipamentos%20de%20panifica%C3%A7%C3%A3o%20etc.%5C%22%22%7D%5D&#8221; nav=&#8221;&#8221; dots=&#8221;true&#8221; dot_style=&#8221;round&#8221; arrows_style=&#8221;classic&#8221;][\/vc_column][\/vc_row]<\/p>\n<\/div>","protected":false},"excerpt":{"rendered":"<p>[vc_row full_width=&#8221;stretch_row&#8221; parallax=&#8221;content-moving&#8221; parallax_image=&#8221;2046&#8243; disable_element=&#8221;yes&#8221; css=&#8221;.vc_custom_1520943656309{background-position: center;background-repeat: no-repeat !important;background-size: cover !important;}&#8221; el_class=&#8221;bg-half-left-dark mg-bottom-100 sm-mg-bottom-80&#8243;][vc_column width=&#8221;1\/2&#8243; el_class=&#8221;pd-right-25 xs-pd-right-0 mg-top-100 mg-bottom-100 sm-mg-top-80 sm-mg-bottom-80&#8243; offset=&#8221;vc_col-xs-12&#8243;][g5plus_heading color_scheme=&#8221;dark&#8221; title=&#8221;Agende a sua apresenta\u00e7\u00e3o!&#8221; sub_title=&#8221;Caso pretenda saber mais sobre o SUNBLUE, por favor fa\u00e7a uma marca\u00e7\u00e3o e n\u00f3s o apresentaremos a si.&#8221; css=&#8221;.vc_custom_1580165706414{margin-bottom: 50px !important;}&#8221;][vc_column_text][\/vc_column_text][vc_raw_html]JTJBQ2FtcG9zJTIwZGUlMjBwcmVlbmNoaW1lbnRvJTIwb2JyaWdhdCVDMyVCM3Jpby4lM0NiciUzRSUwQSUzQ2klMjBjbGFzcyUzRCUyMmZhYiUyMGZhLWdvb2dsZSUyMiUzRSUzQyUyRmklM0UlMjBFc3RlJTIwd2Vic2l0ZSUyMCVDMyVBOSUyMHByb3RlZ2lkbyUyMGNvbSUyMG8lMjByZUNBUFRDSEElMjBzZW5kbyUyMHF1ZSUyMHNlJTIwYXBsaWNhbSUyMGElMjAlM0NhJTIwaHJlZiUzRCUyMmh0dHBzJTNBJTJGJTJGcG9saWNpZXMuZ29vZ2xlLmNvbSUyRnByaXZhY3klMjIlM0VQb2wlQzMlQUR0aWNhJTIwZGUlMjBQcml2YWNpZGFkZSUzQyUyRmElM0UlMjBlJTIwJTNDYSUyMGhyZWYlM0QlMjJodHRwcyUzQSUyRiUyRnBvbGljaWVzLmdvb2dsZS5jb20lMkZ0ZXJtcyUyMiUzRVRlcm1vcyUyMGRlJTIwU2VydmklQzMlQTdvJTNDJTJGYSUzRSUyMGRhJTIwR29vZ2xlLiUwQSUzQyUyRmRpdiUzRQ==[\/vc_raw_html][\/vc_column][\/vc_row][vc_row full_width=&#8221;stretch_row&#8221; parallax=&#8221;content-moving&#8221; overlay_mode=&#8221;color&#8221; overlay_color=&#8221;rgba(0,0,0,0.9)&#8221; disable_element=&#8221;yes&#8221; css=&#8221;.vc_custom_1574439601755{margin-top: -100px [&hellip;]<\/p>\n","protected":false},"author":1,"featured_media":0,"parent":0,"menu_order":0,"comment_status":"closed","ping_status":"closed","template":"","meta":{"footnotes":""},"class_list":["post-2312","page","type-page","status-publish","hentry"],"yoast_head":"<!-- This site is optimized with the Yoast SEO plugin v23.1 - https:\/\/yoast.com\/wordpress\/plugins\/seo\/ -->\n<title>Agendar Apresenta\u00e7\u00e3o - Sunblue | Solvente Restaurador Multi-superf\u00edcies<\/title>\n<meta name=\"robots\" content=\"index, follow, max-snippet:-1, max-image-preview:large, max-video-preview:-1\" \/>\n<link rel=\"canonical\" href=\"https:\/\/www.sunblue.pt\/home\/agendar-apresentacao\/\" \/>\n<meta property=\"og:locale\" content=\"pt_PT\" \/>\n<meta property=\"og:type\" content=\"article\" \/>\n<meta property=\"og:title\" content=\"Agendar Apresenta\u00e7\u00e3o - Sunblue | Solvente Restaurador Multi-superf\u00edcies\" \/>\n<meta property=\"og:description\" content=\"[vc_row full_width=&#8221;stretch_row&#8221; parallax=&#8221;content-moving&#8221; parallax_image=&#8221;2046&#8243; disable_element=&#8221;yes&#8221; css=&#8221;.vc_custom_1520943656309{background-position: center;background-repeat: no-repeat !important;background-size: cover !important;}&#8221; el_class=&#8221;bg-half-left-dark mg-bottom-100 sm-mg-bottom-80&#8243;][vc_column width=&#8221;1\/2&#8243; el_class=&#8221;pd-right-25 xs-pd-right-0 mg-top-100 mg-bottom-100 sm-mg-top-80 sm-mg-bottom-80&#8243; offset=&#8221;vc_col-xs-12&#8243;][g5plus_heading color_scheme=&#8221;dark&#8221; title=&#8221;Agende a sua apresenta\u00e7\u00e3o!&#8221; sub_title=&#8221;Caso pretenda saber mais sobre o SUNBLUE, por favor fa\u00e7a uma marca\u00e7\u00e3o e n\u00f3s o apresentaremos a si.&#8221; css=&#8221;.vc_custom_1580165706414{margin-bottom: 50px !important;}&#8221;][vc_column_text][\/vc_column_text][vc_raw_html]JTJBQ2FtcG9zJTIwZGUlMjBwcmVlbmNoaW1lbnRvJTIwb2JyaWdhdCVDMyVCM3Jpby4lM0NiciUzRSUwQSUzQ2klMjBjbGFzcyUzRCUyMmZhYiUyMGZhLWdvb2dsZSUyMiUzRSUzQyUyRmklM0UlMjBFc3RlJTIwd2Vic2l0ZSUyMCVDMyVBOSUyMHByb3RlZ2lkbyUyMGNvbSUyMG8lMjByZUNBUFRDSEElMjBzZW5kbyUyMHF1ZSUyMHNlJTIwYXBsaWNhbSUyMGElMjAlM0NhJTIwaHJlZiUzRCUyMmh0dHBzJTNBJTJGJTJGcG9saWNpZXMuZ29vZ2xlLmNvbSUyRnByaXZhY3klMjIlM0VQb2wlQzMlQUR0aWNhJTIwZGUlMjBQcml2YWNpZGFkZSUzQyUyRmElM0UlMjBlJTIwJTNDYSUyMGhyZWYlM0QlMjJodHRwcyUzQSUyRiUyRnBvbGljaWVzLmdvb2dsZS5jb20lMkZ0ZXJtcyUyMiUzRVRlcm1vcyUyMGRlJTIwU2VydmklQzMlQTdvJTNDJTJGYSUzRSUyMGRhJTIwR29vZ2xlLiUwQSUzQyUyRmRpdiUzRQ==[\/vc_raw_html][\/vc_column][\/vc_row][vc_row full_width=&#8221;stretch_row&#8221; parallax=&#8221;content-moving&#8221; overlay_mode=&#8221;color&#8221; overlay_color=&#8221;rgba(0,0,0,0.9)&#8221; disable_element=&#8221;yes&#8221; css=&#8221;.vc_custom_1574439601755{margin-top: -100px [&hellip;]\" \/>\n<meta property=\"og:url\" content=\"https:\/\/www.sunblue.pt\/home\/agendar-apresentacao\/\" \/>\n<meta property=\"og:site_name\" content=\"Sunblue | Solvente Restaurador Multi-superf\u00edcies\" \/>\n<meta property=\"article:modified_time\" content=\"2020-01-27T22:55:08+00:00\" \/>\n<meta name=\"twitter:card\" content=\"summary_large_image\" \/>\n<meta name=\"twitter:label1\" content=\"Tempo estimado de leitura\" \/>\n\t<meta name=\"twitter:data1\" content=\"2 minutos\" \/>\n<script type=\"application\/ld+json\" class=\"yoast-schema-graph\">{\"@context\":\"https:\/\/schema.org\",\"@graph\":[{\"@type\":\"WebPage\",\"@id\":\"https:\/\/www.sunblue.pt\/home\/agendar-apresentacao\/\",\"url\":\"https:\/\/www.sunblue.pt\/home\/agendar-apresentacao\/\",\"name\":\"Agendar Apresenta\u00e7\u00e3o - Sunblue | Solvente Restaurador Multi-superf\u00edcies\",\"isPartOf\":{\"@id\":\"https:\/\/www.sunblue.pt\/home\/#website\"},\"datePublished\":\"2019-11-22T16:15:41+00:00\",\"dateModified\":\"2020-01-27T22:55:08+00:00\",\"breadcrumb\":{\"@id\":\"https:\/\/www.sunblue.pt\/home\/agendar-apresentacao\/#breadcrumb\"},\"inLanguage\":\"pt-PT\",\"potentialAction\":[{\"@type\":\"ReadAction\",\"target\":[\"https:\/\/www.sunblue.pt\/home\/agendar-apresentacao\/\"]}]},{\"@type\":\"BreadcrumbList\",\"@id\":\"https:\/\/www.sunblue.pt\/home\/agendar-apresentacao\/#breadcrumb\",\"itemListElement\":[{\"@type\":\"ListItem\",\"position\":1,\"name\":\"In\u00edcio\",\"item\":\"https:\/\/www.sunblue.pt\/home\/\"},{\"@type\":\"ListItem\",\"position\":2,\"name\":\"Agendar Apresenta\u00e7\u00e3o\"}]},{\"@type\":\"WebSite\",\"@id\":\"https:\/\/www.sunblue.pt\/home\/#website\",\"url\":\"https:\/\/www.sunblue.pt\/home\/\",\"name\":\"Sunblue | Solvente Restaurador Multi-superf\u00edcies\",\"description\":\"SUNBLUE, produto de manuten\u00e7\u00e3o e limpeza multi superf\u00edcie para ambientes industriais, comerciais e dom\u00e9sticos. Produto solvente, n\u00e3o corrosivo, n\u00e3o t\u00f3xico, biodegrad\u00e1vel e ecologicamente inofensivo.\",\"potentialAction\":[{\"@type\":\"SearchAction\",\"target\":{\"@type\":\"EntryPoint\",\"urlTemplate\":\"https:\/\/www.sunblue.pt\/home\/?s={search_term_string}\"},\"query-input\":\"required name=search_term_string\"}],\"inLanguage\":\"pt-PT\"}]}<\/script>\n<!-- \/ Yoast SEO plugin. -->","yoast_head_json":{"title":"Agendar Apresenta\u00e7\u00e3o - Sunblue | Solvente Restaurador Multi-superf\u00edcies","robots":{"index":"index","follow":"follow","max-snippet":"max-snippet:-1","max-image-preview":"max-image-preview:large","max-video-preview":"max-video-preview:-1"},"canonical":"https:\/\/www.sunblue.pt\/home\/agendar-apresentacao\/","og_locale":"pt_PT","og_type":"article","og_title":"Agendar Apresenta\u00e7\u00e3o - Sunblue | Solvente Restaurador Multi-superf\u00edcies","og_description":"[vc_row full_width=&#8221;stretch_row&#8221; parallax=&#8221;content-moving&#8221; parallax_image=&#8221;2046&#8243; disable_element=&#8221;yes&#8221; css=&#8221;.vc_custom_1520943656309{background-position: center;background-repeat: no-repeat !important;background-size: cover !important;}&#8221; el_class=&#8221;bg-half-left-dark mg-bottom-100 sm-mg-bottom-80&#8243;][vc_column width=&#8221;1\/2&#8243; el_class=&#8221;pd-right-25 xs-pd-right-0 mg-top-100 mg-bottom-100 sm-mg-top-80 sm-mg-bottom-80&#8243; offset=&#8221;vc_col-xs-12&#8243;][g5plus_heading color_scheme=&#8221;dark&#8221; title=&#8221;Agende a sua apresenta\u00e7\u00e3o!&#8221; sub_title=&#8221;Caso pretenda saber mais sobre o SUNBLUE, por favor fa\u00e7a uma marca\u00e7\u00e3o e n\u00f3s o apresentaremos a si.&#8221; css=&#8221;.vc_custom_1580165706414{margin-bottom: 50px !important;}&#8221;][vc_column_text][\/vc_column_text][vc_raw_html]JTJBQ2FtcG9zJTIwZGUlMjBwcmVlbmNoaW1lbnRvJTIwb2JyaWdhdCVDMyVCM3Jpby4lM0NiciUzRSUwQSUzQ2klMjBjbGFzcyUzRCUyMmZhYiUyMGZhLWdvb2dsZSUyMiUzRSUzQyUyRmklM0UlMjBFc3RlJTIwd2Vic2l0ZSUyMCVDMyVBOSUyMHByb3RlZ2lkbyUyMGNvbSUyMG8lMjByZUNBUFRDSEElMjBzZW5kbyUyMHF1ZSUyMHNlJTIwYXBsaWNhbSUyMGElMjAlM0NhJTIwaHJlZiUzRCUyMmh0dHBzJTNBJTJGJTJGcG9saWNpZXMuZ29vZ2xlLmNvbSUyRnByaXZhY3klMjIlM0VQb2wlQzMlQUR0aWNhJTIwZGUlMjBQcml2YWNpZGFkZSUzQyUyRmElM0UlMjBlJTIwJTNDYSUyMGhyZWYlM0QlMjJodHRwcyUzQSUyRiUyRnBvbGljaWVzLmdvb2dsZS5jb20lMkZ0ZXJtcyUyMiUzRVRlcm1vcyUyMGRlJTIwU2VydmklQzMlQTdvJTNDJTJGYSUzRSUyMGRhJTIwR29vZ2xlLiUwQSUzQyUyRmRpdiUzRQ==[\/vc_raw_html][\/vc_column][\/vc_row][vc_row full_width=&#8221;stretch_row&#8221; parallax=&#8221;content-moving&#8221; overlay_mode=&#8221;color&#8221; overlay_color=&#8221;rgba(0,0,0,0.9)&#8221; disable_element=&#8221;yes&#8221; css=&#8221;.vc_custom_1574439601755{margin-top: -100px [&hellip;]","og_url":"https:\/\/www.sunblue.pt\/home\/agendar-apresentacao\/","og_site_name":"Sunblue | Solvente Restaurador Multi-superf\u00edcies","article_modified_time":"2020-01-27T22:55:08+00:00","twitter_card":"summary_large_image","twitter_misc":{"Tempo estimado de leitura":"2 minutos"},"schema":{"@context":"https:\/\/schema.org","@graph":[{"@type":"WebPage","@id":"https:\/\/www.sunblue.pt\/home\/agendar-apresentacao\/","url":"https:\/\/www.sunblue.pt\/home\/agendar-apresentacao\/","name":"Agendar Apresenta\u00e7\u00e3o - Sunblue | Solvente Restaurador Multi-superf\u00edcies","isPartOf":{"@id":"https:\/\/www.sunblue.pt\/home\/#website"},"datePublished":"2019-11-22T16:15:41+00:00","dateModified":"2020-01-27T22:55:08+00:00","breadcrumb":{"@id":"https:\/\/www.sunblue.pt\/home\/agendar-apresentacao\/#breadcrumb"},"inLanguage":"pt-PT","potentialAction":[{"@type":"ReadAction","target":["https:\/\/www.sunblue.pt\/home\/agendar-apresentacao\/"]}]},{"@type":"BreadcrumbList","@id":"https:\/\/www.sunblue.pt\/home\/agendar-apresentacao\/#breadcrumb","itemListElement":[{"@type":"ListItem","position":1,"name":"In\u00edcio","item":"https:\/\/www.sunblue.pt\/home\/"},{"@type":"ListItem","position":2,"name":"Agendar Apresenta\u00e7\u00e3o"}]},{"@type":"WebSite","@id":"https:\/\/www.sunblue.pt\/home\/#website","url":"https:\/\/www.sunblue.pt\/home\/","name":"Sunblue | Solvente Restaurador Multi-superf\u00edcies","description":"SUNBLUE, produto de manuten\u00e7\u00e3o e limpeza multi superf\u00edcie para ambientes industriais, comerciais e dom\u00e9sticos. Produto solvente, n\u00e3o corrosivo, n\u00e3o t\u00f3xico, biodegrad\u00e1vel e ecologicamente inofensivo.","potentialAction":[{"@type":"SearchAction","target":{"@type":"EntryPoint","urlTemplate":"https:\/\/www.sunblue.pt\/home\/?s={search_term_string}"},"query-input":"required name=search_term_string"}],"inLanguage":"pt-PT"}]}},"_links":{"self":[{"href":"https:\/\/www.sunblue.pt\/home\/wp-json\/wp\/v2\/pages\/2312"}],"collection":[{"href":"https:\/\/www.sunblue.pt\/home\/wp-json\/wp\/v2\/pages"}],"about":[{"href":"https:\/\/www.sunblue.pt\/home\/wp-json\/wp\/v2\/types\/page"}],"author":[{"embeddable":true,"href":"https:\/\/www.sunblue.pt\/home\/wp-json\/wp\/v2\/users\/1"}],"replies":[{"embeddable":true,"href":"https:\/\/www.sunblue.pt\/home\/wp-json\/wp\/v2\/comments?post=2312"}],"version-history":[{"count":10,"href":"https:\/\/www.sunblue.pt\/home\/wp-json\/wp\/v2\/pages\/2312\/revisions"}],"predecessor-version":[{"id":2512,"href":"https:\/\/www.sunblue.pt\/home\/wp-json\/wp\/v2\/pages\/2312\/revisions\/2512"}],"wp:attachment":[{"href":"https:\/\/www.sunblue.pt\/home\/wp-json\/wp\/v2\/media?parent=2312"}],"curies":[{"name":"wp","href":"https:\/\/api.w.org\/{rel}","templated":true}]}}