{"id":2542,"date":"2020-01-28T11:24:07","date_gmt":"2020-01-28T11:24:07","guid":{"rendered":"https:\/\/www.sunblue.pt\/home\/?page_id=2542"},"modified":"2020-01-28T12:04:26","modified_gmt":"2020-01-28T12:04:26","slug":"manual-do-utilizador","status":"publish","type":"page","link":"https:\/\/www.sunblue.pt\/home\/manual-do-utilizador\/","title":{"rendered":"Manual do Utilizador Sunblue"},"content":{"rendered":"<div class=\"wpb-content-wrapper\"><p>[vc_row css=&#8221;.vc_custom_1580211578942{margin-top: -100px !important;}&#8221;][vc_column width=&#8221;1\/6&#8243;][vc_raw_html]JTI2bmJzcCUzQg==[\/vc_raw_html][\/vc_column][vc_column width=&#8221;2\/3&#8243;][vc_column_text]<div class=\"_3d-flip-book  fb3d-fullscreen-mode full-size\" data-id=\"2541\" data-mode=\"fullscreen\" data-title=\"false\" data-template=\"short-white-book-view\" data-lightbox=\"dark-shadow\" data-urlparam=\"fb3d-page\" data-page-n=\"0\" data-pdf=\"\" data-tax=\"null\" data-thumbnail=\"\" data-cols=\"3\" data-book-template=\"default\"><\/div><script type=\"text\/javascript\">window.FB3D_CLIENT_DATA = window.FB3D_CLIENT_DATA || [];window.FB3D_CLIENT_DATA.push('eyJwb3N0cyI6eyIyNTQxIjp7IklEIjoyNTQxLCJ0aXRsZSI6Ik1hbnVhbCBkbyBVdGlsaXphZG9yIiwidHlwZSI6InBkZiIsInJlYWR5X2Z1bmN0aW9uIjoiIiwiYm9va19zdHlsZSI6InZvbHVtZSIsImJvb2tfdGVtcGxhdGUiOiJub25lIiwib3V0bGluZSI6W10sImRhdGEiOnsicG9zdF9JRCI6IjIyNTgiLCJndWlkIjoiaHR0cHM6XC9cL3d3dy5zdW5ibHVlLnB0XC9ob21lXC93cC1jb250ZW50XC91cGxvYWRzXC8yMDE5XC8xMVwvbWFudWFsLWRlLXV0aWxpemFkb3Itc3VuYmx1ZS5wZGYiLCJwZGZfcGFnZXMiOiI1IiwicGFnZXNfY3VzdG9taXphdGlvbiI6Im5vbmUifSwidGh1bWJuYWlsIjp7ImRhdGEiOnsicG9zdF9JRCI6IjIxOTkifSwidHlwZSI6Im1lZGlhSW1hZ2UifSwicHJvcHMiOnsiaGVpZ2h0IjoiYXV0byIsIndpZHRoIjoiYXV0byIsImdyYXZpdHkiOiJhdXRvIiwiY2FjaGVkUGFnZXMiOiJhdXRvIiwicmVuZGVySW5hY3RpdmVQYWdlcyI6ImF1dG8iLCJyZW5kZXJJbmFjdGl2ZVBhZ2VzT25Nb2JpbGUiOiJhdXRvIiwicmVuZGVyV2hpbGVGbGlwcGluZyI6ImF1dG8iLCJwYWdlc0ZvclByZWRpY3RpbmciOiJhdXRvIiwicHJlbG9hZFBhZ2VzIjoiYXV0byIsInJ0bCI6ImF1dG8iLCJzaGVldCI6eyJzdGFydFZlbG9jaXR5IjoiYXV0byIsImNvcm5lckRldmlhdGlvbiI6ImF1dG8iLCJmbGV4aWJpbGl0eSI6ImF1dG8iLCJmbGV4aWJsZUNvcm5lciI6ImF1dG8iLCJiZW5kaW5nIjoiYXV0byIsIndhdmUiOiJhdXRvIiwid2lkdGhUZXhlbHMiOiJhdXRvIiwiaGVpZ2h0VGV4ZWxzIjoiYXV0byIsImNvbG9yIjoiMTU0NjEzNTUuMDAwMDAwIn0sImNvdmVyIjp7InN0YXJ0VmVsb2NpdHkiOiJhdXRvIiwiZmxleGliaWxpdHkiOiJhdXRvIiwiZmxleGlibGVDb3JuZXIiOiJhdXRvIiwiYmVuZGluZyI6ImF1dG8iLCJ3YXZlIjoiYXV0byIsIndpZHRoVGV4ZWxzIjoiYXV0byIsImhlaWdodFRleGVscyI6ImF1dG8iLCJjb2xvciI6ImF1dG8iLCJiaW5kZXJUZXh0dXJlIjoiYXV0byIsImRlcHRoIjoiYXV0byIsInBhZGRpbmciOiJhdXRvIiwibWFzcyI6ImF1dG8ifSwicGFnZSI6eyJzdGFydFZlbG9jaXR5IjoiYXV0byIsImZsZXhpYmlsaXR5IjoiYXV0byIsImZsZXhpYmxlQ29ybmVyIjoiYXV0byIsImJlbmRpbmciOiJhdXRvIiwid2F2ZSI6ImF1dG8iLCJ3aWR0aFRleGVscyI6ImF1dG8iLCJoZWlnaHRUZXhlbHMiOiJhdXRvIiwiY29sb3IiOiIxNjI1MDg3MS4wMDAwMDAiLCJkZXB0aCI6ImF1dG8iLCJtYXNzIjoiYXV0byJ9fSwiY29udHJvbFByb3BzIjp7ImFjdGlvbnMiOnsiY21kU2F2ZSI6eyJlbmFibGVkIjoiYXV0byJ9LCJjbWRQcmludCI6eyJlbmFibGVkIjoiYXV0byJ9LCJjbWRTaW5nbGVQYWdlIjp7ImVuYWJsZWQiOiJhdXRvIiwiYWN0aXZlIjoiYXV0byJ9fX0sImF1dG9UaHVtYm5haWwiOm51bGwsInBvc3RfbmFtZSI6Im1hbnVhbC1kby11dGlsaXphZG9yIiwicG9zdF90eXBlIjoiM2QtZmxpcC1ib29rIn19LCJwYWdlcyI6W10sImZpcnN0UGFnZXMiOltdfQ==');window.FB3D_CLIENT_LOCALE && window.FB3D_CLIENT_LOCALE.render();<\/script>[\/vc_column_text][g5plus_button title=&#8221;DOWNLOAD PDF&#8221; align=&#8221;center&#8221; link=&#8221;url:https%3A%2F%2Fwww.sunblue.pt%2Fhome%2Fwp-content%2Fuploads%2F2019%2F11%2Fmanual-de-utilizador-sunblue.pdf||target:%20_blank|&#8221;][\/vc_column][vc_column width=&#8221;1\/6&#8243;][vc_raw_html]JTI2bmJzcCUzQg==[\/vc_raw_html][\/vc_column][\/vc_row]<\/p>\n<\/div>","protected":false},"excerpt":{"rendered":"<p>[vc_row css=&#8221;.vc_custom_1580211578942{margin-top: -100px !important;}&#8221;][vc_column width=&#8221;1\/6&#8243;][vc_raw_html]JTI2bmJzcCUzQg==[\/vc_raw_html][\/vc_column][vc_column width=&#8221;2\/3&#8243;][vc_column_text][\/vc_column_text][g5plus_button title=&#8221;DOWNLOAD PDF&#8221; align=&#8221;center&#8221; link=&#8221;url:https%3A%2F%2Fwww.sunblue.pt%2Fhome%2Fwp-content%2Fuploads%2F2019%2F11%2Fmanual-de-utilizador-sunblue.pdf||target:%20_blank|&#8221;][\/vc_column][vc_column width=&#8221;1\/6&#8243;][vc_raw_html]JTI2bmJzcCUzQg==[\/vc_raw_html][\/vc_column][\/vc_row]<\/p>\n","protected":false},"author":1,"featured_media":0,"parent":0,"menu_order":0,"comment_status":"closed","ping_status":"closed","template":"","meta":{"footnotes":""},"class_list":["post-2542","page","type-page","status-publish","hentry"],"yoast_head":"<!-- This site is optimized with the Yoast SEO plugin v23.1 - https:\/\/yoast.com\/wordpress\/plugins\/seo\/ -->\n<title>Manual do Utilizador Sunblue - Sunblue | Solvente Restaurador Multi-superf\u00edcies<\/title>\n<meta name=\"robots\" content=\"index, follow, max-snippet:-1, max-image-preview:large, max-video-preview:-1\" \/>\n<link rel=\"canonical\" href=\"https:\/\/www.sunblue.pt\/home\/manual-do-utilizador\/\" \/>\n<meta property=\"og:locale\" content=\"pt_PT\" \/>\n<meta property=\"og:type\" content=\"article\" \/>\n<meta property=\"og:title\" content=\"Manual do Utilizador Sunblue - Sunblue | Solvente Restaurador Multi-superf\u00edcies\" \/>\n<meta property=\"og:description\" content=\"[vc_row css=&#8221;.vc_custom_1580211578942{margin-top: -100px !important;}&#8221;][vc_column width=&#8221;1\/6&#8243;][vc_raw_html]JTI2bmJzcCUzQg==[\/vc_raw_html][\/vc_column][vc_column width=&#8221;2\/3&#8243;][vc_column_text][\/vc_column_text][g5plus_button title=&#8221;DOWNLOAD PDF&#8221; align=&#8221;center&#8221; link=&#8221;url:https%3A%2F%2Fwww.sunblue.pt%2Fhome%2Fwp-content%2Fuploads%2F2019%2F11%2Fmanual-de-utilizador-sunblue.pdf||target:%20_blank|&#8221;][\/vc_column][vc_column width=&#8221;1\/6&#8243;][vc_raw_html]JTI2bmJzcCUzQg==[\/vc_raw_html][\/vc_column][\/vc_row]\" \/>\n<meta property=\"og:url\" content=\"https:\/\/www.sunblue.pt\/home\/manual-do-utilizador\/\" \/>\n<meta property=\"og:site_name\" content=\"Sunblue | Solvente Restaurador Multi-superf\u00edcies\" \/>\n<meta property=\"article:modified_time\" content=\"2020-01-28T12:04:26+00:00\" \/>\n<meta name=\"twitter:card\" content=\"summary_large_image\" \/>\n<script type=\"application\/ld+json\" class=\"yoast-schema-graph\">{\"@context\":\"https:\/\/schema.org\",\"@graph\":[{\"@type\":\"WebPage\",\"@id\":\"https:\/\/www.sunblue.pt\/home\/manual-do-utilizador\/\",\"url\":\"https:\/\/www.sunblue.pt\/home\/manual-do-utilizador\/\",\"name\":\"Manual do Utilizador Sunblue - Sunblue | Solvente Restaurador Multi-superf\u00edcies\",\"isPartOf\":{\"@id\":\"https:\/\/www.sunblue.pt\/home\/#website\"},\"datePublished\":\"2020-01-28T11:24:07+00:00\",\"dateModified\":\"2020-01-28T12:04:26+00:00\",\"breadcrumb\":{\"@id\":\"https:\/\/www.sunblue.pt\/home\/manual-do-utilizador\/#breadcrumb\"},\"inLanguage\":\"pt-PT\",\"potentialAction\":[{\"@type\":\"ReadAction\",\"target\":[\"https:\/\/www.sunblue.pt\/home\/manual-do-utilizador\/\"]}]},{\"@type\":\"BreadcrumbList\",\"@id\":\"https:\/\/www.sunblue.pt\/home\/manual-do-utilizador\/#breadcrumb\",\"itemListElement\":[{\"@type\":\"ListItem\",\"position\":1,\"name\":\"In\u00edcio\",\"item\":\"https:\/\/www.sunblue.pt\/home\/\"},{\"@type\":\"ListItem\",\"position\":2,\"name\":\"Manual do Utilizador Sunblue\"}]},{\"@type\":\"WebSite\",\"@id\":\"https:\/\/www.sunblue.pt\/home\/#website\",\"url\":\"https:\/\/www.sunblue.pt\/home\/\",\"name\":\"Sunblue | Solvente Restaurador Multi-superf\u00edcies\",\"description\":\"SUNBLUE, produto de manuten\u00e7\u00e3o e limpeza multi superf\u00edcie para ambientes industriais, comerciais e dom\u00e9sticos. Produto solvente, n\u00e3o corrosivo, n\u00e3o t\u00f3xico, biodegrad\u00e1vel e ecologicamente inofensivo.\",\"potentialAction\":[{\"@type\":\"SearchAction\",\"target\":{\"@type\":\"EntryPoint\",\"urlTemplate\":\"https:\/\/www.sunblue.pt\/home\/?s={search_term_string}\"},\"query-input\":\"required name=search_term_string\"}],\"inLanguage\":\"pt-PT\"}]}<\/script>\n<!-- \/ Yoast SEO plugin. -->","yoast_head_json":{"title":"Manual do Utilizador Sunblue - Sunblue | Solvente Restaurador Multi-superf\u00edcies","robots":{"index":"index","follow":"follow","max-snippet":"max-snippet:-1","max-image-preview":"max-image-preview:large","max-video-preview":"max-video-preview:-1"},"canonical":"https:\/\/www.sunblue.pt\/home\/manual-do-utilizador\/","og_locale":"pt_PT","og_type":"article","og_title":"Manual do Utilizador Sunblue - Sunblue | Solvente Restaurador Multi-superf\u00edcies","og_description":"[vc_row css=&#8221;.vc_custom_1580211578942{margin-top: -100px !important;}&#8221;][vc_column width=&#8221;1\/6&#8243;][vc_raw_html]JTI2bmJzcCUzQg==[\/vc_raw_html][\/vc_column][vc_column width=&#8221;2\/3&#8243;][vc_column_text][\/vc_column_text][g5plus_button title=&#8221;DOWNLOAD PDF&#8221; align=&#8221;center&#8221; link=&#8221;url:https%3A%2F%2Fwww.sunblue.pt%2Fhome%2Fwp-content%2Fuploads%2F2019%2F11%2Fmanual-de-utilizador-sunblue.pdf||target:%20_blank|&#8221;][\/vc_column][vc_column width=&#8221;1\/6&#8243;][vc_raw_html]JTI2bmJzcCUzQg==[\/vc_raw_html][\/vc_column][\/vc_row]","og_url":"https:\/\/www.sunblue.pt\/home\/manual-do-utilizador\/","og_site_name":"Sunblue | Solvente Restaurador Multi-superf\u00edcies","article_modified_time":"2020-01-28T12:04:26+00:00","twitter_card":"summary_large_image","schema":{"@context":"https:\/\/schema.org","@graph":[{"@type":"WebPage","@id":"https:\/\/www.sunblue.pt\/home\/manual-do-utilizador\/","url":"https:\/\/www.sunblue.pt\/home\/manual-do-utilizador\/","name":"Manual do Utilizador Sunblue - Sunblue | Solvente Restaurador Multi-superf\u00edcies","isPartOf":{"@id":"https:\/\/www.sunblue.pt\/home\/#website"},"datePublished":"2020-01-28T11:24:07+00:00","dateModified":"2020-01-28T12:04:26+00:00","breadcrumb":{"@id":"https:\/\/www.sunblue.pt\/home\/manual-do-utilizador\/#breadcrumb"},"inLanguage":"pt-PT","potentialAction":[{"@type":"ReadAction","target":["https:\/\/www.sunblue.pt\/home\/manual-do-utilizador\/"]}]},{"@type":"BreadcrumbList","@id":"https:\/\/www.sunblue.pt\/home\/manual-do-utilizador\/#breadcrumb","itemListElement":[{"@type":"ListItem","position":1,"name":"In\u00edcio","item":"https:\/\/www.sunblue.pt\/home\/"},{"@type":"ListItem","position":2,"name":"Manual do Utilizador Sunblue"}]},{"@type":"WebSite","@id":"https:\/\/www.sunblue.pt\/home\/#website","url":"https:\/\/www.sunblue.pt\/home\/","name":"Sunblue | Solvente Restaurador Multi-superf\u00edcies","description":"SUNBLUE, produto de manuten\u00e7\u00e3o e limpeza multi superf\u00edcie para ambientes industriais, comerciais e dom\u00e9sticos. Produto solvente, n\u00e3o corrosivo, n\u00e3o t\u00f3xico, biodegrad\u00e1vel e ecologicamente inofensivo.","potentialAction":[{"@type":"SearchAction","target":{"@type":"EntryPoint","urlTemplate":"https:\/\/www.sunblue.pt\/home\/?s={search_term_string}"},"query-input":"required name=search_term_string"}],"inLanguage":"pt-PT"}]}},"_links":{"self":[{"href":"https:\/\/www.sunblue.pt\/home\/wp-json\/wp\/v2\/pages\/2542"}],"collection":[{"href":"https:\/\/www.sunblue.pt\/home\/wp-json\/wp\/v2\/pages"}],"about":[{"href":"https:\/\/www.sunblue.pt\/home\/wp-json\/wp\/v2\/types\/page"}],"author":[{"embeddable":true,"href":"https:\/\/www.sunblue.pt\/home\/wp-json\/wp\/v2\/users\/1"}],"replies":[{"embeddable":true,"href":"https:\/\/www.sunblue.pt\/home\/wp-json\/wp\/v2\/comments?post=2542"}],"version-history":[{"count":25,"href":"https:\/\/www.sunblue.pt\/home\/wp-json\/wp\/v2\/pages\/2542\/revisions"}],"predecessor-version":[{"id":2567,"href":"https:\/\/www.sunblue.pt\/home\/wp-json\/wp\/v2\/pages\/2542\/revisions\/2567"}],"wp:attachment":[{"href":"https:\/\/www.sunblue.pt\/home\/wp-json\/wp\/v2\/media?parent=2542"}],"curies":[{"name":"wp","href":"https:\/\/api.w.org\/{rel}","templated":true}]}}