{"id":2569,"date":"2020-01-29T16:58:54","date_gmt":"2020-01-29T16:58:54","guid":{"rendered":"https:\/\/www.sunblue.pt\/home\/video-grid-gallery\/"},"modified":"2020-01-29T17:19:01","modified_gmt":"2020-01-29T17:19:01","slug":"videos-demonstrativos","status":"publish","type":"page","link":"https:\/\/www.sunblue.pt\/home\/videos-demonstrativos\/","title":{"rendered":"Videos Demonstrativos"},"content":{"rendered":"\n<div \n\tid=\"sb_youtube_sbyUClB66LPVxCyWIvMjFnuJllw8\" \n\t class=\"sb_youtube sby_layout_grid sby_col_3 sby_mob_col_2 sby_palette_inherit  sby_width_resp\" \n\tdata-feedid=\"sby_UClB66LPVxCyWIvMjFnuJllw#8\" \n\tdata-shortcode-atts=\"{&quot;layout&quot;:&quot;grid&quot;}\" \n\tdata-cols=\"3\" \n\tdata-colsmobile=\"2\" \n\tdata-num=\"8\" \n\tdata-nummobile=\"8\" \n\tdata-channel-subscribers=\"&lt;span class=&quot;sby_loader&quot; style=&quot;background-color: rgb(255, 255, 255);&quot;&gt;&lt;\/span&gt; subscribers\"\tdata-subscribe-btn=\"1\" \n\tdata-subscribe-btn-text=\"Ver todos no Youtube\" \n\t data-sby-flags=\"checkWPPosts,resizeDisable\" data-postid=\"2569\" data-sby-supports-lightbox=\"1\" style=\"width: 100%;\" \n\t data-videocardlayout=\"vertical\" \n>\n\t<div class=\"sb_youtube_header \" >\n    <a href=\"https:\/\/www.youtube.com\/channel\/UClB66LPVxCyWIvMjFnuJllw\/\" target=\"_blank\" rel=\"noopener\" title=\"@Sunblue SB\" class=\"sby_header_link\" data-channel-description=\"visible\">\n        <div class=\"sby_header_text sby_no_bio sby_no_sub\"  data-header-subscriber=\"shown\">\n            <h3 >Sunblue SB<\/h3>\n\t\t\t        <\/div>\n        <div class=\"sby_header_img\" data-avatar-url=\"https:\/\/yt3.ggpht.com\/a\/AGF-l7-sQh5vYFrnlM-alrgLLLOPbIkW15bpaekJRw=s88-c-k-c0xffffffff-no-rj-mo\">\n            <div class=\"sby_header_img_hover\"><svg aria-hidden=\"true\" focusable=\"false\" data-prefix=\"fab\" data-icon=\"youtube\" role=\"img\" xmlns=\"http:\/\/www.w3.org\/2000\/svg\" viewBox=\"0 0 576 512\" class=\"sby_new_logo svg-inline--fa fa-youtube fa-w-18\"><path fill=\"currentColor\" d=\"M549.655 124.083c-6.281-23.65-24.787-42.276-48.284-48.597C458.781 64 288 64 288 64S117.22 64 74.629 75.486c-23.497 6.322-42.003 24.947-48.284 48.597-11.412 42.867-11.412 132.305-11.412 132.305s0 89.438 11.412 132.305c6.281 23.65 24.787 41.5 48.284 47.821C117.22 448 288 448 288 448s170.78 0 213.371-11.486c23.497-6.321 42.003-24.171 48.284-47.821 11.412-42.867 11.412-132.305 11.412-132.305s0-89.438-11.412-132.305zm-317.51 213.508V175.185l142.739 81.205-142.739 81.201z\" class=\"\"><\/path><\/svg><\/div>\n            <img loading=\"lazy\" decoding=\"async\" src=\"https:\/\/yt3.ggpht.com\/a\/AGF-l7-sQh5vYFrnlM-alrgLLLOPbIkW15bpaekJRw=s88-c-k-c0xffffffff-no-rj-mo\" alt=\"Sunblue SB\" width=\"50\" height=\"50\">\n        <\/div>\n    <\/a>\n<\/div>        <div class=\"sby_items_wrap\" style=\"padding: 5px;\">\n\t\t<div class=\"sby_item  sby_new sby_transition\" id=\"sby_UClB66LPVxCyWIvMjFnuJllw_dSPg2Yip24I\" data-date=\"1580653578\" data-video-id=\"dSPg2Yip24I\">\n    <div class=\"sby_inner_item\">\n        <div class=\"sby_video_thumbnail_wrap sby_item_video_thumbnail_wrap\">\n            <a class=\"sby_video_thumbnail sby_item_video_thumbnail\" href=\"https:\/\/www.youtube.com\/watch?v=dSPg2Yip24I\" target=\"_blank\" rel=\"noopener\" data-full-res=\"https:\/\/i1.ytimg.com\/vi\/dSPg2Yip24I\/maxresdefault.jpg\" data-img-src-set=\"{&quot;120&quot;:&quot;https:\\\/\\\/i1.ytimg.com\\\/vi\\\/dSPg2Yip24I\\\/default.jpg&quot;,&quot;320&quot;:&quot;https:\\\/\\\/i1.ytimg.com\\\/vi\\\/dSPg2Yip24I\\\/mqdefault.jpg&quot;,&quot;480&quot;:&quot;https:\\\/\\\/i1.ytimg.com\\\/vi\\\/dSPg2Yip24I\\\/hqdefault.jpg&quot;,&quot;640&quot;:&quot;https:\\\/\\\/i1.ytimg.com\\\/vi\\\/dSPg2Yip24I\\\/sddefault.jpg&quot;}\" data-video-id=\"dSPg2Yip24I\" data-video-title=\"Limpeza de Arreios e acess\u00f3rios para cavalos\">\n                <img decoding=\"async\" src=\"https:\/\/www.sunblue.pt\/home\/wp-content\/plugins\/feeds-for-youtube\/img\/placeholder.png\" alt=\"Manuten\u00e7\u00e3o e renova\u00e7\u00e3o dos acess\u00f3rios para cavalos. Simples, eficaz e com um acabado final de profissional.\">\n\n                <div class=\"sby_thumbnail_hover sby_item_video_thumbnail_hover\">\n                    <div class=\"sby_thumbnail_hover_inner\">\n                                                    <span class=\"sby_video_title\" >Limpeza de Arreios e acess\u00f3rios para cavalos<\/span>\n                                            <\/div>\n                <\/div>\n\n                                    <div class=\"sby_play_btn\" >\n                        <span class=\"sby_play_btn_bg\"><\/span>\n                        <svg aria-hidden=\"true\" focusable=\"false\" data-prefix=\"fab\" data-icon=\"youtube\" role=\"img\" xmlns=\"http:\/\/www.w3.org\/2000\/svg\" viewBox=\"0 0 576 512\" class=\"svg-inline--fa fa-youtube fa-w-18\"><path fill=\"currentColor\" d=\"M549.655 124.083c-6.281-23.65-24.787-42.276-48.284-48.597C458.781 64 288 64 288 64S117.22 64 74.629 75.486c-23.497 6.322-42.003 24.947-48.284 48.597-11.412 42.867-11.412 132.305-11.412 132.305s0 89.438 11.412 132.305c6.281 23.65 24.787 41.5 48.284 47.821C117.22 448 288 448 288 448s170.78 0 213.371-11.486c23.497-6.321 42.003-24.171 48.284-47.821 11.412-42.867 11.412-132.305 11.412-132.305s0-89.438-11.412-132.305zm-317.51 213.508V175.185l142.739 81.205-142.739 81.201z\" class=\"\"><\/path><\/svg>                    <\/div>\n                                <span class=\"sby_loader sby_hidden\" style=\"background-color: rgb(255, 255, 255);\"><\/span>\n            <\/a>\n\n                    <\/div>\n    <\/div>\n<\/div><div class=\"sby_item  sby_new sby_transition\" id=\"sby_UClB66LPVxCyWIvMjFnuJllw_wLxvwsbcwd4\" data-date=\"1579824007\" data-video-id=\"wLxvwsbcwd4\">\n    <div class=\"sby_inner_item\">\n        <div class=\"sby_video_thumbnail_wrap sby_item_video_thumbnail_wrap\">\n            <a class=\"sby_video_thumbnail sby_item_video_thumbnail\" href=\"https:\/\/www.youtube.com\/watch?v=wLxvwsbcwd4\" target=\"_blank\" rel=\"noopener\" data-full-res=\"https:\/\/i4.ytimg.com\/vi\/wLxvwsbcwd4\/maxresdefault.jpg\" data-img-src-set=\"{&quot;120&quot;:&quot;https:\\\/\\\/i4.ytimg.com\\\/vi\\\/wLxvwsbcwd4\\\/default.jpg&quot;,&quot;320&quot;:&quot;https:\\\/\\\/i4.ytimg.com\\\/vi\\\/wLxvwsbcwd4\\\/mqdefault.jpg&quot;,&quot;480&quot;:&quot;https:\\\/\\\/i4.ytimg.com\\\/vi\\\/wLxvwsbcwd4\\\/hqdefault.jpg&quot;,&quot;640&quot;:&quot;https:\\\/\\\/i4.ytimg.com\\\/vi\\\/wLxvwsbcwd4\\\/sddefault.jpg&quot;}\" data-video-id=\"wLxvwsbcwd4\" data-video-title=\"Limpeza Industrial, M\u00e1quina de Impress\u00e3o de Cart\u00f5es | SUNBLUE\">\n                <img decoding=\"async\" src=\"https:\/\/www.sunblue.pt\/home\/wp-content\/plugins\/feeds-for-youtube\/img\/placeholder.png\" alt=\"SUNBLUE \u00e9 um produto que n\u00e3o sendo t\u00f3xico nem com cheiros agressivos, vem substituir alguns produtos do mercado, dando a facilidade do usu\u00e1rio o empregar na maior parte das superf\u00edcies previamente testadas, sem danificar as mesmas.\nBiodegrad\u00e1vel e ecologicamente inofensivo, aconselh\u00e1vel para pessoas com problemas de irritabilidade da pele, nas dosagens recomendadas de uso, n\u00e3o causando efeitos secund\u00e1rios, ate o podemos nomear como um dos melhores \u201call clean\u201d do mercado.\">\n\n                <div class=\"sby_thumbnail_hover sby_item_video_thumbnail_hover\">\n                    <div class=\"sby_thumbnail_hover_inner\">\n                                                    <span class=\"sby_video_title\" >Limpeza Industrial, M\u00e1quina de Impress\u00e3o de Cart\u00f5es | SUNBLUE<\/span>\n                                            <\/div>\n                <\/div>\n\n                                    <div class=\"sby_play_btn\" >\n                        <span class=\"sby_play_btn_bg\"><\/span>\n                        <svg aria-hidden=\"true\" focusable=\"false\" data-prefix=\"fab\" data-icon=\"youtube\" role=\"img\" xmlns=\"http:\/\/www.w3.org\/2000\/svg\" viewBox=\"0 0 576 512\" class=\"svg-inline--fa fa-youtube fa-w-18\"><path fill=\"currentColor\" d=\"M549.655 124.083c-6.281-23.65-24.787-42.276-48.284-48.597C458.781 64 288 64 288 64S117.22 64 74.629 75.486c-23.497 6.322-42.003 24.947-48.284 48.597-11.412 42.867-11.412 132.305-11.412 132.305s0 89.438 11.412 132.305c6.281 23.65 24.787 41.5 48.284 47.821C117.22 448 288 448 288 448s170.78 0 213.371-11.486c23.497-6.321 42.003-24.171 48.284-47.821 11.412-42.867 11.412-132.305 11.412-132.305s0-89.438-11.412-132.305zm-317.51 213.508V175.185l142.739 81.205-142.739 81.201z\" class=\"\"><\/path><\/svg>                    <\/div>\n                                <span class=\"sby_loader sby_hidden\" style=\"background-color: rgb(255, 255, 255);\"><\/span>\n            <\/a>\n\n                    <\/div>\n    <\/div>\n<\/div>    <\/div>\n    \n\t<div class=\"sby_footer\">\n\n\n    <span \n        class=\"sby_follow_btn sby_custom\" \n            >\n        <a \n            href=\"https:\/\/www.youtube.com\/channel\/UClB66LPVxCyWIvMjFnuJllw\/\"\n            style=\"background: rgb(0,0,249);color: rgb(255,255,255);\" \n            target=\"_blank\" \n            rel=\"noopener\"\n        >\n            <svg aria-hidden=\"true\" focusable=\"false\" data-prefix=\"fab\" data-icon=\"youtube\" role=\"img\" xmlns=\"http:\/\/www.w3.org\/2000\/svg\" viewBox=\"0 0 576 512\" class=\"svg-inline--fa fa-youtube fa-w-18\"><path fill=\"currentColor\" d=\"M549.655 124.083c-6.281-23.65-24.787-42.276-48.284-48.597C458.781 64 288 64 288 64S117.22 64 74.629 75.486c-23.497 6.322-42.003 24.947-48.284 48.597-11.412 42.867-11.412 132.305-11.412 132.305s0 89.438 11.412 132.305c6.281 23.65 24.787 41.5 48.284 47.821C117.22 448 288 448 288 448s170.78 0 213.371-11.486c23.497-6.321 42.003-24.171 48.284-47.821 11.412-42.867 11.412-132.305 11.412-132.305s0-89.438-11.412-132.305zm-317.51 213.508V175.185l142.739 81.205-142.739 81.201z\" class=\"\"><\/path><\/svg>            <span  >\n                Ver todos no Youtube            <\/span>\n        <\/a>\n    <\/span>\n<\/div>\n    \n\t\n<\/div>\n\n<style type=\"text\/css\">#sb_youtube_sbyUClB66LPVxCyWIvMjFnuJllw8 .sby_caption_wrap .sby_caption { font-size: 13px !important}#sb_youtube_sbyUClB66LPVxCyWIvMjFnuJllw8[data-videostyle=boxed] .sby_items_wrap .sby_item .sby_inner_item { background-color: #ffffff !important}<\/style><script type=\"text\/javascript\">if (typeof sbyOptions === \"undefined\") var sbyOptions = {\"adminAjaxUrl\":\"https:\\\/\\\/www.sunblue.pt\\\/home\\\/wp-admin\\\/admin-ajax.php\",\"placeholder\":\"https:\\\/\\\/www.sunblue.pt\\\/home\\\/wp-content\\\/plugins\\\/feeds-for-youtube\\\/img\\\/placeholder.png\",\"placeholderNarrow\":\"https:\\\/\\\/www.sunblue.pt\\\/home\\\/wp-content\\\/plugins\\\/feeds-for-youtube\\\/img\\\/placeholder-narrow.png\",\"lightboxPlaceholder\":\"https:\\\/\\\/www.sunblue.pt\\\/home\\\/wp-content\\\/plugins\\\/feeds-for-youtube\\\/img\\\/lightbox-placeholder.png\",\"lightboxPlaceholderNarrow\":\"https:\\\/\\\/www.sunblue.pt\\\/home\\\/wp-content\\\/plugins\\\/feeds-for-youtube\\\/img\\\/lightbox-placeholder-narrow.png\",\"autoplay\":false,\"semiEagerload\":false,\"eagerload\":false};<\/script><script type='text\/javascript' src='https:\/\/www.sunblue.pt\/home\/wp-content\/plugins\/feeds-for-youtube\/js\/sb-youtube.min.js?ver=2.2.2'><\/script>\n","protected":false},"excerpt":{"rendered":"Sunblue SB Limpeza de Arreios e acess\u00f3rios para cavalos Limpeza Industrial, M\u00e1quina de Impress\u00e3o de Cart\u00f5es | SUNBLUE Ver todos no Youtube","protected":false},"author":1,"featured_media":0,"parent":0,"menu_order":0,"comment_status":"closed","ping_status":"closed","template":"","meta":{"footnotes":""},"class_list":["post-2569","page","type-page","status-publish","hentry"],"yoast_head":"<!-- This site is optimized with the Yoast SEO plugin v23.1 - https:\/\/yoast.com\/wordpress\/plugins\/seo\/ -->\n<title>Videos Demonstrativos - Sunblue | Solvente Restaurador Multi-superf\u00edcies<\/title>\n<meta name=\"robots\" content=\"index, follow, max-snippet:-1, max-image-preview:large, max-video-preview:-1\" \/>\n<link rel=\"canonical\" href=\"https:\/\/www.sunblue.pt\/home\/videos-demonstrativos\/\" \/>\n<meta property=\"og:locale\" content=\"pt_PT\" \/>\n<meta property=\"og:type\" content=\"article\" \/>\n<meta property=\"og:title\" content=\"Videos Demonstrativos - Sunblue | Solvente Restaurador Multi-superf\u00edcies\" \/>\n<meta property=\"og:url\" content=\"https:\/\/www.sunblue.pt\/home\/videos-demonstrativos\/\" \/>\n<meta property=\"og:site_name\" content=\"Sunblue | Solvente Restaurador Multi-superf\u00edcies\" \/>\n<meta property=\"article:modified_time\" content=\"2020-01-29T17:19:01+00:00\" \/>\n<meta name=\"twitter:card\" content=\"summary_large_image\" \/>\n<script type=\"application\/ld+json\" class=\"yoast-schema-graph\">{\"@context\":\"https:\/\/schema.org\",\"@graph\":[{\"@type\":\"WebPage\",\"@id\":\"https:\/\/www.sunblue.pt\/home\/videos-demonstrativos\/\",\"url\":\"https:\/\/www.sunblue.pt\/home\/videos-demonstrativos\/\",\"name\":\"Videos Demonstrativos - Sunblue | Solvente Restaurador Multi-superf\u00edcies\",\"isPartOf\":{\"@id\":\"https:\/\/www.sunblue.pt\/home\/#website\"},\"datePublished\":\"2020-01-29T16:58:54+00:00\",\"dateModified\":\"2020-01-29T17:19:01+00:00\",\"breadcrumb\":{\"@id\":\"https:\/\/www.sunblue.pt\/home\/videos-demonstrativos\/#breadcrumb\"},\"inLanguage\":\"pt-PT\",\"potentialAction\":[{\"@type\":\"ReadAction\",\"target\":[\"https:\/\/www.sunblue.pt\/home\/videos-demonstrativos\/\"]}]},{\"@type\":\"BreadcrumbList\",\"@id\":\"https:\/\/www.sunblue.pt\/home\/videos-demonstrativos\/#breadcrumb\",\"itemListElement\":[{\"@type\":\"ListItem\",\"position\":1,\"name\":\"In\u00edcio\",\"item\":\"https:\/\/www.sunblue.pt\/home\/\"},{\"@type\":\"ListItem\",\"position\":2,\"name\":\"Videos Demonstrativos\"}]},{\"@type\":\"WebSite\",\"@id\":\"https:\/\/www.sunblue.pt\/home\/#website\",\"url\":\"https:\/\/www.sunblue.pt\/home\/\",\"name\":\"Sunblue | Solvente Restaurador Multi-superf\u00edcies\",\"description\":\"SUNBLUE, produto de manuten\u00e7\u00e3o e limpeza multi superf\u00edcie para ambientes industriais, comerciais e dom\u00e9sticos. Produto solvente, n\u00e3o corrosivo, n\u00e3o t\u00f3xico, biodegrad\u00e1vel e ecologicamente inofensivo.\",\"potentialAction\":[{\"@type\":\"SearchAction\",\"target\":{\"@type\":\"EntryPoint\",\"urlTemplate\":\"https:\/\/www.sunblue.pt\/home\/?s={search_term_string}\"},\"query-input\":\"required name=search_term_string\"}],\"inLanguage\":\"pt-PT\"}]}<\/script>\n<!-- \/ Yoast SEO plugin. -->","yoast_head_json":{"title":"Videos Demonstrativos - Sunblue | Solvente Restaurador Multi-superf\u00edcies","robots":{"index":"index","follow":"follow","max-snippet":"max-snippet:-1","max-image-preview":"max-image-preview:large","max-video-preview":"max-video-preview:-1"},"canonical":"https:\/\/www.sunblue.pt\/home\/videos-demonstrativos\/","og_locale":"pt_PT","og_type":"article","og_title":"Videos Demonstrativos - Sunblue | Solvente Restaurador Multi-superf\u00edcies","og_url":"https:\/\/www.sunblue.pt\/home\/videos-demonstrativos\/","og_site_name":"Sunblue | Solvente Restaurador Multi-superf\u00edcies","article_modified_time":"2020-01-29T17:19:01+00:00","twitter_card":"summary_large_image","schema":{"@context":"https:\/\/schema.org","@graph":[{"@type":"WebPage","@id":"https:\/\/www.sunblue.pt\/home\/videos-demonstrativos\/","url":"https:\/\/www.sunblue.pt\/home\/videos-demonstrativos\/","name":"Videos Demonstrativos - Sunblue | Solvente Restaurador Multi-superf\u00edcies","isPartOf":{"@id":"https:\/\/www.sunblue.pt\/home\/#website"},"datePublished":"2020-01-29T16:58:54+00:00","dateModified":"2020-01-29T17:19:01+00:00","breadcrumb":{"@id":"https:\/\/www.sunblue.pt\/home\/videos-demonstrativos\/#breadcrumb"},"inLanguage":"pt-PT","potentialAction":[{"@type":"ReadAction","target":["https:\/\/www.sunblue.pt\/home\/videos-demonstrativos\/"]}]},{"@type":"BreadcrumbList","@id":"https:\/\/www.sunblue.pt\/home\/videos-demonstrativos\/#breadcrumb","itemListElement":[{"@type":"ListItem","position":1,"name":"In\u00edcio","item":"https:\/\/www.sunblue.pt\/home\/"},{"@type":"ListItem","position":2,"name":"Videos Demonstrativos"}]},{"@type":"WebSite","@id":"https:\/\/www.sunblue.pt\/home\/#website","url":"https:\/\/www.sunblue.pt\/home\/","name":"Sunblue | Solvente Restaurador Multi-superf\u00edcies","description":"SUNBLUE, produto de manuten\u00e7\u00e3o e limpeza multi superf\u00edcie para ambientes industriais, comerciais e dom\u00e9sticos. Produto solvente, n\u00e3o corrosivo, n\u00e3o t\u00f3xico, biodegrad\u00e1vel e ecologicamente inofensivo.","potentialAction":[{"@type":"SearchAction","target":{"@type":"EntryPoint","urlTemplate":"https:\/\/www.sunblue.pt\/home\/?s={search_term_string}"},"query-input":"required name=search_term_string"}],"inLanguage":"pt-PT"}]}},"_links":{"self":[{"href":"https:\/\/www.sunblue.pt\/home\/wp-json\/wp\/v2\/pages\/2569"}],"collection":[{"href":"https:\/\/www.sunblue.pt\/home\/wp-json\/wp\/v2\/pages"}],"about":[{"href":"https:\/\/www.sunblue.pt\/home\/wp-json\/wp\/v2\/types\/page"}],"author":[{"embeddable":true,"href":"https:\/\/www.sunblue.pt\/home\/wp-json\/wp\/v2\/users\/1"}],"replies":[{"embeddable":true,"href":"https:\/\/www.sunblue.pt\/home\/wp-json\/wp\/v2\/comments?post=2569"}],"version-history":[{"count":3,"href":"https:\/\/www.sunblue.pt\/home\/wp-json\/wp\/v2\/pages\/2569\/revisions"}],"predecessor-version":[{"id":2580,"href":"https:\/\/www.sunblue.pt\/home\/wp-json\/wp\/v2\/pages\/2569\/revisions\/2580"}],"wp:attachment":[{"href":"https:\/\/www.sunblue.pt\/home\/wp-json\/wp\/v2\/media?parent=2569"}],"curies":[{"name":"wp","href":"https:\/\/api.w.org\/{rel}","templated":true}]}}