{"id":851,"date":"2016-07-15T09:11:27","date_gmt":"2016-07-15T09:11:27","guid":{"rendered":"http:\/\/sunblue.pt\/home\/?page_id=851"},"modified":"2020-01-28T11:17:22","modified_gmt":"2020-01-28T11:17:22","slug":"sobre-a-empresa","status":"publish","type":"page","link":"https:\/\/www.sunblue.pt\/home\/sobre-a-empresa\/","title":{"rendered":"Sobre a Empresa"},"content":{"rendered":"<div class=\"wpb-content-wrapper\"><p>[vc_row css=&#8221;.vc_custom_1468576813213{margin-top: 100px !important;}&#8221; el_class=&#8221;mg-bottom-100 sm-mg-bottom-80&#8243;][vc_column el_class=&#8221;sm-mg-bottom-30&#8243; offset=&#8221;vc_col-md-6&#8243;][g5plus_heading title=&#8221;QUEM SOMOS?&#8221; sub_title=&#8221;CONHE\u00c7A-NOS&#8221;][vc_column_text css=&#8221;.vc_custom_1563919086971{margin-top: -30px !important;margin-bottom: 35px !important;padding-right: 30px !important;}&#8221;]<span class=\"fs-13\" style=\"color: #727272;\">A nossa empresa ao longo dos tempos veio ao encontro de um produto que fosse f\u00e1cil, pr\u00e1tico e que conseguisse substituir a forma e empregabilidade do mesmo, neste caso simplificar eficazmente a manuten\u00e7\u00e3o e limpeza, tanto dos equipamentos industriais como at\u00e9 no nosso dia a dia, casa ,trabalho, etc.<br \/>\nAcreditamos que saber ouvir as necessidades e melhorar o poder de resposta \u00e9 a base do sucesso tanto par n\u00f3s, como para nossos parceiros e utilizadores.<\/span>[\/vc_column_text][vc_empty_space][g5plus_slider_container nav=&#8221;&#8221; dots=&#8221;true&#8221; items_lg=&#8221;2&#8243; items_md=&#8221;2&#8243; items_sm=&#8221;2&#8243;][g5plus_icon_box layout_style=&#8221;text-left&#8221; icon_bg_shape=&#8221;icon-bg-circle&#8221; icon_scheme_color=&#8221;icon-scheme-dark&#8221; title=&#8221;Servi\u00e7os &amp; Produto&#8221; description=&#8221;Dedicados a melhorar nossos servi\u00e7os, e o nosso produto, para que juntos possa-mos realizar tarefas que simplifiquem nosso dia a dia, somando um melhor resultado conjuntamente com a experi\u00e9ncia adquirida ao longo de estes anos.&#8221; icon_font=&#8221;flaticon-carrying-trade&#8221; el_class=&#8221;sunblue-icon-box&#8221;][g5plus_icon_box layout_style=&#8221;text-left&#8221; icon_bg_shape=&#8221;icon-bg-circle&#8221; icon_scheme_color=&#8221;icon-scheme-dark&#8221; title=&#8221;SUNBLUE \u00ae (O nosso produto)&#8221; description=&#8221;SUNBLUE \u00ae \u00e9 o resultado da procura e desenvolvimento de um produto, pela qual nos orgulhamos de ter e de fornecer a uma vasta clientela existente nas diversas \u00e1reas comerciais e de industria, com diversas aplica\u00e7\u00f5es.&#8221; icon_font=&#8221;fa fa-tint&#8221;][\/g5plus_slider_container][vc_empty_space][g5plus_slider_container nav=&#8221;&#8221; dots=&#8221;true&#8221; items_lg=&#8221;2&#8243; items_md=&#8221;2&#8243; items_sm=&#8221;2&#8243;][g5plus_icon_box layout_style=&#8221;text-left&#8221; icon_bg_shape=&#8221;icon-bg-circle&#8221; icon_scheme_color=&#8221;icon-scheme-dark&#8221; title=&#8221;Garantia &amp; Assist\u00eancia p\u00f3s-venda&#8221; description=&#8221;Com a garantia e assistencia pos-venda, n\u00e3o ficar\u00e1 sem uma boa acessoria, dando uma boa aplica\u00e7\u00e3o e o melhor acompanhamento no desenvolvivento de novas aplica\u00e7\u00f5es.&#8221; icon_font=&#8221;fa fa-user&#8221; link=&#8221;|||&#8221;][g5plus_icon_box layout_style=&#8221;text-left&#8221; icon_bg_shape=&#8221;icon-bg-circle&#8221; icon_scheme_color=&#8221;icon-scheme-dark&#8221; title=&#8221;Distribui\u00e7\u00e3o, Importa\u00e7\u00e3o &amp; Embalamento&#8221; description=&#8221;Somos distribuidores, em parceria com uma empresa de Importa\u00e7\u00e3o e embalamento, com a finalidade de ser mais competitivo tanto no pre\u00e7o como na qualidade.&#8221; icon_font=&#8221;flaticon-clock&#8221;][\/g5plus_slider_container][\/vc_column][vc_column offset=&#8221;vc_col-md-6&#8243;][vc_row_inner][vc_column_inner width=&#8221;1\/2&#8243; offset=&#8221;vc_col-xs-6&#8243;][vc_single_image image=&#8221;2017&#8243; img_size=&#8221;full&#8221; alignment=&#8221;center&#8221;][vc_empty_space][vc_single_image image=&#8221;857&#8243; img_size=&#8221;full&#8221; alignment=&#8221;center&#8221; css=&#8221;.vc_custom_1468659276945{margin-bottom: 30px !important;}&#8221; el_class=&#8221;all-width-100&#8243;][vc_single_image image=&#8221;856&#8243; img_size=&#8221;full&#8221; el_class=&#8221;all-width-100&#8243;][\/vc_column_inner][vc_column_inner width=&#8221;1\/2&#8243; offset=&#8221;vc_col-xs-6&#8243;][vc_single_image image=&#8221;855&#8243; img_size=&#8221;full&#8221; el_class=&#8221;mg-top-75 all-width-100&#8243;][\/vc_column_inner][\/vc_row_inner][\/vc_column][\/vc_row][vc_row full_width=&#8221;stretch_row&#8221; css=&#8221;.vc_custom_1468803832780{background-image: url(https:\/\/sunblue.pt\/home\/wp-content\/uploads\/2016\/07\/testimonials-background-02.jpg?id=88) !important;}&#8221; el_class=&#8221; pd-top-100 pd-bottom-90 sm-pd-top-80 sm-pd-bottom-70&#8243;][vc_column css=&#8221;.vc_custom_1467886001452{background-position: 0 0 !important;background-repeat: repeat !important;}&#8221; offset=&#8221;vc_col-md-6 vc_col-xs-12&#8243;][g5plus_heading color_scheme=&#8221;dark&#8221; title=&#8221;O QUE DIZEM DE N\u00d3S&#8230;&#8221;][g5plus_testimonials values=&#8221;%5B%7B%22avatar%22%3A%222299%22%2C%22author%22%3A%22%C3%82NGELO%20SANTOS%22%2C%22author_info%22%3A%22Estofador%22%2C%22quote%22%3A%22%5C%22Na%20minha%20profiss%C3%A3o%20uso%20o%20SUNBLUE%2C%20para%20a%20remo%C3%A7%C3%A3o%20de%20colas%20dos%20tejadilhos%20de%20ve%C3%ADculos%20e%20para%20o%20acabamento%20final%20antes%20da%20entrega%20dos%20servi%C3%A7os%20feitos%20para%20meus%20clientes.%20Recomendo%20o%20uso%20para%20limpeza%20de%20tecidos%20e%20peles%20dos%20sofas.%5C%22%22%7D%2C%7B%22avatar%22%3A%222300%22%2C%22author%22%3A%22CARLOS%20L%C3%93PEZ%22%2C%22author_info%22%3A%22M%C3%A9dico%20Dentista%22%2C%22quote%22%3A%22%5C%22Uso%20o%20SUNBLUE%2C%20para%20a%20manuten%C3%A7%C3%A3o%20e%20limpeza%20dos%20meus%20equipamentos%2C%20assim%20como%20a%20cadeira%20dent%C3%A1ria%20e%20v%C3%A1rias%20superf%C3%ADcies%20que%20precisam%20de%20um%20acabamento%20exepcional.%20%5C%22%22%7D%2C%7B%22author%22%3A%22FRANCISCO%20FERNANDES%22%2C%22author_info%22%3A%22Empres%C3%A1rio%20na%20Industria%20de%20Panifica%C3%A7%C3%A3o%22%2C%22quote%22%3A%22%5C%22Eu%20confio%20em%20SUNBLUE%2C%20porque%20no%20meu%20dia%20a%20dia%20tenho%20um%20produto%20para%20uso%20geral%2C%20tanto%20%20para%20a%20limpeza%20das%20bancadas%20de%20Inox%2C%20tabuleiros%20e%20equipamentos%20de%20panifica%C3%A7%C3%A3o%20etc.%5C%22%22%7D%5D&#8221; layout_style=&#8221;style2&#8243; color_scheme=&#8221;color-light&#8221; nav_position=&#8221;bottom&#8221; dots=&#8221;&#8221; arrows_position=&#8221;&#8221; arrows_style=&#8221;classic&#8221;][\/vc_column][vc_column width=&#8221;1\/2&#8243; offset=&#8221;vc_hidden-sm vc_hidden-xs&#8221; el_class=&#8221;img-right width-40 border-overlay&#8221; css=&#8221;.vc_custom_1468468416363{background-image: url(https:\/\/sunblue.pt\/home\/wp-content\/uploads\/2016\/07\/banner.jpg?id=90) !important;background-position: center !important;background-repeat: no-repeat !important;background-size: cover !important;}&#8221;][vc_empty_space height=&#8221;510px&#8221;][\/vc_column][\/vc_row]<\/p>\n<\/div>","protected":false},"excerpt":{"rendered":"<p>[vc_row css=&#8221;.vc_custom_1468576813213{margin-top: 100px !important;}&#8221; el_class=&#8221;mg-bottom-100 sm-mg-bottom-80&#8243;][vc_column el_class=&#8221;sm-mg-bottom-30&#8243; offset=&#8221;vc_col-md-6&#8243;][g5plus_heading title=&#8221;QUEM SOMOS?&#8221; sub_title=&#8221;CONHE\u00c7A-NOS&#8221;][vc_column_text css=&#8221;.vc_custom_1563919086971{margin-top: -30px !important;margin-bottom: 35px !important;padding-right: 30px !important;}&#8221;]A nossa empresa ao longo dos tempos veio ao encontro de um produto que fosse f\u00e1cil, pr\u00e1tico e que conseguisse substituir a forma e empregabilidade do mesmo, neste caso simplificar eficazmente a manuten\u00e7\u00e3o e limpeza, tanto dos equipamentos [&hellip;]<\/p>\n","protected":false},"author":1,"featured_media":0,"parent":0,"menu_order":0,"comment_status":"closed","ping_status":"closed","template":"","meta":{"footnotes":""},"class_list":["post-851","page","type-page","status-publish","hentry"],"yoast_head":"<!-- This site is optimized with the Yoast SEO plugin v23.1 - https:\/\/yoast.com\/wordpress\/plugins\/seo\/ -->\n<title>Sobre a Empresa - Sunblue | Solvente Restaurador Multi-superf\u00edcies<\/title>\n<meta name=\"robots\" content=\"index, follow, max-snippet:-1, max-image-preview:large, max-video-preview:-1\" \/>\n<link rel=\"canonical\" href=\"https:\/\/www.sunblue.pt\/home\/sobre-a-empresa\/\" \/>\n<meta property=\"og:locale\" content=\"pt_PT\" \/>\n<meta property=\"og:type\" content=\"article\" \/>\n<meta property=\"og:title\" content=\"Sobre a Empresa - Sunblue | Solvente Restaurador Multi-superf\u00edcies\" \/>\n<meta property=\"og:description\" content=\"[vc_row css=&#8221;.vc_custom_1468576813213{margin-top: 100px !important;}&#8221; el_class=&#8221;mg-bottom-100 sm-mg-bottom-80&#8243;][vc_column el_class=&#8221;sm-mg-bottom-30&#8243; offset=&#8221;vc_col-md-6&#8243;][g5plus_heading title=&#8221;QUEM SOMOS?&#8221; sub_title=&#8221;CONHE\u00c7A-NOS&#8221;][vc_column_text css=&#8221;.vc_custom_1563919086971{margin-top: -30px !important;margin-bottom: 35px !important;padding-right: 30px !important;}&#8221;]A nossa empresa ao longo dos tempos veio ao encontro de um produto que fosse f\u00e1cil, pr\u00e1tico e que conseguisse substituir a forma e empregabilidade do mesmo, neste caso simplificar eficazmente a manuten\u00e7\u00e3o e limpeza, tanto dos equipamentos [&hellip;]\" \/>\n<meta property=\"og:url\" content=\"https:\/\/www.sunblue.pt\/home\/sobre-a-empresa\/\" \/>\n<meta property=\"og:site_name\" content=\"Sunblue | Solvente Restaurador Multi-superf\u00edcies\" \/>\n<meta property=\"article:modified_time\" content=\"2020-01-28T11:17:22+00:00\" \/>\n<meta name=\"twitter:card\" content=\"summary_large_image\" \/>\n<meta name=\"twitter:label1\" content=\"Tempo estimado de leitura\" \/>\n\t<meta name=\"twitter:data1\" content=\"4 minutos\" \/>\n<script type=\"application\/ld+json\" class=\"yoast-schema-graph\">{\"@context\":\"https:\/\/schema.org\",\"@graph\":[{\"@type\":\"WebPage\",\"@id\":\"https:\/\/www.sunblue.pt\/home\/sobre-a-empresa\/\",\"url\":\"https:\/\/www.sunblue.pt\/home\/sobre-a-empresa\/\",\"name\":\"Sobre a Empresa - Sunblue | Solvente Restaurador Multi-superf\u00edcies\",\"isPartOf\":{\"@id\":\"https:\/\/www.sunblue.pt\/home\/#website\"},\"datePublished\":\"2016-07-15T09:11:27+00:00\",\"dateModified\":\"2020-01-28T11:17:22+00:00\",\"breadcrumb\":{\"@id\":\"https:\/\/www.sunblue.pt\/home\/sobre-a-empresa\/#breadcrumb\"},\"inLanguage\":\"pt-PT\",\"potentialAction\":[{\"@type\":\"ReadAction\",\"target\":[\"https:\/\/www.sunblue.pt\/home\/sobre-a-empresa\/\"]}]},{\"@type\":\"BreadcrumbList\",\"@id\":\"https:\/\/www.sunblue.pt\/home\/sobre-a-empresa\/#breadcrumb\",\"itemListElement\":[{\"@type\":\"ListItem\",\"position\":1,\"name\":\"In\u00edcio\",\"item\":\"https:\/\/www.sunblue.pt\/home\/\"},{\"@type\":\"ListItem\",\"position\":2,\"name\":\"Sobre a Empresa\"}]},{\"@type\":\"WebSite\",\"@id\":\"https:\/\/www.sunblue.pt\/home\/#website\",\"url\":\"https:\/\/www.sunblue.pt\/home\/\",\"name\":\"Sunblue | Solvente Restaurador Multi-superf\u00edcies\",\"description\":\"SUNBLUE, produto de manuten\u00e7\u00e3o e limpeza multi superf\u00edcie para ambientes industriais, comerciais e dom\u00e9sticos. Produto solvente, n\u00e3o corrosivo, n\u00e3o t\u00f3xico, biodegrad\u00e1vel e ecologicamente inofensivo.\",\"potentialAction\":[{\"@type\":\"SearchAction\",\"target\":{\"@type\":\"EntryPoint\",\"urlTemplate\":\"https:\/\/www.sunblue.pt\/home\/?s={search_term_string}\"},\"query-input\":\"required name=search_term_string\"}],\"inLanguage\":\"pt-PT\"}]}<\/script>\n<!-- \/ Yoast SEO plugin. -->","yoast_head_json":{"title":"Sobre a Empresa - Sunblue | Solvente Restaurador Multi-superf\u00edcies","robots":{"index":"index","follow":"follow","max-snippet":"max-snippet:-1","max-image-preview":"max-image-preview:large","max-video-preview":"max-video-preview:-1"},"canonical":"https:\/\/www.sunblue.pt\/home\/sobre-a-empresa\/","og_locale":"pt_PT","og_type":"article","og_title":"Sobre a Empresa - Sunblue | Solvente Restaurador Multi-superf\u00edcies","og_description":"[vc_row css=&#8221;.vc_custom_1468576813213{margin-top: 100px !important;}&#8221; el_class=&#8221;mg-bottom-100 sm-mg-bottom-80&#8243;][vc_column el_class=&#8221;sm-mg-bottom-30&#8243; offset=&#8221;vc_col-md-6&#8243;][g5plus_heading title=&#8221;QUEM SOMOS?&#8221; sub_title=&#8221;CONHE\u00c7A-NOS&#8221;][vc_column_text css=&#8221;.vc_custom_1563919086971{margin-top: -30px !important;margin-bottom: 35px !important;padding-right: 30px !important;}&#8221;]A nossa empresa ao longo dos tempos veio ao encontro de um produto que fosse f\u00e1cil, pr\u00e1tico e que conseguisse substituir a forma e empregabilidade do mesmo, neste caso simplificar eficazmente a manuten\u00e7\u00e3o e limpeza, tanto dos equipamentos [&hellip;]","og_url":"https:\/\/www.sunblue.pt\/home\/sobre-a-empresa\/","og_site_name":"Sunblue | Solvente Restaurador Multi-superf\u00edcies","article_modified_time":"2020-01-28T11:17:22+00:00","twitter_card":"summary_large_image","twitter_misc":{"Tempo estimado de leitura":"4 minutos"},"schema":{"@context":"https:\/\/schema.org","@graph":[{"@type":"WebPage","@id":"https:\/\/www.sunblue.pt\/home\/sobre-a-empresa\/","url":"https:\/\/www.sunblue.pt\/home\/sobre-a-empresa\/","name":"Sobre a Empresa - Sunblue | Solvente Restaurador Multi-superf\u00edcies","isPartOf":{"@id":"https:\/\/www.sunblue.pt\/home\/#website"},"datePublished":"2016-07-15T09:11:27+00:00","dateModified":"2020-01-28T11:17:22+00:00","breadcrumb":{"@id":"https:\/\/www.sunblue.pt\/home\/sobre-a-empresa\/#breadcrumb"},"inLanguage":"pt-PT","potentialAction":[{"@type":"ReadAction","target":["https:\/\/www.sunblue.pt\/home\/sobre-a-empresa\/"]}]},{"@type":"BreadcrumbList","@id":"https:\/\/www.sunblue.pt\/home\/sobre-a-empresa\/#breadcrumb","itemListElement":[{"@type":"ListItem","position":1,"name":"In\u00edcio","item":"https:\/\/www.sunblue.pt\/home\/"},{"@type":"ListItem","position":2,"name":"Sobre a Empresa"}]},{"@type":"WebSite","@id":"https:\/\/www.sunblue.pt\/home\/#website","url":"https:\/\/www.sunblue.pt\/home\/","name":"Sunblue | Solvente Restaurador Multi-superf\u00edcies","description":"SUNBLUE, produto de manuten\u00e7\u00e3o e limpeza multi superf\u00edcie para ambientes industriais, comerciais e dom\u00e9sticos. Produto solvente, n\u00e3o corrosivo, n\u00e3o t\u00f3xico, biodegrad\u00e1vel e ecologicamente inofensivo.","potentialAction":[{"@type":"SearchAction","target":{"@type":"EntryPoint","urlTemplate":"https:\/\/www.sunblue.pt\/home\/?s={search_term_string}"},"query-input":"required name=search_term_string"}],"inLanguage":"pt-PT"}]}},"_links":{"self":[{"href":"https:\/\/www.sunblue.pt\/home\/wp-json\/wp\/v2\/pages\/851"}],"collection":[{"href":"https:\/\/www.sunblue.pt\/home\/wp-json\/wp\/v2\/pages"}],"about":[{"href":"https:\/\/www.sunblue.pt\/home\/wp-json\/wp\/v2\/types\/page"}],"author":[{"embeddable":true,"href":"https:\/\/www.sunblue.pt\/home\/wp-json\/wp\/v2\/users\/1"}],"replies":[{"embeddable":true,"href":"https:\/\/www.sunblue.pt\/home\/wp-json\/wp\/v2\/comments?post=851"}],"version-history":[{"count":33,"href":"https:\/\/www.sunblue.pt\/home\/wp-json\/wp\/v2\/pages\/851\/revisions"}],"predecessor-version":[{"id":2540,"href":"https:\/\/www.sunblue.pt\/home\/wp-json\/wp\/v2\/pages\/851\/revisions\/2540"}],"wp:attachment":[{"href":"https:\/\/www.sunblue.pt\/home\/wp-json\/wp\/v2\/media?parent=851"}],"curies":[{"name":"wp","href":"https:\/\/api.w.org\/{rel}","templated":true}]}}