{"id":1214,"date":"2013-06-07T11:07:19","date_gmt":"2013-06-07T11:07:19","guid":{"rendered":"http:\/\/demo.woothemes.com\/woocommerce\/?post_type=product&#038;p=56"},"modified":"2022-11-15T19:05:20","modified_gmt":"2022-11-15T19:05:20","slug":"hyster-j2-0xnt","status":"publish","type":"product","link":"https:\/\/www.sunblue.pt\/home\/produto\/hyster-j2-0xnt\/","title":{"rendered":"2 caixas + 1 caixa OFERTA"},"content":{"rendered":"<p><strong>PACK 3<\/strong><\/p>\n<p>2 CAIXAS DE 12 LITROS + 1 CAIXA DE OFERTA<\/p>\n<p>C\/ PORTES NACIONAL INCLUIDOS<\/p>\n","protected":false},"excerpt":{"rendered":"<p>2CAIXAS DE 12 LITROS + 1 CAIXA DE OFERTA<\/p>\n<p>C\/ PORTES NACIONAL INCLUIDOS<\/p>\n<p>__<\/p>\n<p><strong>SUNBLUE<\/strong>\u00a0\u00e9 um produto que n\u00e3o sendo t\u00f3xico nem com cheiros agressivos, vem substituir alguns produtos do mercado, dando a facilidade do usu\u00e1rio o empregar na maior parte das superf\u00edcies previamente testadas, sem danificar as mesmas.<br \/>\nBiodegrad\u00e1vel e ecologicamente inofensivo, aconselh\u00e1vel para pessoas com problemas de irritabilidade da pele, nas dosagens recomendadas de uso, n\u00e3o causando efeitos secund\u00e1rios, ate o podemos nomear como um dos melhores \u201c<strong><em>all clean<\/em><\/strong>\u201d do mercado.<\/p>\n<p><a href=\"https:\/\/www.sunblue.pt\/home\/o-que-e-o-sunblue\/\" target=\"_blank\" rel=\"noopener noreferrer\">Ler mais sobre o SUNBLUE \u00bb<\/a><\/p>\n","protected":false},"featured_media":2252,"template":"","meta":[],"product_cat":[58,57],"product_tag":[],"class_list":{"0":"post-1214","1":"product","2":"type-product","3":"status-publish","4":"has-post-thumbnail","6":"product_cat-packs","7":"product_cat-sunblue","9":"first","10":"instock","11":"taxable","12":"shipping-taxable","13":"purchasable","14":"product-type-simple"},"yoast_head":"<!-- This site is optimized with the Yoast SEO plugin v23.1 - https:\/\/yoast.com\/wordpress\/plugins\/seo\/ -->\n<title>2 caixas + 1 caixa OFERTA - Sunblue | Solvente Restaurador Multi-superf\u00edcies<\/title>\n<meta name=\"robots\" content=\"index, follow, max-snippet:-1, max-image-preview:large, max-video-preview:-1\" \/>\n<link rel=\"canonical\" href=\"https:\/\/www.sunblue.pt\/home\/produto\/hyster-j2-0xnt\/\" \/>\n<meta property=\"og:locale\" content=\"pt_PT\" \/>\n<meta property=\"og:type\" content=\"article\" \/>\n<meta property=\"og:title\" content=\"2 caixas + 1 caixa OFERTA - Sunblue | Solvente Restaurador Multi-superf\u00edcies\" \/>\n<meta property=\"og:description\" content=\"2CAIXAS DE 12 LITROS + 1 CAIXA DE OFERTA  C\/ PORTES NACIONAL INCLUIDOS  __  SUNBLUE\u00a0\u00e9 um produto que n\u00e3o sendo t\u00f3xico nem com cheiros agressivos, vem substituir alguns produtos do mercado, dando a facilidade do usu\u00e1rio o empregar na maior parte das superf\u00edcies previamente testadas, sem danificar as mesmas. Biodegrad\u00e1vel e ecologicamente inofensivo, aconselh\u00e1vel para pessoas com problemas de irritabilidade da pele, nas dosagens recomendadas de uso, n\u00e3o causando efeitos secund\u00e1rios, ate o podemos nomear como um dos melhores \u201call clean\u201d do mercado.  Ler mais sobre o SUNBLUE \u00bb\" \/>\n<meta property=\"og:url\" content=\"https:\/\/www.sunblue.pt\/home\/produto\/hyster-j2-0xnt\/\" \/>\n<meta property=\"og:site_name\" content=\"Sunblue | Solvente Restaurador Multi-superf\u00edcies\" \/>\n<meta property=\"article:modified_time\" content=\"2022-11-15T19:05:20+00:00\" \/>\n<meta property=\"og:image\" content=\"https:\/\/www.sunblue.pt\/home\/wp-content\/uploads\/2013\/06\/sunblue-pack3-loja.jpg\" \/>\n\t<meta property=\"og:image:width\" content=\"700\" \/>\n\t<meta property=\"og:image:height\" content=\"700\" \/>\n\t<meta property=\"og:image:type\" content=\"image\/jpeg\" \/>\n<meta name=\"twitter:card\" content=\"summary_large_image\" \/>\n<script type=\"application\/ld+json\" class=\"yoast-schema-graph\">{\"@context\":\"https:\/\/schema.org\",\"@graph\":[{\"@type\":\"WebPage\",\"@id\":\"https:\/\/www.sunblue.pt\/home\/produto\/hyster-j2-0xnt\/\",\"url\":\"https:\/\/www.sunblue.pt\/home\/produto\/hyster-j2-0xnt\/\",\"name\":\"2 caixas + 1 caixa OFERTA - Sunblue | Solvente Restaurador Multi-superf\u00edcies\",\"isPartOf\":{\"@id\":\"https:\/\/www.sunblue.pt\/home\/#website\"},\"primaryImageOfPage\":{\"@id\":\"https:\/\/www.sunblue.pt\/home\/produto\/hyster-j2-0xnt\/#primaryimage\"},\"image\":{\"@id\":\"https:\/\/www.sunblue.pt\/home\/produto\/hyster-j2-0xnt\/#primaryimage\"},\"thumbnailUrl\":\"https:\/\/www.sunblue.pt\/home\/wp-content\/uploads\/2013\/06\/sunblue-pack3-loja.jpg\",\"datePublished\":\"2013-06-07T11:07:19+00:00\",\"dateModified\":\"2022-11-15T19:05:20+00:00\",\"breadcrumb\":{\"@id\":\"https:\/\/www.sunblue.pt\/home\/produto\/hyster-j2-0xnt\/#breadcrumb\"},\"inLanguage\":\"pt-PT\",\"potentialAction\":[{\"@type\":\"ReadAction\",\"target\":[\"https:\/\/www.sunblue.pt\/home\/produto\/hyster-j2-0xnt\/\"]}]},{\"@type\":\"ImageObject\",\"inLanguage\":\"pt-PT\",\"@id\":\"https:\/\/www.sunblue.pt\/home\/produto\/hyster-j2-0xnt\/#primaryimage\",\"url\":\"https:\/\/www.sunblue.pt\/home\/wp-content\/uploads\/2013\/06\/sunblue-pack3-loja.jpg\",\"contentUrl\":\"https:\/\/www.sunblue.pt\/home\/wp-content\/uploads\/2013\/06\/sunblue-pack3-loja.jpg\",\"width\":700,\"height\":700,\"caption\":\"Pack 3 Caixas Sunblue\"},{\"@type\":\"BreadcrumbList\",\"@id\":\"https:\/\/www.sunblue.pt\/home\/produto\/hyster-j2-0xnt\/#breadcrumb\",\"itemListElement\":[{\"@type\":\"ListItem\",\"position\":1,\"name\":\"In\u00edcio\",\"item\":\"https:\/\/www.sunblue.pt\/home\/\"},{\"@type\":\"ListItem\",\"position\":2,\"name\":\"Loja\",\"item\":\"https:\/\/www.sunblue.pt\/home\/loja\/\"},{\"@type\":\"ListItem\",\"position\":3,\"name\":\"2 caixas + 1 caixa OFERTA\"}]},{\"@type\":\"WebSite\",\"@id\":\"https:\/\/www.sunblue.pt\/home\/#website\",\"url\":\"https:\/\/www.sunblue.pt\/home\/\",\"name\":\"Sunblue | Solvente Restaurador Multi-superf\u00edcies\",\"description\":\"SUNBLUE, produto de manuten\u00e7\u00e3o e limpeza multi superf\u00edcie para ambientes industriais, comerciais e dom\u00e9sticos. Produto solvente, n\u00e3o corrosivo, n\u00e3o t\u00f3xico, biodegrad\u00e1vel e ecologicamente inofensivo.\",\"potentialAction\":[{\"@type\":\"SearchAction\",\"target\":{\"@type\":\"EntryPoint\",\"urlTemplate\":\"https:\/\/www.sunblue.pt\/home\/?s={search_term_string}\"},\"query-input\":\"required name=search_term_string\"}],\"inLanguage\":\"pt-PT\"}]}<\/script>\n<!-- \/ Yoast SEO plugin. -->","yoast_head_json":{"title":"2 caixas + 1 caixa OFERTA - Sunblue | Solvente Restaurador Multi-superf\u00edcies","robots":{"index":"index","follow":"follow","max-snippet":"max-snippet:-1","max-image-preview":"max-image-preview:large","max-video-preview":"max-video-preview:-1"},"canonical":"https:\/\/www.sunblue.pt\/home\/produto\/hyster-j2-0xnt\/","og_locale":"pt_PT","og_type":"article","og_title":"2 caixas + 1 caixa OFERTA - Sunblue | Solvente Restaurador Multi-superf\u00edcies","og_description":"2CAIXAS DE 12 LITROS + 1 CAIXA DE OFERTA  C\/ PORTES NACIONAL INCLUIDOS  __  SUNBLUE\u00a0\u00e9 um produto que n\u00e3o sendo t\u00f3xico nem com cheiros agressivos, vem substituir alguns produtos do mercado, dando a facilidade do usu\u00e1rio o empregar na maior parte das superf\u00edcies previamente testadas, sem danificar as mesmas. Biodegrad\u00e1vel e ecologicamente inofensivo, aconselh\u00e1vel para pessoas com problemas de irritabilidade da pele, nas dosagens recomendadas de uso, n\u00e3o causando efeitos secund\u00e1rios, ate o podemos nomear como um dos melhores \u201call clean\u201d do mercado.  Ler mais sobre o SUNBLUE \u00bb","og_url":"https:\/\/www.sunblue.pt\/home\/produto\/hyster-j2-0xnt\/","og_site_name":"Sunblue | Solvente Restaurador Multi-superf\u00edcies","article_modified_time":"2022-11-15T19:05:20+00:00","og_image":[{"width":700,"height":700,"url":"https:\/\/www.sunblue.pt\/home\/wp-content\/uploads\/2013\/06\/sunblue-pack3-loja.jpg","type":"image\/jpeg"}],"twitter_card":"summary_large_image","schema":{"@context":"https:\/\/schema.org","@graph":[{"@type":"WebPage","@id":"https:\/\/www.sunblue.pt\/home\/produto\/hyster-j2-0xnt\/","url":"https:\/\/www.sunblue.pt\/home\/produto\/hyster-j2-0xnt\/","name":"2 caixas + 1 caixa OFERTA - Sunblue | Solvente Restaurador Multi-superf\u00edcies","isPartOf":{"@id":"https:\/\/www.sunblue.pt\/home\/#website"},"primaryImageOfPage":{"@id":"https:\/\/www.sunblue.pt\/home\/produto\/hyster-j2-0xnt\/#primaryimage"},"image":{"@id":"https:\/\/www.sunblue.pt\/home\/produto\/hyster-j2-0xnt\/#primaryimage"},"thumbnailUrl":"https:\/\/www.sunblue.pt\/home\/wp-content\/uploads\/2013\/06\/sunblue-pack3-loja.jpg","datePublished":"2013-06-07T11:07:19+00:00","dateModified":"2022-11-15T19:05:20+00:00","breadcrumb":{"@id":"https:\/\/www.sunblue.pt\/home\/produto\/hyster-j2-0xnt\/#breadcrumb"},"inLanguage":"pt-PT","potentialAction":[{"@type":"ReadAction","target":["https:\/\/www.sunblue.pt\/home\/produto\/hyster-j2-0xnt\/"]}]},{"@type":"ImageObject","inLanguage":"pt-PT","@id":"https:\/\/www.sunblue.pt\/home\/produto\/hyster-j2-0xnt\/#primaryimage","url":"https:\/\/www.sunblue.pt\/home\/wp-content\/uploads\/2013\/06\/sunblue-pack3-loja.jpg","contentUrl":"https:\/\/www.sunblue.pt\/home\/wp-content\/uploads\/2013\/06\/sunblue-pack3-loja.jpg","width":700,"height":700,"caption":"Pack 3 Caixas Sunblue"},{"@type":"BreadcrumbList","@id":"https:\/\/www.sunblue.pt\/home\/produto\/hyster-j2-0xnt\/#breadcrumb","itemListElement":[{"@type":"ListItem","position":1,"name":"In\u00edcio","item":"https:\/\/www.sunblue.pt\/home\/"},{"@type":"ListItem","position":2,"name":"Loja","item":"https:\/\/www.sunblue.pt\/home\/loja\/"},{"@type":"ListItem","position":3,"name":"2 caixas + 1 caixa OFERTA"}]},{"@type":"WebSite","@id":"https:\/\/www.sunblue.pt\/home\/#website","url":"https:\/\/www.sunblue.pt\/home\/","name":"Sunblue | Solvente Restaurador Multi-superf\u00edcies","description":"SUNBLUE, produto de manuten\u00e7\u00e3o e limpeza multi superf\u00edcie para ambientes industriais, comerciais e dom\u00e9sticos. Produto solvente, n\u00e3o corrosivo, n\u00e3o t\u00f3xico, biodegrad\u00e1vel e ecologicamente inofensivo.","potentialAction":[{"@type":"SearchAction","target":{"@type":"EntryPoint","urlTemplate":"https:\/\/www.sunblue.pt\/home\/?s={search_term_string}"},"query-input":"required name=search_term_string"}],"inLanguage":"pt-PT"}]}},"_links":{"self":[{"href":"https:\/\/www.sunblue.pt\/home\/wp-json\/wp\/v2\/product\/1214"}],"collection":[{"href":"https:\/\/www.sunblue.pt\/home\/wp-json\/wp\/v2\/product"}],"about":[{"href":"https:\/\/www.sunblue.pt\/home\/wp-json\/wp\/v2\/types\/product"}],"wp:featuredmedia":[{"embeddable":true,"href":"https:\/\/www.sunblue.pt\/home\/wp-json\/wp\/v2\/media\/2252"}],"wp:attachment":[{"href":"https:\/\/www.sunblue.pt\/home\/wp-json\/wp\/v2\/media?parent=1214"}],"wp:term":[{"taxonomy":"product_cat","embeddable":true,"href":"https:\/\/www.sunblue.pt\/home\/wp-json\/wp\/v2\/product_cat?post=1214"},{"taxonomy":"product_tag","embeddable":true,"href":"https:\/\/www.sunblue.pt\/home\/wp-json\/wp\/v2\/product_tag?post=1214"}],"curies":[{"name":"wp","href":"https:\/\/api.w.org\/{rel}","templated":true}]}}