{"id":2659,"date":"2020-09-14T15:52:32","date_gmt":"2020-09-14T15:52:32","guid":{"rendered":"https:\/\/www.sunblue.pt\/home\/?post_type=product&#038;p=2659"},"modified":"2021-08-02T10:28:24","modified_gmt":"2021-08-02T10:28:24","slug":"bio-alcool-desinfetante","status":"publish","type":"product","link":"https:\/\/www.sunblue.pt\/home\/produto\/bio-alcool-desinfetante\/","title":{"rendered":"BIO \u00c1LCOOL DESINFETANTE M\u00c3OS"},"content":{"rendered":"<p><strong>Aplica\u00e7\u00e3o:<\/strong> aplicar um pouco de solu\u00e7\u00e3o alco\u00f3lica diretamente nas m\u00e3os, envolvendo-as e deixar por 10 a 20 segundos.<br \/>\n<strong>Precau\u00e7\u00f5es:<\/strong> L\u00edquido a vapor altamente inflam\u00e1vel.<br \/>\nManter afastado do calor, superf\u00edcies quentes, fa\u00edsca, chamas abertas e outras fontes de igni\u00e7\u00e3o. N\u00e3o Fumar.<br \/>\nManter o recipiente bem fechado.<br \/>\n<strong>Composi\u00e7\u00e3o:<\/strong> \u00c1lcool isoprop\u00edlico (IPA) Cas 67-63-0, Glicerina Cas 56-81-5, Aroma c\u00edtrico.<\/p>\n","protected":false},"excerpt":{"rendered":"<p>Solu\u00e7\u00e3o Alco\u00f3lica desinfetante para as m\u00e3os.<\/p>\n","protected":false},"featured_media":2669,"template":"","meta":[],"product_cat":[57],"product_tag":[],"class_list":{"0":"post-2659","1":"product","2":"type-product","3":"status-publish","4":"has-post-thumbnail","6":"product_cat-sunblue","8":"first","9":"instock","10":"featured","11":"taxable","12":"shipping-taxable","13":"purchasable","14":"product-type-variable"},"yoast_head":"<!-- This site is optimized with the Yoast SEO plugin v23.1 - https:\/\/yoast.com\/wordpress\/plugins\/seo\/ -->\n<title>BIO \u00c1LCOOL DESINFETANTE M\u00c3OS - Sunblue | Solvente Restaurador Multi-superf\u00edcies<\/title>\n<meta name=\"robots\" content=\"index, follow, max-snippet:-1, max-image-preview:large, max-video-preview:-1\" \/>\n<link rel=\"canonical\" href=\"https:\/\/www.sunblue.pt\/home\/produto\/bio-alcool-desinfetante\/\" \/>\n<meta property=\"og:locale\" content=\"pt_PT\" \/>\n<meta property=\"og:type\" content=\"article\" \/>\n<meta property=\"og:title\" content=\"BIO \u00c1LCOOL DESINFETANTE M\u00c3OS - Sunblue | Solvente Restaurador Multi-superf\u00edcies\" \/>\n<meta property=\"og:description\" content=\"Solu\u00e7\u00e3o Alco\u00f3lica desinfetante para as m\u00e3os.\" \/>\n<meta property=\"og:url\" content=\"https:\/\/www.sunblue.pt\/home\/produto\/bio-alcool-desinfetante\/\" \/>\n<meta property=\"og:site_name\" content=\"Sunblue | Solvente Restaurador Multi-superf\u00edcies\" \/>\n<meta property=\"article:modified_time\" content=\"2021-08-02T10:28:24+00:00\" \/>\n<meta property=\"og:image\" content=\"https:\/\/www.sunblue.pt\/home\/wp-content\/uploads\/2020\/09\/alcool-desinfectante-sunblue-plus.jpg\" \/>\n\t<meta property=\"og:image:width\" content=\"900\" \/>\n\t<meta property=\"og:image:height\" content=\"900\" \/>\n\t<meta property=\"og:image:type\" content=\"image\/jpeg\" \/>\n<meta name=\"twitter:card\" content=\"summary_large_image\" \/>\n<script type=\"application\/ld+json\" class=\"yoast-schema-graph\">{\"@context\":\"https:\/\/schema.org\",\"@graph\":[{\"@type\":\"WebPage\",\"@id\":\"https:\/\/www.sunblue.pt\/home\/produto\/bio-alcool-desinfetante\/\",\"url\":\"https:\/\/www.sunblue.pt\/home\/produto\/bio-alcool-desinfetante\/\",\"name\":\"BIO \u00c1LCOOL DESINFETANTE M\u00c3OS - Sunblue | Solvente Restaurador Multi-superf\u00edcies\",\"isPartOf\":{\"@id\":\"https:\/\/www.sunblue.pt\/home\/#website\"},\"primaryImageOfPage\":{\"@id\":\"https:\/\/www.sunblue.pt\/home\/produto\/bio-alcool-desinfetante\/#primaryimage\"},\"image\":{\"@id\":\"https:\/\/www.sunblue.pt\/home\/produto\/bio-alcool-desinfetante\/#primaryimage\"},\"thumbnailUrl\":\"https:\/\/www.sunblue.pt\/home\/wp-content\/uploads\/2020\/09\/alcool-desinfectante-sunblue-plus.jpg\",\"datePublished\":\"2020-09-14T15:52:32+00:00\",\"dateModified\":\"2021-08-02T10:28:24+00:00\",\"breadcrumb\":{\"@id\":\"https:\/\/www.sunblue.pt\/home\/produto\/bio-alcool-desinfetante\/#breadcrumb\"},\"inLanguage\":\"pt-PT\",\"potentialAction\":[{\"@type\":\"ReadAction\",\"target\":[\"https:\/\/www.sunblue.pt\/home\/produto\/bio-alcool-desinfetante\/\"]}]},{\"@type\":\"ImageObject\",\"inLanguage\":\"pt-PT\",\"@id\":\"https:\/\/www.sunblue.pt\/home\/produto\/bio-alcool-desinfetante\/#primaryimage\",\"url\":\"https:\/\/www.sunblue.pt\/home\/wp-content\/uploads\/2020\/09\/alcool-desinfectante-sunblue-plus.jpg\",\"contentUrl\":\"https:\/\/www.sunblue.pt\/home\/wp-content\/uploads\/2020\/09\/alcool-desinfectante-sunblue-plus.jpg\",\"width\":900,\"height\":900},{\"@type\":\"BreadcrumbList\",\"@id\":\"https:\/\/www.sunblue.pt\/home\/produto\/bio-alcool-desinfetante\/#breadcrumb\",\"itemListElement\":[{\"@type\":\"ListItem\",\"position\":1,\"name\":\"In\u00edcio\",\"item\":\"https:\/\/www.sunblue.pt\/home\/\"},{\"@type\":\"ListItem\",\"position\":2,\"name\":\"Loja\",\"item\":\"https:\/\/www.sunblue.pt\/home\/loja\/\"},{\"@type\":\"ListItem\",\"position\":3,\"name\":\"BIO \u00c1LCOOL DESINFETANTE M\u00c3OS\"}]},{\"@type\":\"WebSite\",\"@id\":\"https:\/\/www.sunblue.pt\/home\/#website\",\"url\":\"https:\/\/www.sunblue.pt\/home\/\",\"name\":\"Sunblue | Solvente Restaurador Multi-superf\u00edcies\",\"description\":\"SUNBLUE, produto de manuten\u00e7\u00e3o e limpeza multi superf\u00edcie para ambientes industriais, comerciais e dom\u00e9sticos. Produto solvente, n\u00e3o corrosivo, n\u00e3o t\u00f3xico, biodegrad\u00e1vel e ecologicamente inofensivo.\",\"potentialAction\":[{\"@type\":\"SearchAction\",\"target\":{\"@type\":\"EntryPoint\",\"urlTemplate\":\"https:\/\/www.sunblue.pt\/home\/?s={search_term_string}\"},\"query-input\":\"required name=search_term_string\"}],\"inLanguage\":\"pt-PT\"}]}<\/script>\n<!-- \/ Yoast SEO plugin. -->","yoast_head_json":{"title":"BIO \u00c1LCOOL DESINFETANTE M\u00c3OS - Sunblue | Solvente Restaurador Multi-superf\u00edcies","robots":{"index":"index","follow":"follow","max-snippet":"max-snippet:-1","max-image-preview":"max-image-preview:large","max-video-preview":"max-video-preview:-1"},"canonical":"https:\/\/www.sunblue.pt\/home\/produto\/bio-alcool-desinfetante\/","og_locale":"pt_PT","og_type":"article","og_title":"BIO \u00c1LCOOL DESINFETANTE M\u00c3OS - Sunblue | Solvente Restaurador Multi-superf\u00edcies","og_description":"Solu\u00e7\u00e3o Alco\u00f3lica desinfetante para as m\u00e3os.","og_url":"https:\/\/www.sunblue.pt\/home\/produto\/bio-alcool-desinfetante\/","og_site_name":"Sunblue | Solvente Restaurador Multi-superf\u00edcies","article_modified_time":"2021-08-02T10:28:24+00:00","og_image":[{"width":900,"height":900,"url":"https:\/\/www.sunblue.pt\/home\/wp-content\/uploads\/2020\/09\/alcool-desinfectante-sunblue-plus.jpg","type":"image\/jpeg"}],"twitter_card":"summary_large_image","schema":{"@context":"https:\/\/schema.org","@graph":[{"@type":"WebPage","@id":"https:\/\/www.sunblue.pt\/home\/produto\/bio-alcool-desinfetante\/","url":"https:\/\/www.sunblue.pt\/home\/produto\/bio-alcool-desinfetante\/","name":"BIO \u00c1LCOOL DESINFETANTE M\u00c3OS - Sunblue | Solvente Restaurador Multi-superf\u00edcies","isPartOf":{"@id":"https:\/\/www.sunblue.pt\/home\/#website"},"primaryImageOfPage":{"@id":"https:\/\/www.sunblue.pt\/home\/produto\/bio-alcool-desinfetante\/#primaryimage"},"image":{"@id":"https:\/\/www.sunblue.pt\/home\/produto\/bio-alcool-desinfetante\/#primaryimage"},"thumbnailUrl":"https:\/\/www.sunblue.pt\/home\/wp-content\/uploads\/2020\/09\/alcool-desinfectante-sunblue-plus.jpg","datePublished":"2020-09-14T15:52:32+00:00","dateModified":"2021-08-02T10:28:24+00:00","breadcrumb":{"@id":"https:\/\/www.sunblue.pt\/home\/produto\/bio-alcool-desinfetante\/#breadcrumb"},"inLanguage":"pt-PT","potentialAction":[{"@type":"ReadAction","target":["https:\/\/www.sunblue.pt\/home\/produto\/bio-alcool-desinfetante\/"]}]},{"@type":"ImageObject","inLanguage":"pt-PT","@id":"https:\/\/www.sunblue.pt\/home\/produto\/bio-alcool-desinfetante\/#primaryimage","url":"https:\/\/www.sunblue.pt\/home\/wp-content\/uploads\/2020\/09\/alcool-desinfectante-sunblue-plus.jpg","contentUrl":"https:\/\/www.sunblue.pt\/home\/wp-content\/uploads\/2020\/09\/alcool-desinfectante-sunblue-plus.jpg","width":900,"height":900},{"@type":"BreadcrumbList","@id":"https:\/\/www.sunblue.pt\/home\/produto\/bio-alcool-desinfetante\/#breadcrumb","itemListElement":[{"@type":"ListItem","position":1,"name":"In\u00edcio","item":"https:\/\/www.sunblue.pt\/home\/"},{"@type":"ListItem","position":2,"name":"Loja","item":"https:\/\/www.sunblue.pt\/home\/loja\/"},{"@type":"ListItem","position":3,"name":"BIO \u00c1LCOOL DESINFETANTE M\u00c3OS"}]},{"@type":"WebSite","@id":"https:\/\/www.sunblue.pt\/home\/#website","url":"https:\/\/www.sunblue.pt\/home\/","name":"Sunblue | Solvente Restaurador Multi-superf\u00edcies","description":"SUNBLUE, produto de manuten\u00e7\u00e3o e limpeza multi superf\u00edcie para ambientes industriais, comerciais e dom\u00e9sticos. Produto solvente, n\u00e3o corrosivo, n\u00e3o t\u00f3xico, biodegrad\u00e1vel e ecologicamente inofensivo.","potentialAction":[{"@type":"SearchAction","target":{"@type":"EntryPoint","urlTemplate":"https:\/\/www.sunblue.pt\/home\/?s={search_term_string}"},"query-input":"required name=search_term_string"}],"inLanguage":"pt-PT"}]}},"_links":{"self":[{"href":"https:\/\/www.sunblue.pt\/home\/wp-json\/wp\/v2\/product\/2659"}],"collection":[{"href":"https:\/\/www.sunblue.pt\/home\/wp-json\/wp\/v2\/product"}],"about":[{"href":"https:\/\/www.sunblue.pt\/home\/wp-json\/wp\/v2\/types\/product"}],"wp:featuredmedia":[{"embeddable":true,"href":"https:\/\/www.sunblue.pt\/home\/wp-json\/wp\/v2\/media\/2669"}],"wp:attachment":[{"href":"https:\/\/www.sunblue.pt\/home\/wp-json\/wp\/v2\/media?parent=2659"}],"wp:term":[{"taxonomy":"product_cat","embeddable":true,"href":"https:\/\/www.sunblue.pt\/home\/wp-json\/wp\/v2\/product_cat?post=2659"},{"taxonomy":"product_tag","embeddable":true,"href":"https:\/\/www.sunblue.pt\/home\/wp-json\/wp\/v2\/product_tag?post=2659"}],"curies":[{"name":"wp","href":"https:\/\/api.w.org\/{rel}","templated":true}]}}