{"id":2664,"date":"2020-09-14T15:56:29","date_gmt":"2020-09-14T15:56:29","guid":{"rendered":"https:\/\/www.sunblue.pt\/home\/?post_type=product&#038;p=2664"},"modified":"2022-05-22T17:44:52","modified_gmt":"2022-05-22T17:44:52","slug":"sun-des","status":"publish","type":"product","link":"https:\/\/www.sunblue.pt\/home\/produto\/sun-des\/","title":{"rendered":"SUN DES"},"content":{"rendered":"<p>Existe nos formatos de 1L, 5L, e 10L para todos os produtos da gama de desinfe\u00e7\u00e3o.<\/p>\n","protected":false},"excerpt":{"rendered":"<p>Apresentada uma f\u00f3rmula especializada em desinfe\u00e7\u00e3o para superf\u00edcies por nebuliza\u00e7\u00e3o.<br \/>\nCom uma composi\u00e7\u00e3o qu\u00edmica a base de: Acido Ac\u00e9tico Cas64-19-7, \u00e1cido Parac\u00e9tico Cas 79-21-0, Peroxido de Hidrog\u00e9nio em solu\u00e7\u00e3o cas 7722-84-1<br \/>\nUtilizado com vaporizadores manuais ou autom\u00e1ticos, em todas as superf\u00edcies que possa ser rociado com part\u00edculas aquosas.<\/p>\n","protected":false},"featured_media":2674,"template":"","meta":[],"product_cat":[57],"product_tag":[],"class_list":{"0":"post-2664","1":"product","2":"type-product","3":"status-publish","4":"has-post-thumbnail","6":"product_cat-sunblue","8":"first","9":"instock","10":"featured","11":"taxable","12":"shipping-taxable","13":"purchasable","14":"product-type-variable"},"yoast_head":"<!-- This site is optimized with the Yoast SEO plugin v23.1 - https:\/\/yoast.com\/wordpress\/plugins\/seo\/ -->\n<title>SUN DES - Sunblue | Solvente Restaurador Multi-superf\u00edcies<\/title>\n<meta name=\"robots\" content=\"index, follow, max-snippet:-1, max-image-preview:large, max-video-preview:-1\" \/>\n<link rel=\"canonical\" href=\"https:\/\/www.sunblue.pt\/home\/produto\/sun-des\/\" \/>\n<meta property=\"og:locale\" content=\"pt_PT\" \/>\n<meta property=\"og:type\" content=\"article\" \/>\n<meta property=\"og:title\" content=\"SUN DES - Sunblue | Solvente Restaurador Multi-superf\u00edcies\" \/>\n<meta property=\"og:description\" content=\"Apresentada uma f\u00f3rmula especializada em desinfe\u00e7\u00e3o para superf\u00edcies por nebuliza\u00e7\u00e3o. Com uma composi\u00e7\u00e3o qu\u00edmica a base de: Acido Ac\u00e9tico Cas64-19-7, \u00e1cido Parac\u00e9tico Cas 79-21-0, Peroxido de Hidrog\u00e9nio em solu\u00e7\u00e3o cas 7722-84-1 Utilizado com vaporizadores manuais ou autom\u00e1ticos, em todas as superf\u00edcies que possa ser rociado com part\u00edculas aquosas.\" \/>\n<meta property=\"og:url\" content=\"https:\/\/www.sunblue.pt\/home\/produto\/sun-des\/\" \/>\n<meta property=\"og:site_name\" content=\"Sunblue | Solvente Restaurador Multi-superf\u00edcies\" \/>\n<meta property=\"article:modified_time\" content=\"2022-05-22T17:44:52+00:00\" \/>\n<meta property=\"og:image\" content=\"https:\/\/www.sunblue.pt\/home\/wp-content\/uploads\/2020\/09\/acao-desinfetante-restaurador-multisuperficies-sunblue-sun-des.jpg\" \/>\n\t<meta property=\"og:image:width\" content=\"900\" \/>\n\t<meta property=\"og:image:height\" content=\"900\" \/>\n\t<meta property=\"og:image:type\" content=\"image\/jpeg\" \/>\n<meta name=\"twitter:card\" content=\"summary_large_image\" \/>\n<script type=\"application\/ld+json\" class=\"yoast-schema-graph\">{\"@context\":\"https:\/\/schema.org\",\"@graph\":[{\"@type\":\"WebPage\",\"@id\":\"https:\/\/www.sunblue.pt\/home\/produto\/sun-des\/\",\"url\":\"https:\/\/www.sunblue.pt\/home\/produto\/sun-des\/\",\"name\":\"SUN DES - Sunblue | Solvente Restaurador Multi-superf\u00edcies\",\"isPartOf\":{\"@id\":\"https:\/\/www.sunblue.pt\/home\/#website\"},\"primaryImageOfPage\":{\"@id\":\"https:\/\/www.sunblue.pt\/home\/produto\/sun-des\/#primaryimage\"},\"image\":{\"@id\":\"https:\/\/www.sunblue.pt\/home\/produto\/sun-des\/#primaryimage\"},\"thumbnailUrl\":\"https:\/\/www.sunblue.pt\/home\/wp-content\/uploads\/2020\/09\/acao-desinfetante-restaurador-multisuperficies-sunblue-sun-des.jpg\",\"datePublished\":\"2020-09-14T15:56:29+00:00\",\"dateModified\":\"2022-05-22T17:44:52+00:00\",\"breadcrumb\":{\"@id\":\"https:\/\/www.sunblue.pt\/home\/produto\/sun-des\/#breadcrumb\"},\"inLanguage\":\"pt-PT\",\"potentialAction\":[{\"@type\":\"ReadAction\",\"target\":[\"https:\/\/www.sunblue.pt\/home\/produto\/sun-des\/\"]}]},{\"@type\":\"ImageObject\",\"inLanguage\":\"pt-PT\",\"@id\":\"https:\/\/www.sunblue.pt\/home\/produto\/sun-des\/#primaryimage\",\"url\":\"https:\/\/www.sunblue.pt\/home\/wp-content\/uploads\/2020\/09\/acao-desinfetante-restaurador-multisuperficies-sunblue-sun-des.jpg\",\"contentUrl\":\"https:\/\/www.sunblue.pt\/home\/wp-content\/uploads\/2020\/09\/acao-desinfetante-restaurador-multisuperficies-sunblue-sun-des.jpg\",\"width\":900,\"height\":900},{\"@type\":\"BreadcrumbList\",\"@id\":\"https:\/\/www.sunblue.pt\/home\/produto\/sun-des\/#breadcrumb\",\"itemListElement\":[{\"@type\":\"ListItem\",\"position\":1,\"name\":\"In\u00edcio\",\"item\":\"https:\/\/www.sunblue.pt\/home\/\"},{\"@type\":\"ListItem\",\"position\":2,\"name\":\"Loja\",\"item\":\"https:\/\/www.sunblue.pt\/home\/loja\/\"},{\"@type\":\"ListItem\",\"position\":3,\"name\":\"SUN DES\"}]},{\"@type\":\"WebSite\",\"@id\":\"https:\/\/www.sunblue.pt\/home\/#website\",\"url\":\"https:\/\/www.sunblue.pt\/home\/\",\"name\":\"Sunblue | Solvente Restaurador Multi-superf\u00edcies\",\"description\":\"SUNBLUE, produto de manuten\u00e7\u00e3o e limpeza multi superf\u00edcie para ambientes industriais, comerciais e dom\u00e9sticos. Produto solvente, n\u00e3o corrosivo, n\u00e3o t\u00f3xico, biodegrad\u00e1vel e ecologicamente inofensivo.\",\"potentialAction\":[{\"@type\":\"SearchAction\",\"target\":{\"@type\":\"EntryPoint\",\"urlTemplate\":\"https:\/\/www.sunblue.pt\/home\/?s={search_term_string}\"},\"query-input\":\"required name=search_term_string\"}],\"inLanguage\":\"pt-PT\"}]}<\/script>\n<!-- \/ Yoast SEO plugin. -->","yoast_head_json":{"title":"SUN DES - Sunblue | Solvente Restaurador Multi-superf\u00edcies","robots":{"index":"index","follow":"follow","max-snippet":"max-snippet:-1","max-image-preview":"max-image-preview:large","max-video-preview":"max-video-preview:-1"},"canonical":"https:\/\/www.sunblue.pt\/home\/produto\/sun-des\/","og_locale":"pt_PT","og_type":"article","og_title":"SUN DES - Sunblue | Solvente Restaurador Multi-superf\u00edcies","og_description":"Apresentada uma f\u00f3rmula especializada em desinfe\u00e7\u00e3o para superf\u00edcies por nebuliza\u00e7\u00e3o. Com uma composi\u00e7\u00e3o qu\u00edmica a base de: Acido Ac\u00e9tico Cas64-19-7, \u00e1cido Parac\u00e9tico Cas 79-21-0, Peroxido de Hidrog\u00e9nio em solu\u00e7\u00e3o cas 7722-84-1 Utilizado com vaporizadores manuais ou autom\u00e1ticos, em todas as superf\u00edcies que possa ser rociado com part\u00edculas aquosas.","og_url":"https:\/\/www.sunblue.pt\/home\/produto\/sun-des\/","og_site_name":"Sunblue | Solvente Restaurador Multi-superf\u00edcies","article_modified_time":"2022-05-22T17:44:52+00:00","og_image":[{"width":900,"height":900,"url":"https:\/\/www.sunblue.pt\/home\/wp-content\/uploads\/2020\/09\/acao-desinfetante-restaurador-multisuperficies-sunblue-sun-des.jpg","type":"image\/jpeg"}],"twitter_card":"summary_large_image","schema":{"@context":"https:\/\/schema.org","@graph":[{"@type":"WebPage","@id":"https:\/\/www.sunblue.pt\/home\/produto\/sun-des\/","url":"https:\/\/www.sunblue.pt\/home\/produto\/sun-des\/","name":"SUN DES - Sunblue | Solvente Restaurador Multi-superf\u00edcies","isPartOf":{"@id":"https:\/\/www.sunblue.pt\/home\/#website"},"primaryImageOfPage":{"@id":"https:\/\/www.sunblue.pt\/home\/produto\/sun-des\/#primaryimage"},"image":{"@id":"https:\/\/www.sunblue.pt\/home\/produto\/sun-des\/#primaryimage"},"thumbnailUrl":"https:\/\/www.sunblue.pt\/home\/wp-content\/uploads\/2020\/09\/acao-desinfetante-restaurador-multisuperficies-sunblue-sun-des.jpg","datePublished":"2020-09-14T15:56:29+00:00","dateModified":"2022-05-22T17:44:52+00:00","breadcrumb":{"@id":"https:\/\/www.sunblue.pt\/home\/produto\/sun-des\/#breadcrumb"},"inLanguage":"pt-PT","potentialAction":[{"@type":"ReadAction","target":["https:\/\/www.sunblue.pt\/home\/produto\/sun-des\/"]}]},{"@type":"ImageObject","inLanguage":"pt-PT","@id":"https:\/\/www.sunblue.pt\/home\/produto\/sun-des\/#primaryimage","url":"https:\/\/www.sunblue.pt\/home\/wp-content\/uploads\/2020\/09\/acao-desinfetante-restaurador-multisuperficies-sunblue-sun-des.jpg","contentUrl":"https:\/\/www.sunblue.pt\/home\/wp-content\/uploads\/2020\/09\/acao-desinfetante-restaurador-multisuperficies-sunblue-sun-des.jpg","width":900,"height":900},{"@type":"BreadcrumbList","@id":"https:\/\/www.sunblue.pt\/home\/produto\/sun-des\/#breadcrumb","itemListElement":[{"@type":"ListItem","position":1,"name":"In\u00edcio","item":"https:\/\/www.sunblue.pt\/home\/"},{"@type":"ListItem","position":2,"name":"Loja","item":"https:\/\/www.sunblue.pt\/home\/loja\/"},{"@type":"ListItem","position":3,"name":"SUN DES"}]},{"@type":"WebSite","@id":"https:\/\/www.sunblue.pt\/home\/#website","url":"https:\/\/www.sunblue.pt\/home\/","name":"Sunblue | Solvente Restaurador Multi-superf\u00edcies","description":"SUNBLUE, produto de manuten\u00e7\u00e3o e limpeza multi superf\u00edcie para ambientes industriais, comerciais e dom\u00e9sticos. Produto solvente, n\u00e3o corrosivo, n\u00e3o t\u00f3xico, biodegrad\u00e1vel e ecologicamente inofensivo.","potentialAction":[{"@type":"SearchAction","target":{"@type":"EntryPoint","urlTemplate":"https:\/\/www.sunblue.pt\/home\/?s={search_term_string}"},"query-input":"required name=search_term_string"}],"inLanguage":"pt-PT"}]}},"_links":{"self":[{"href":"https:\/\/www.sunblue.pt\/home\/wp-json\/wp\/v2\/product\/2664"}],"collection":[{"href":"https:\/\/www.sunblue.pt\/home\/wp-json\/wp\/v2\/product"}],"about":[{"href":"https:\/\/www.sunblue.pt\/home\/wp-json\/wp\/v2\/types\/product"}],"wp:featuredmedia":[{"embeddable":true,"href":"https:\/\/www.sunblue.pt\/home\/wp-json\/wp\/v2\/media\/2674"}],"wp:attachment":[{"href":"https:\/\/www.sunblue.pt\/home\/wp-json\/wp\/v2\/media?parent=2664"}],"wp:term":[{"taxonomy":"product_cat","embeddable":true,"href":"https:\/\/www.sunblue.pt\/home\/wp-json\/wp\/v2\/product_cat?post=2664"},{"taxonomy":"product_tag","embeddable":true,"href":"https:\/\/www.sunblue.pt\/home\/wp-json\/wp\/v2\/product_tag?post=2664"}],"curies":[{"name":"wp","href":"https:\/\/api.w.org\/{rel}","templated":true}]}}