{"id":2697,"date":"2022-05-22T17:54:06","date_gmt":"2022-05-22T17:54:06","guid":{"rendered":"https:\/\/www.sunblue.pt\/home\/?post_type=product&#038;p=2697"},"modified":"2022-05-26T11:23:49","modified_gmt":"2022-05-26T11:23:49","slug":"sunblue-n-ph-neutro-para-industria-textil","status":"publish","type":"product","link":"https:\/\/www.sunblue.pt\/home\/produto\/sunblue-n-ph-neutro-para-industria-textil\/","title":{"rendered":"SUNBLUE N+ pH Neutro para ind\u00fastria t\u00eaxtil"},"content":{"rendered":"<div class=\"wpb-content-wrapper\"><p>[vc_row][vc_column][vc_column_text]<strong>Produto para uso profissional na industrial t\u00eaxtil , para a remo\u00e7\u00e3o em especial de n\u00f3doas de \u00f3leo em tecidos, provocado durante a elabora\u00e7\u00e3o ou confec\u00e7\u00e3o dos mesmos. Conseguindo assim uma eficaz remo\u00e7\u00e3o, com a especial particularidade de n\u00e3o deixar aur\u00e9olas. Atrav\u00e9s, de uma rigorosa pesquisa e melhoramento do produto para que o mesmo seja amigo do Ambiente e ao mesmo tempo do utilizador u ou pessoas. Pois SUNBLUE N+ ph Neutro, pretende ser mais que tudo um produto ecol\u00f3gico e eficaz.<\/strong>[\/vc_column_text][\/vc_column][\/vc_row]<\/p>\n<\/div>","protected":false},"excerpt":{"rendered":"<p>[vc_row][vc_column][vc_column_text]Produto para uso profissional na industrial t\u00eaxtil , para a remo\u00e7\u00e3o em especial de n\u00f3doas de \u00f3leo em tecidos, provocado durante a elabora\u00e7\u00e3o ou confec\u00e7\u00e3o dos mesmos. Conseguindo assim uma eficaz remo\u00e7\u00e3o, com a especial particularidade de n\u00e3o deixar aur\u00e9olas. Atrav\u00e9s, de uma rigorosa pesquisa e melhoramento do produto para que o mesmo seja amigo [&hellip;]<\/p>\n","protected":false},"featured_media":2672,"template":"","meta":[],"product_cat":[57],"product_tag":[67,64,65,61,66,63,62],"class_list":{"0":"post-2697","1":"product","2":"type-product","3":"status-publish","4":"has-post-thumbnail","6":"product_cat-sunblue","7":"product_tag-desmanche","8":"product_tag-industrial","9":"product_tag-limpeza","10":"product_tag-nodoas","11":"product_tag-profissional","12":"product_tag-tecidos","13":"product_tag-textil","15":"first","16":"instock","17":"featured","18":"taxable","19":"shipping-taxable","20":"purchasable","21":"product-type-variable","22":"has-default-attributes"},"yoast_head":"<!-- This site is optimized with the Yoast SEO plugin v23.1 - https:\/\/yoast.com\/wordpress\/plugins\/seo\/ -->\n<title>SUNBLUE N+ pH Neutro para ind\u00fastria t\u00eaxtil - Sunblue | Solvente Restaurador Multi-superf\u00edcies<\/title>\n<meta name=\"robots\" content=\"index, follow, max-snippet:-1, max-image-preview:large, max-video-preview:-1\" \/>\n<link rel=\"canonical\" href=\"https:\/\/www.sunblue.pt\/home\/produto\/sunblue-n-ph-neutro-para-industria-textil\/\" \/>\n<meta property=\"og:locale\" content=\"pt_PT\" \/>\n<meta property=\"og:type\" content=\"article\" \/>\n<meta property=\"og:title\" content=\"SUNBLUE N+ pH Neutro para ind\u00fastria t\u00eaxtil - Sunblue | Solvente Restaurador Multi-superf\u00edcies\" \/>\n<meta property=\"og:description\" content=\"[vc_row][vc_column][vc_column_text]Produto para uso profissional na industrial t\u00eaxtil , para a remo\u00e7\u00e3o em especial de n\u00f3doas de \u00f3leo em tecidos, provocado durante a elabora\u00e7\u00e3o ou confec\u00e7\u00e3o dos mesmos. Conseguindo assim uma eficaz remo\u00e7\u00e3o, com a especial particularidade de n\u00e3o deixar aur\u00e9olas. Atrav\u00e9s, de uma rigorosa pesquisa e melhoramento do produto para que o mesmo seja amigo [&hellip;]\" \/>\n<meta property=\"og:url\" content=\"https:\/\/www.sunblue.pt\/home\/produto\/sunblue-n-ph-neutro-para-industria-textil\/\" \/>\n<meta property=\"og:site_name\" content=\"Sunblue | Solvente Restaurador Multi-superf\u00edcies\" \/>\n<meta property=\"article:modified_time\" content=\"2022-05-26T11:23:49+00:00\" \/>\n<meta property=\"og:image\" content=\"https:\/\/www.sunblue.pt\/home\/wp-content\/uploads\/2020\/09\/10-litros-alcool-desinfectante-sunblue.jpg\" \/>\n\t<meta property=\"og:image:width\" content=\"454\" \/>\n\t<meta property=\"og:image:height\" content=\"454\" \/>\n\t<meta property=\"og:image:type\" content=\"image\/jpeg\" \/>\n<meta name=\"twitter:card\" content=\"summary_large_image\" \/>\n<meta name=\"twitter:label1\" content=\"Tempo estimado de leitura\" \/>\n\t<meta name=\"twitter:data1\" content=\"1 minuto\" \/>\n<script type=\"application\/ld+json\" class=\"yoast-schema-graph\">{\"@context\":\"https:\/\/schema.org\",\"@graph\":[{\"@type\":\"WebPage\",\"@id\":\"https:\/\/www.sunblue.pt\/home\/produto\/sunblue-n-ph-neutro-para-industria-textil\/\",\"url\":\"https:\/\/www.sunblue.pt\/home\/produto\/sunblue-n-ph-neutro-para-industria-textil\/\",\"name\":\"SUNBLUE N+ pH Neutro para ind\u00fastria t\u00eaxtil - Sunblue | Solvente Restaurador Multi-superf\u00edcies\",\"isPartOf\":{\"@id\":\"https:\/\/www.sunblue.pt\/home\/#website\"},\"primaryImageOfPage\":{\"@id\":\"https:\/\/www.sunblue.pt\/home\/produto\/sunblue-n-ph-neutro-para-industria-textil\/#primaryimage\"},\"image\":{\"@id\":\"https:\/\/www.sunblue.pt\/home\/produto\/sunblue-n-ph-neutro-para-industria-textil\/#primaryimage\"},\"thumbnailUrl\":\"https:\/\/www.sunblue.pt\/home\/wp-content\/uploads\/2020\/09\/10-litros-alcool-desinfectante-sunblue.jpg\",\"datePublished\":\"2022-05-22T17:54:06+00:00\",\"dateModified\":\"2022-05-26T11:23:49+00:00\",\"breadcrumb\":{\"@id\":\"https:\/\/www.sunblue.pt\/home\/produto\/sunblue-n-ph-neutro-para-industria-textil\/#breadcrumb\"},\"inLanguage\":\"pt-PT\",\"potentialAction\":[{\"@type\":\"ReadAction\",\"target\":[\"https:\/\/www.sunblue.pt\/home\/produto\/sunblue-n-ph-neutro-para-industria-textil\/\"]}]},{\"@type\":\"ImageObject\",\"inLanguage\":\"pt-PT\",\"@id\":\"https:\/\/www.sunblue.pt\/home\/produto\/sunblue-n-ph-neutro-para-industria-textil\/#primaryimage\",\"url\":\"https:\/\/www.sunblue.pt\/home\/wp-content\/uploads\/2020\/09\/10-litros-alcool-desinfectante-sunblue.jpg\",\"contentUrl\":\"https:\/\/www.sunblue.pt\/home\/wp-content\/uploads\/2020\/09\/10-litros-alcool-desinfectante-sunblue.jpg\",\"width\":454,\"height\":454},{\"@type\":\"BreadcrumbList\",\"@id\":\"https:\/\/www.sunblue.pt\/home\/produto\/sunblue-n-ph-neutro-para-industria-textil\/#breadcrumb\",\"itemListElement\":[{\"@type\":\"ListItem\",\"position\":1,\"name\":\"In\u00edcio\",\"item\":\"https:\/\/www.sunblue.pt\/home\/\"},{\"@type\":\"ListItem\",\"position\":2,\"name\":\"Loja\",\"item\":\"https:\/\/www.sunblue.pt\/home\/loja\/\"},{\"@type\":\"ListItem\",\"position\":3,\"name\":\"SUNBLUE N+ pH Neutro para ind\u00fastria t\u00eaxtil\"}]},{\"@type\":\"WebSite\",\"@id\":\"https:\/\/www.sunblue.pt\/home\/#website\",\"url\":\"https:\/\/www.sunblue.pt\/home\/\",\"name\":\"Sunblue | Solvente Restaurador Multi-superf\u00edcies\",\"description\":\"SUNBLUE, produto de manuten\u00e7\u00e3o e limpeza multi superf\u00edcie para ambientes industriais, comerciais e dom\u00e9sticos. Produto solvente, n\u00e3o corrosivo, n\u00e3o t\u00f3xico, biodegrad\u00e1vel e ecologicamente inofensivo.\",\"potentialAction\":[{\"@type\":\"SearchAction\",\"target\":{\"@type\":\"EntryPoint\",\"urlTemplate\":\"https:\/\/www.sunblue.pt\/home\/?s={search_term_string}\"},\"query-input\":\"required name=search_term_string\"}],\"inLanguage\":\"pt-PT\"}]}<\/script>\n<!-- \/ Yoast SEO plugin. -->","yoast_head_json":{"title":"SUNBLUE N+ pH Neutro para ind\u00fastria t\u00eaxtil - Sunblue | Solvente Restaurador Multi-superf\u00edcies","robots":{"index":"index","follow":"follow","max-snippet":"max-snippet:-1","max-image-preview":"max-image-preview:large","max-video-preview":"max-video-preview:-1"},"canonical":"https:\/\/www.sunblue.pt\/home\/produto\/sunblue-n-ph-neutro-para-industria-textil\/","og_locale":"pt_PT","og_type":"article","og_title":"SUNBLUE N+ pH Neutro para ind\u00fastria t\u00eaxtil - Sunblue | Solvente Restaurador Multi-superf\u00edcies","og_description":"[vc_row][vc_column][vc_column_text]Produto para uso profissional na industrial t\u00eaxtil , para a remo\u00e7\u00e3o em especial de n\u00f3doas de \u00f3leo em tecidos, provocado durante a elabora\u00e7\u00e3o ou confec\u00e7\u00e3o dos mesmos. Conseguindo assim uma eficaz remo\u00e7\u00e3o, com a especial particularidade de n\u00e3o deixar aur\u00e9olas. Atrav\u00e9s, de uma rigorosa pesquisa e melhoramento do produto para que o mesmo seja amigo [&hellip;]","og_url":"https:\/\/www.sunblue.pt\/home\/produto\/sunblue-n-ph-neutro-para-industria-textil\/","og_site_name":"Sunblue | Solvente Restaurador Multi-superf\u00edcies","article_modified_time":"2022-05-26T11:23:49+00:00","og_image":[{"width":454,"height":454,"url":"https:\/\/www.sunblue.pt\/home\/wp-content\/uploads\/2020\/09\/10-litros-alcool-desinfectante-sunblue.jpg","type":"image\/jpeg"}],"twitter_card":"summary_large_image","twitter_misc":{"Tempo estimado de leitura":"1 minuto"},"schema":{"@context":"https:\/\/schema.org","@graph":[{"@type":"WebPage","@id":"https:\/\/www.sunblue.pt\/home\/produto\/sunblue-n-ph-neutro-para-industria-textil\/","url":"https:\/\/www.sunblue.pt\/home\/produto\/sunblue-n-ph-neutro-para-industria-textil\/","name":"SUNBLUE N+ pH Neutro para ind\u00fastria t\u00eaxtil - Sunblue | Solvente Restaurador Multi-superf\u00edcies","isPartOf":{"@id":"https:\/\/www.sunblue.pt\/home\/#website"},"primaryImageOfPage":{"@id":"https:\/\/www.sunblue.pt\/home\/produto\/sunblue-n-ph-neutro-para-industria-textil\/#primaryimage"},"image":{"@id":"https:\/\/www.sunblue.pt\/home\/produto\/sunblue-n-ph-neutro-para-industria-textil\/#primaryimage"},"thumbnailUrl":"https:\/\/www.sunblue.pt\/home\/wp-content\/uploads\/2020\/09\/10-litros-alcool-desinfectante-sunblue.jpg","datePublished":"2022-05-22T17:54:06+00:00","dateModified":"2022-05-26T11:23:49+00:00","breadcrumb":{"@id":"https:\/\/www.sunblue.pt\/home\/produto\/sunblue-n-ph-neutro-para-industria-textil\/#breadcrumb"},"inLanguage":"pt-PT","potentialAction":[{"@type":"ReadAction","target":["https:\/\/www.sunblue.pt\/home\/produto\/sunblue-n-ph-neutro-para-industria-textil\/"]}]},{"@type":"ImageObject","inLanguage":"pt-PT","@id":"https:\/\/www.sunblue.pt\/home\/produto\/sunblue-n-ph-neutro-para-industria-textil\/#primaryimage","url":"https:\/\/www.sunblue.pt\/home\/wp-content\/uploads\/2020\/09\/10-litros-alcool-desinfectante-sunblue.jpg","contentUrl":"https:\/\/www.sunblue.pt\/home\/wp-content\/uploads\/2020\/09\/10-litros-alcool-desinfectante-sunblue.jpg","width":454,"height":454},{"@type":"BreadcrumbList","@id":"https:\/\/www.sunblue.pt\/home\/produto\/sunblue-n-ph-neutro-para-industria-textil\/#breadcrumb","itemListElement":[{"@type":"ListItem","position":1,"name":"In\u00edcio","item":"https:\/\/www.sunblue.pt\/home\/"},{"@type":"ListItem","position":2,"name":"Loja","item":"https:\/\/www.sunblue.pt\/home\/loja\/"},{"@type":"ListItem","position":3,"name":"SUNBLUE N+ pH Neutro para ind\u00fastria t\u00eaxtil"}]},{"@type":"WebSite","@id":"https:\/\/www.sunblue.pt\/home\/#website","url":"https:\/\/www.sunblue.pt\/home\/","name":"Sunblue | Solvente Restaurador Multi-superf\u00edcies","description":"SUNBLUE, produto de manuten\u00e7\u00e3o e limpeza multi superf\u00edcie para ambientes industriais, comerciais e dom\u00e9sticos. Produto solvente, n\u00e3o corrosivo, n\u00e3o t\u00f3xico, biodegrad\u00e1vel e ecologicamente inofensivo.","potentialAction":[{"@type":"SearchAction","target":{"@type":"EntryPoint","urlTemplate":"https:\/\/www.sunblue.pt\/home\/?s={search_term_string}"},"query-input":"required name=search_term_string"}],"inLanguage":"pt-PT"}]}},"_links":{"self":[{"href":"https:\/\/www.sunblue.pt\/home\/wp-json\/wp\/v2\/product\/2697"}],"collection":[{"href":"https:\/\/www.sunblue.pt\/home\/wp-json\/wp\/v2\/product"}],"about":[{"href":"https:\/\/www.sunblue.pt\/home\/wp-json\/wp\/v2\/types\/product"}],"wp:featuredmedia":[{"embeddable":true,"href":"https:\/\/www.sunblue.pt\/home\/wp-json\/wp\/v2\/media\/2672"}],"wp:attachment":[{"href":"https:\/\/www.sunblue.pt\/home\/wp-json\/wp\/v2\/media?parent=2697"}],"wp:term":[{"taxonomy":"product_cat","embeddable":true,"href":"https:\/\/www.sunblue.pt\/home\/wp-json\/wp\/v2\/product_cat?post=2697"},{"taxonomy":"product_tag","embeddable":true,"href":"https:\/\/www.sunblue.pt\/home\/wp-json\/wp\/v2\/product_tag?post=2697"}],"curies":[{"name":"wp","href":"https:\/\/api.w.org\/{rel}","templated":true}]}}